{"id":3627,"date":"2025-11-17T09:36:27","date_gmt":"2025-11-17T08:36:27","guid":{"rendered":"https:\/\/nimia.me\/?post_type=product&#038;p=3627"},"modified":"2026-01-13T17:37:16","modified_gmt":"2026-01-13T16:37:16","slug":"boite-cadeau-audry","status":"publish","type":"product","link":"https:\/\/nimia.me\/fr\/shop\/accessoires-de-mode\/boite-cadeau-audry\/","title":{"rendered":"Bo\u00eete cadeau Audry"},"content":{"rendered":"<p class=\"font-claude-response-body whitespace-normal break-words\">Le <strong>coffret cadeau AUDRY<\/strong> comprend<\/p>\n<p class=\"font-claude-response-body whitespace-normal break-words\">Sac <strong>Audry : <\/strong>sac en toile de coton, spacieux et polyvalent, dot\u00e9 d&#8217;un large fond et de solides poign\u00e9es. Il est \u00e9quip\u00e9 d&#8217;une fermeture magn\u00e9tique et d&#8217;une poche int\u00e9rieure avec \u00e9tiquette d&#8217;information. Le design ton sur ton allie structure et praticit\u00e9.  <\/p>\n<p class=\"font-claude-response-body whitespace-normal break-words\"><strong>Pochette Audry :<\/strong> \u00e9l\u00e9gante pochette pouvant \u00e9galement servir de trousse de beaut\u00e9, avec fermeture \u00e9clair dor\u00e9e et d\u00e9tails en cuir. \u00c9quip\u00e9e d&#8217;une boucle lat\u00e9rale pour le lacet de poignet et d&#8217;une poche int\u00e9rieure. Enti\u00e8rement doubl\u00e9e en coton, dans un ton sur ton raffin\u00e9.  <\/p>\n<p class=\"font-claude-response-body whitespace-normal break-words\"><strong>Audry Btowel : <\/strong>grande serviette de qualit\u00e9 sup\u00e9rieure avec une double finition : coton \u00e9ponge doux et absorbant \u00e0 l&#8217;int\u00e9rieur, tissu de coton avec un \u00e9l\u00e9gant motif en nid d&#8217;abeille \u00e0 l&#8217;ext\u00e9rieur. Parfait pour un confort maximal. <\/p>\n","protected":false},"excerpt":{"rendered":"<p>Le coffret AUDRY est le cadeau id\u00e9al ! Il contient un sac, une pochette et une serviette en coton \u00e0 un prix sp\u00e9cial. <\/p>\n","protected":false},"featured_media":3815,"comment_status":"open","ping_status":"closed","template":"","meta":{"_acf_changed":false},"tipologia":[248,242,250],"product_brand":[],"product_cat":[194,208,370],"product_tag":[],"class_list":{"0":"post-3627","1":"product","2":"type-product","3":"status-publish","4":"has-post-thumbnail","6":"tipologia-clutch-pochette-beauty-case-fr","7":"tipologia-sac","8":"tipologia-serviette-de-plage","9":"product_cat-accessoires-de-mode","10":"product_cat-textile","11":"product_cat-prix-special","13":"first","14":"instock","15":"sale","16":"shipping-taxable","17":"purchasable","18":"product-type-variable"},"acf":[],"yoast_head":"<!-- This site is optimized with the Yoast SEO plugin v27.5 - https:\/\/yoast.com\/product\/yoast-seo-wordpress\/ -->\n<title>Bo\u00eete cadeau Audry | Clutch \/ Pochette \/ Beauty Case, Sac, Serviette de plage | Nimia<\/title>\n<meta name=\"description\" content=\"Scopri tutti i dettagli del prodotto.\" \/>\n<meta name=\"robots\" content=\"index, follow, max-snippet:-1, max-image-preview:large, max-video-preview:-1\" \/>\n<link rel=\"canonical\" href=\"https:\/\/nimia.me\/fr\/shop\/accessoires-de-mode\/boite-cadeau-audry\/\" \/>\n<meta property=\"og:locale\" content=\"fr_FR\" \/>\n<meta property=\"og:type\" content=\"article\" \/>\n<meta property=\"og:title\" content=\"Bo\u00eete cadeau Audry | Clutch \/ Pochette \/ Beauty Case, Sac, Serviette de plage | Nimia\" \/>\n<meta property=\"og:description\" content=\"Scopri tutti i dettagli del prodotto.\" \/>\n<meta property=\"og:url\" content=\"https:\/\/nimia.me\/fr\/shop\/accessoires-de-mode\/boite-cadeau-audry\/\" \/>\n<meta property=\"og:site_name\" content=\"Nimia\" \/>\n<meta property=\"article:modified_time\" content=\"2026-01-13T16:37:16+00:00\" \/>\n<meta property=\"og:image\" content=\"https:\/\/nimia.me\/wp-content\/uploads\/2025\/11\/AUDRY-BOX-SABBIA-new.jpg\" \/>\n\t<meta property=\"og:image:width\" content=\"1080\" \/>\n\t<meta property=\"og:image:height\" content=\"987\" \/>\n\t<meta property=\"og:image:type\" content=\"image\/jpeg\" \/>\n<meta name=\"twitter:card\" content=\"summary_large_image\" \/>\n<meta name=\"twitter:label1\" content=\"Dur\u00e9e de lecture estim\u00e9e\" \/>\n\t<meta name=\"twitter:data1\" content=\"1 minute\" \/>\n<!-- \/ Yoast SEO plugin. -->","yoast_head_json":{"title":"Bo\u00eete cadeau Audry | Clutch \/ Pochette \/ Beauty Case, Sac, Serviette de plage | Nimia","description":"Scopri tutti i dettagli del prodotto.","robots":{"index":"index","follow":"follow","max-snippet":"max-snippet:-1","max-image-preview":"max-image-preview:large","max-video-preview":"max-video-preview:-1"},"canonical":"https:\/\/nimia.me\/fr\/shop\/accessoires-de-mode\/boite-cadeau-audry\/","og_locale":"fr_FR","og_type":"article","og_title":"Bo\u00eete cadeau Audry | Clutch \/ Pochette \/ Beauty Case, Sac, Serviette de plage | Nimia","og_description":"Scopri tutti i dettagli del prodotto.","og_url":"https:\/\/nimia.me\/fr\/shop\/accessoires-de-mode\/boite-cadeau-audry\/","og_site_name":"Nimia","article_modified_time":"2026-01-13T16:37:16+00:00","og_image":[{"width":1080,"height":987,"url":"https:\/\/nimia.me\/wp-content\/uploads\/2025\/11\/AUDRY-BOX-SABBIA-new.jpg","type":"image\/jpeg"}],"twitter_card":"summary_large_image","twitter_misc":{"Dur\u00e9e de lecture estim\u00e9e":"1 minute"},"schema":{"@context":"https:\/\/schema.org","@graph":[{"@type":["WebPage","ItemPage"],"@id":"https:\/\/nimia.me\/fr\/shop\/accessoires-de-mode\/boite-cadeau-audry\/","url":"https:\/\/nimia.me\/fr\/shop\/accessoires-de-mode\/boite-cadeau-audry\/","name":"Bo\u00eete cadeau Audry | Clutch \/ Pochette \/ Beauty Case, Sac, Serviette de plage | Nimia","isPartOf":{"@id":"https:\/\/nimia.me\/fr\/#website"},"primaryImageOfPage":{"@id":"https:\/\/nimia.me\/fr\/shop\/accessoires-de-mode\/boite-cadeau-audry\/#primaryimage"},"image":{"@id":"https:\/\/nimia.me\/fr\/shop\/accessoires-de-mode\/boite-cadeau-audry\/#primaryimage"},"thumbnailUrl":"https:\/\/nimia.me\/wp-content\/uploads\/2025\/11\/AUDRY-BOX-SABBIA-new.jpg","datePublished":"2025-11-17T08:36:27+00:00","dateModified":"2026-01-13T16:37:16+00:00","description":"Scopri tutti i dettagli del prodotto.","breadcrumb":{"@id":"https:\/\/nimia.me\/fr\/shop\/accessoires-de-mode\/boite-cadeau-audry\/#breadcrumb"},"inLanguage":"fr-FR","potentialAction":[{"@type":"ReadAction","target":["https:\/\/nimia.me\/fr\/shop\/accessoires-de-mode\/boite-cadeau-audry\/"]}]},{"@type":"ImageObject","inLanguage":"fr-FR","@id":"https:\/\/nimia.me\/fr\/shop\/accessoires-de-mode\/boite-cadeau-audry\/#primaryimage","url":"https:\/\/nimia.me\/wp-content\/uploads\/2025\/11\/AUDRY-BOX-SABBIA-new.jpg","contentUrl":"https:\/\/nimia.me\/wp-content\/uploads\/2025\/11\/AUDRY-BOX-SABBIA-new.jpg","width":1080,"height":987},{"@type":"BreadcrumbList","@id":"https:\/\/nimia.me\/fr\/shop\/accessoires-de-mode\/boite-cadeau-audry\/#breadcrumb","itemListElement":[{"@type":"ListItem","position":1,"name":"Accueil","item":"https:\/\/nimia.me\/fr\/"},{"@type":"ListItem","position":2,"name":"Boutique","item":"https:\/\/nimia.me\/shop\/"},{"@type":"ListItem","position":3,"name":"Accessoires de mode","item":"https:\/\/nimia.me\/fr\/prodotti\/accessoires-de-mode\/"},{"@type":"ListItem","position":4,"name":"Bo\u00eete cadeau Audry"}]},{"@type":"WebSite","@id":"https:\/\/nimia.me\/fr\/#website","url":"https:\/\/nimia.me\/fr\/","name":"Nimia","description":"","publisher":{"@id":"https:\/\/nimia.me\/fr\/#organization"},"alternateName":"Nimia","potentialAction":[{"@type":"SearchAction","target":{"@type":"EntryPoint","urlTemplate":"https:\/\/nimia.me\/fr\/?s={search_term_string}"},"query-input":{"@type":"PropertyValueSpecification","valueRequired":true,"valueName":"search_term_string"}}],"inLanguage":"fr-FR"},{"@type":"Organization","@id":"https:\/\/nimia.me\/fr\/#organization","name":"Nimia","alternateName":"Nimia","url":"https:\/\/nimia.me\/fr\/","logo":{"@type":"ImageObject","inLanguage":"fr-FR","@id":"https:\/\/nimia.me\/fr\/#\/schema\/logo\/image\/","url":"https:\/\/nimia.me\/wp-content\/uploads\/2025\/07\/nimia-logo.webp","contentUrl":"https:\/\/nimia.me\/wp-content\/uploads\/2025\/07\/nimia-logo.webp","width":1297,"height":1297,"caption":"Nimia"},"image":{"@id":"https:\/\/nimia.me\/fr\/#\/schema\/logo\/image\/"},"sameAs":["https:\/\/www.instagram.com\/nimia.shop\/"]}]}},"_links":{"self":[{"href":"https:\/\/nimia.me\/fr\/wp-json\/wp\/v2\/product\/3627","targetHints":{"allow":["GET"]}}],"collection":[{"href":"https:\/\/nimia.me\/fr\/wp-json\/wp\/v2\/product"}],"about":[{"href":"https:\/\/nimia.me\/fr\/wp-json\/wp\/v2\/types\/product"}],"replies":[{"embeddable":true,"href":"https:\/\/nimia.me\/fr\/wp-json\/wp\/v2\/comments?post=3627"}],"wp:featuredmedia":[{"embeddable":true,"href":"https:\/\/nimia.me\/fr\/wp-json\/wp\/v2\/media\/3815"}],"wp:attachment":[{"href":"https:\/\/nimia.me\/fr\/wp-json\/wp\/v2\/media?parent=3627"}],"wp:term":[{"taxonomy":"tipologia","embeddable":true,"href":"https:\/\/nimia.me\/fr\/wp-json\/wp\/v2\/tipologia?post=3627"},{"taxonomy":"product_brand","embeddable":true,"href":"https:\/\/nimia.me\/fr\/wp-json\/wp\/v2\/product_brand?post=3627"},{"taxonomy":"product_cat","embeddable":true,"href":"https:\/\/nimia.me\/fr\/wp-json\/wp\/v2\/product_cat?post=3627"},{"taxonomy":"product_tag","embeddable":true,"href":"https:\/\/nimia.me\/fr\/wp-json\/wp\/v2\/product_tag?post=3627"}],"curies":[{"name":"wp","href":"https:\/\/api.w.org\/{rel}","templated":true}]}}