{"id":3582,"date":"2025-11-24T16:28:35","date_gmt":"2025-11-24T15:28:35","guid":{"rendered":"https:\/\/nimia.me\/shop\/non class\u00e9\/boucles-doreilles-golden-wires\/"},"modified":"2025-11-24T16:28:35","modified_gmt":"2025-11-24T15:28:35","slug":"boucles-doreilles-golden-wires","status":"publish","type":"product","link":"https:\/\/nimia.me\/fr\/shop\/bijoux\/boucles-doreilles-golden-wires\/","title":{"rendered":"Boucles d&#8217;oreilles Golden Wires"},"content":{"rendered":"<p>Boucles d&#8217;oreilles au design ultra \u00e9l\u00e9gant et sophistiqu\u00e9, r\u00e9alis\u00e9es en acier inoxydable avec une finition dor\u00e9e brillante. Compos\u00e9es de multiples cha\u00eenes serpent fines qui tombent de mani\u00e8re fluide et sinueuse, cr\u00e9ant un effet de cascade. La longueur importante conf\u00e8re de l&#8217;\u00e9l\u00e9gance et affine la silhouette avec une discr\u00e9tion raffin\u00e9e.  <\/p>\n","protected":false},"excerpt":{"rendered":"<p>Paire de boucles d&#8217;oreilles &#8216;Wires&#8217; en acier inoxydable plaqu\u00e9 or, longues de plusieurs cha\u00eenes.<\/p>\n","protected":false},"featured_media":2677,"comment_status":"open","ping_status":"closed","template":"","meta":{"_acf_changed":false},"tipologia":[364],"product_brand":[],"product_cat":[194,323],"product_tag":[],"class_list":{"0":"post-3582","1":"product","2":"type-product","3":"status-publish","4":"has-post-thumbnail","6":"tipologia-boucles-doreilles","7":"product_cat-accessoires-de-mode","8":"product_cat-bijoux","10":"first","11":"instock","12":"shipping-taxable","13":"purchasable","14":"product-type-simple"},"acf":[],"yoast_head":"<!-- This site is optimized with the Yoast SEO plugin v27.5 - https:\/\/yoast.com\/product\/yoast-seo-wordpress\/ -->\n<title>Boucles d&#039;oreilles Golden Wires | Boucles d&#039;oreilles | Nimia<\/title>\n<meta name=\"description\" content=\"Scopri tutti i dettagli del prodotto.\" \/>\n<meta name=\"robots\" content=\"index, follow, max-snippet:-1, max-image-preview:large, max-video-preview:-1\" \/>\n<link rel=\"canonical\" href=\"https:\/\/nimia.me\/fr\/shop\/bijoux\/boucles-doreilles-golden-wires\/\" \/>\n<meta property=\"og:locale\" content=\"fr_FR\" \/>\n<meta property=\"og:type\" content=\"article\" \/>\n<meta property=\"og:title\" content=\"Boucles d&#039;oreilles Golden Wires | Boucles d&#039;oreilles | Nimia\" \/>\n<meta property=\"og:description\" content=\"Scopri tutti i dettagli del prodotto.\" \/>\n<meta property=\"og:url\" content=\"https:\/\/nimia.me\/fr\/shop\/bijoux\/boucles-doreilles-golden-wires\/\" \/>\n<meta property=\"og:site_name\" content=\"Nimia\" \/>\n<meta property=\"og:image\" content=\"https:\/\/nimia.me\/wp-content\/uploads\/2025\/11\/ORECCHINI-LUNGHI-scaled.jpg\" \/>\n\t<meta property=\"og:image:width\" content=\"1969\" \/>\n\t<meta property=\"og:image:height\" content=\"2560\" \/>\n\t<meta property=\"og:image:type\" content=\"image\/jpeg\" \/>\n<meta name=\"twitter:card\" content=\"summary_large_image\" \/>\n<!-- \/ Yoast SEO plugin. -->","yoast_head_json":{"title":"Boucles d'oreilles Golden Wires | Boucles d'oreilles | Nimia","description":"Scopri tutti i dettagli del prodotto.","robots":{"index":"index","follow":"follow","max-snippet":"max-snippet:-1","max-image-preview":"max-image-preview:large","max-video-preview":"max-video-preview:-1"},"canonical":"https:\/\/nimia.me\/fr\/shop\/bijoux\/boucles-doreilles-golden-wires\/","og_locale":"fr_FR","og_type":"article","og_title":"Boucles d'oreilles Golden Wires | Boucles d'oreilles | Nimia","og_description":"Scopri tutti i dettagli del prodotto.","og_url":"https:\/\/nimia.me\/fr\/shop\/bijoux\/boucles-doreilles-golden-wires\/","og_site_name":"Nimia","og_image":[{"width":1969,"height":2560,"url":"https:\/\/nimia.me\/wp-content\/uploads\/2025\/11\/ORECCHINI-LUNGHI-scaled.jpg","type":"image\/jpeg"}],"twitter_card":"summary_large_image","schema":{"@context":"https:\/\/schema.org","@graph":[{"@type":["WebPage","ItemPage"],"@id":"https:\/\/nimia.me\/fr\/shop\/bijoux\/boucles-doreilles-golden-wires\/","url":"https:\/\/nimia.me\/fr\/shop\/bijoux\/boucles-doreilles-golden-wires\/","name":"Boucles d'oreilles Golden Wires | Boucles d'oreilles | Nimia","isPartOf":{"@id":"https:\/\/nimia.me\/fr\/#website"},"primaryImageOfPage":{"@id":"https:\/\/nimia.me\/fr\/shop\/bijoux\/boucles-doreilles-golden-wires\/#primaryimage"},"image":{"@id":"https:\/\/nimia.me\/fr\/shop\/bijoux\/boucles-doreilles-golden-wires\/#primaryimage"},"thumbnailUrl":"https:\/\/nimia.me\/wp-content\/uploads\/2025\/11\/ORECCHINI-LUNGHI-scaled.jpg","datePublished":"2025-11-24T15:28:35+00:00","description":"Scopri tutti i dettagli del prodotto.","breadcrumb":{"@id":"https:\/\/nimia.me\/fr\/shop\/bijoux\/boucles-doreilles-golden-wires\/#breadcrumb"},"inLanguage":"fr-FR","potentialAction":[{"@type":"ReadAction","target":["https:\/\/nimia.me\/fr\/shop\/bijoux\/boucles-doreilles-golden-wires\/"]}]},{"@type":"ImageObject","inLanguage":"fr-FR","@id":"https:\/\/nimia.me\/fr\/shop\/bijoux\/boucles-doreilles-golden-wires\/#primaryimage","url":"https:\/\/nimia.me\/wp-content\/uploads\/2025\/11\/ORECCHINI-LUNGHI-scaled.jpg","contentUrl":"https:\/\/nimia.me\/wp-content\/uploads\/2025\/11\/ORECCHINI-LUNGHI-scaled.jpg","width":1969,"height":2560},{"@type":"BreadcrumbList","@id":"https:\/\/nimia.me\/fr\/shop\/bijoux\/boucles-doreilles-golden-wires\/#breadcrumb","itemListElement":[{"@type":"ListItem","position":1,"name":"Accueil","item":"https:\/\/nimia.me\/fr\/"},{"@type":"ListItem","position":2,"name":"Boutique","item":"https:\/\/nimia.me\/shop\/"},{"@type":"ListItem","position":3,"name":"Boucles d&#8217;oreilles Golden Wires"}]},{"@type":"WebSite","@id":"https:\/\/nimia.me\/fr\/#website","url":"https:\/\/nimia.me\/fr\/","name":"Nimia","description":"","publisher":{"@id":"https:\/\/nimia.me\/fr\/#organization"},"alternateName":"Nimia","potentialAction":[{"@type":"SearchAction","target":{"@type":"EntryPoint","urlTemplate":"https:\/\/nimia.me\/fr\/?s={search_term_string}"},"query-input":{"@type":"PropertyValueSpecification","valueRequired":true,"valueName":"search_term_string"}}],"inLanguage":"fr-FR"},{"@type":"Organization","@id":"https:\/\/nimia.me\/fr\/#organization","name":"Nimia","alternateName":"Nimia","url":"https:\/\/nimia.me\/fr\/","logo":{"@type":"ImageObject","inLanguage":"fr-FR","@id":"https:\/\/nimia.me\/fr\/#\/schema\/logo\/image\/","url":"https:\/\/nimia.me\/wp-content\/uploads\/2025\/07\/nimia-logo.webp","contentUrl":"https:\/\/nimia.me\/wp-content\/uploads\/2025\/07\/nimia-logo.webp","width":1297,"height":1297,"caption":"Nimia"},"image":{"@id":"https:\/\/nimia.me\/fr\/#\/schema\/logo\/image\/"},"sameAs":["https:\/\/www.instagram.com\/nimia.shop\/"]}]}},"_links":{"self":[{"href":"https:\/\/nimia.me\/fr\/wp-json\/wp\/v2\/product\/3582","targetHints":{"allow":["GET"]}}],"collection":[{"href":"https:\/\/nimia.me\/fr\/wp-json\/wp\/v2\/product"}],"about":[{"href":"https:\/\/nimia.me\/fr\/wp-json\/wp\/v2\/types\/product"}],"replies":[{"embeddable":true,"href":"https:\/\/nimia.me\/fr\/wp-json\/wp\/v2\/comments?post=3582"}],"wp:featuredmedia":[{"embeddable":true,"href":"https:\/\/nimia.me\/fr\/wp-json\/wp\/v2\/media\/2677"}],"wp:attachment":[{"href":"https:\/\/nimia.me\/fr\/wp-json\/wp\/v2\/media?parent=3582"}],"wp:term":[{"taxonomy":"tipologia","embeddable":true,"href":"https:\/\/nimia.me\/fr\/wp-json\/wp\/v2\/tipologia?post=3582"},{"taxonomy":"product_brand","embeddable":true,"href":"https:\/\/nimia.me\/fr\/wp-json\/wp\/v2\/product_brand?post=3582"},{"taxonomy":"product_cat","embeddable":true,"href":"https:\/\/nimia.me\/fr\/wp-json\/wp\/v2\/product_cat?post=3582"},{"taxonomy":"product_tag","embeddable":true,"href":"https:\/\/nimia.me\/fr\/wp-json\/wp\/v2\/product_tag?post=3582"}],"curies":[{"name":"wp","href":"https:\/\/api.w.org\/{rel}","templated":true}]}}