{"id":3538,"date":"2025-11-24T16:28:48","date_gmt":"2025-11-24T15:28:48","guid":{"rendered":"https:\/\/nimia.me\/shop\/non class\u00e9\/collier-en-dentelle-dor\/"},"modified":"2025-11-24T16:28:48","modified_gmt":"2025-11-24T15:28:48","slug":"collier-en-dentelle-dor","status":"publish","type":"product","link":"https:\/\/nimia.me\/fr\/shop\/bijoux\/collier-en-dentelle-dor\/","title":{"rendered":"Collier en dentelle d&#8217;or"},"content":{"rendered":"<p>Un collier minimaliste et polyvalent au design essentiel, r\u00e9alis\u00e9 \u00e0 partir d&#8217;un seul fil de serpent en acier inoxydable avec une finition dor\u00e9e brillante. La structure ultra-mince et flexible du long fil permet d&#8217;innombrables possibilit\u00e9s de style : il peut \u00eatre port\u00e9 long, enroul\u00e9 plusieurs fois autour du cou, nou\u00e9 ou laiss\u00e9 tomber librement, cr\u00e9ant un look diff\u00e9rent \u00e0 chaque fois. <\/p>\n<p>Parfait pour celles qui aiment la simplicit\u00e9 sophistiqu\u00e9e et la polyvalence. Id\u00e9al \u00e0 porter seul pour un look minimal-chic ou \u00e0 superposer \u00e0 d&#8217;autres colliers pour un effet superpos\u00e9 contemporain. <\/p>\n","protected":false},"excerpt":{"rendered":"<p>Collier &#8220;dentelle&#8221; en acier plaqu\u00e9 or. Un long lacet \u00e0 porter en collier avec de nombreuses possibilit\u00e9s de style. <\/p>\n","protected":false},"featured_media":2522,"comment_status":"open","ping_status":"closed","template":"","meta":{"_acf_changed":false},"tipologia":[361],"product_brand":[],"product_cat":[194,323],"product_tag":[],"class_list":{"0":"post-3538","1":"product","2":"type-product","3":"status-publish","4":"has-post-thumbnail","6":"tipologia-collier","7":"product_cat-accessoires-de-mode","8":"product_cat-bijoux","10":"first","11":"instock","12":"shipping-taxable","13":"purchasable","14":"product-type-simple"},"acf":[],"yoast_head":"<!-- This site is optimized with the Yoast SEO plugin v27.5 - https:\/\/yoast.com\/product\/yoast-seo-wordpress\/ -->\n<title>Collier en dentelle d&#039;or | Collier | Nimia<\/title>\n<meta name=\"description\" content=\"Scopri tutti i dettagli del prodotto.\" \/>\n<meta name=\"robots\" content=\"index, follow, max-snippet:-1, max-image-preview:large, max-video-preview:-1\" \/>\n<link rel=\"canonical\" href=\"https:\/\/nimia.me\/fr\/shop\/bijoux\/collier-en-dentelle-dor\/\" \/>\n<meta property=\"og:locale\" content=\"fr_FR\" \/>\n<meta property=\"og:type\" content=\"article\" \/>\n<meta property=\"og:title\" content=\"Collier en dentelle d&#039;or | Collier | Nimia\" \/>\n<meta property=\"og:description\" content=\"Scopri tutti i dettagli del prodotto.\" \/>\n<meta property=\"og:url\" content=\"https:\/\/nimia.me\/fr\/shop\/bijoux\/collier-en-dentelle-dor\/\" \/>\n<meta property=\"og:site_name\" content=\"Nimia\" \/>\n<meta property=\"og:image\" content=\"https:\/\/nimia.me\/wp-content\/uploads\/2025\/10\/collana-laccio-modella.jpeg\" \/>\n\t<meta property=\"og:image:width\" content=\"896\" \/>\n\t<meta property=\"og:image:height\" content=\"1152\" \/>\n\t<meta property=\"og:image:type\" content=\"image\/jpeg\" \/>\n<meta name=\"twitter:card\" content=\"summary_large_image\" \/>\n<!-- \/ Yoast SEO plugin. -->","yoast_head_json":{"title":"Collier en dentelle d'or | Collier | Nimia","description":"Scopri tutti i dettagli del prodotto.","robots":{"index":"index","follow":"follow","max-snippet":"max-snippet:-1","max-image-preview":"max-image-preview:large","max-video-preview":"max-video-preview:-1"},"canonical":"https:\/\/nimia.me\/fr\/shop\/bijoux\/collier-en-dentelle-dor\/","og_locale":"fr_FR","og_type":"article","og_title":"Collier en dentelle d'or | Collier | Nimia","og_description":"Scopri tutti i dettagli del prodotto.","og_url":"https:\/\/nimia.me\/fr\/shop\/bijoux\/collier-en-dentelle-dor\/","og_site_name":"Nimia","og_image":[{"width":896,"height":1152,"url":"https:\/\/nimia.me\/wp-content\/uploads\/2025\/10\/collana-laccio-modella.jpeg","type":"image\/jpeg"}],"twitter_card":"summary_large_image","schema":{"@context":"https:\/\/schema.org","@graph":[{"@type":["WebPage","ItemPage"],"@id":"https:\/\/nimia.me\/fr\/shop\/bijoux\/collier-en-dentelle-dor\/","url":"https:\/\/nimia.me\/fr\/shop\/bijoux\/collier-en-dentelle-dor\/","name":"Collier en dentelle d'or | Collier | Nimia","isPartOf":{"@id":"https:\/\/nimia.me\/fr\/#website"},"primaryImageOfPage":{"@id":"https:\/\/nimia.me\/fr\/shop\/bijoux\/collier-en-dentelle-dor\/#primaryimage"},"image":{"@id":"https:\/\/nimia.me\/fr\/shop\/bijoux\/collier-en-dentelle-dor\/#primaryimage"},"thumbnailUrl":"https:\/\/nimia.me\/wp-content\/uploads\/2025\/10\/collana-laccio-modella.jpeg","datePublished":"2025-11-24T15:28:48+00:00","description":"Scopri tutti i dettagli del prodotto.","breadcrumb":{"@id":"https:\/\/nimia.me\/fr\/shop\/bijoux\/collier-en-dentelle-dor\/#breadcrumb"},"inLanguage":"fr-FR","potentialAction":[{"@type":"ReadAction","target":["https:\/\/nimia.me\/fr\/shop\/bijoux\/collier-en-dentelle-dor\/"]}]},{"@type":"ImageObject","inLanguage":"fr-FR","@id":"https:\/\/nimia.me\/fr\/shop\/bijoux\/collier-en-dentelle-dor\/#primaryimage","url":"https:\/\/nimia.me\/wp-content\/uploads\/2025\/10\/collana-laccio-modella.jpeg","contentUrl":"https:\/\/nimia.me\/wp-content\/uploads\/2025\/10\/collana-laccio-modella.jpeg","width":896,"height":1152},{"@type":"BreadcrumbList","@id":"https:\/\/nimia.me\/fr\/shop\/bijoux\/collier-en-dentelle-dor\/#breadcrumb","itemListElement":[{"@type":"ListItem","position":1,"name":"Accueil","item":"https:\/\/nimia.me\/fr\/"},{"@type":"ListItem","position":2,"name":"Boutique","item":"https:\/\/nimia.me\/shop\/"},{"@type":"ListItem","position":3,"name":"Collier en dentelle d&#8217;or"}]},{"@type":"WebSite","@id":"https:\/\/nimia.me\/fr\/#website","url":"https:\/\/nimia.me\/fr\/","name":"Nimia","description":"","publisher":{"@id":"https:\/\/nimia.me\/fr\/#organization"},"alternateName":"Nimia","potentialAction":[{"@type":"SearchAction","target":{"@type":"EntryPoint","urlTemplate":"https:\/\/nimia.me\/fr\/?s={search_term_string}"},"query-input":{"@type":"PropertyValueSpecification","valueRequired":true,"valueName":"search_term_string"}}],"inLanguage":"fr-FR"},{"@type":"Organization","@id":"https:\/\/nimia.me\/fr\/#organization","name":"Nimia","alternateName":"Nimia","url":"https:\/\/nimia.me\/fr\/","logo":{"@type":"ImageObject","inLanguage":"fr-FR","@id":"https:\/\/nimia.me\/fr\/#\/schema\/logo\/image\/","url":"https:\/\/nimia.me\/wp-content\/uploads\/2025\/07\/nimia-logo.webp","contentUrl":"https:\/\/nimia.me\/wp-content\/uploads\/2025\/07\/nimia-logo.webp","width":1297,"height":1297,"caption":"Nimia"},"image":{"@id":"https:\/\/nimia.me\/fr\/#\/schema\/logo\/image\/"},"sameAs":["https:\/\/www.instagram.com\/nimia.shop\/"]}]}},"_links":{"self":[{"href":"https:\/\/nimia.me\/fr\/wp-json\/wp\/v2\/product\/3538","targetHints":{"allow":["GET"]}}],"collection":[{"href":"https:\/\/nimia.me\/fr\/wp-json\/wp\/v2\/product"}],"about":[{"href":"https:\/\/nimia.me\/fr\/wp-json\/wp\/v2\/types\/product"}],"replies":[{"embeddable":true,"href":"https:\/\/nimia.me\/fr\/wp-json\/wp\/v2\/comments?post=3538"}],"wp:featuredmedia":[{"embeddable":true,"href":"https:\/\/nimia.me\/fr\/wp-json\/wp\/v2\/media\/2522"}],"wp:attachment":[{"href":"https:\/\/nimia.me\/fr\/wp-json\/wp\/v2\/media?parent=3538"}],"wp:term":[{"taxonomy":"tipologia","embeddable":true,"href":"https:\/\/nimia.me\/fr\/wp-json\/wp\/v2\/tipologia?post=3538"},{"taxonomy":"product_brand","embeddable":true,"href":"https:\/\/nimia.me\/fr\/wp-json\/wp\/v2\/product_brand?post=3538"},{"taxonomy":"product_cat","embeddable":true,"href":"https:\/\/nimia.me\/fr\/wp-json\/wp\/v2\/product_cat?post=3538"},{"taxonomy":"product_tag","embeddable":true,"href":"https:\/\/nimia.me\/fr\/wp-json\/wp\/v2\/product_tag?post=3538"}],"curies":[{"name":"wp","href":"https:\/\/api.w.org\/{rel}","templated":true}]}}