{"id":3536,"date":"2025-11-24T16:28:49","date_gmt":"2025-11-24T15:28:49","guid":{"rendered":"https:\/\/nimia.me\/shop\/non class\u00e9\/bracelet-nacre-dore\/"},"modified":"2025-11-24T16:28:49","modified_gmt":"2025-11-24T15:28:49","slug":"bracelet-nacre-dore","status":"publish","type":"product","link":"https:\/\/nimia.me\/fr\/shop\/bijoux\/bracelet-nacre-dore\/","title":{"rendered":"Bracelet nacr\u00e9 dor\u00e9"},"content":{"rendered":"<p>Bracelet rigide au design \u00e9l\u00e9gant et contemporain, r\u00e9alis\u00e9 en acier inoxydable avec une finition dor\u00e9e satin\u00e9e. Au centre, une pierre de nacre naturelle ovale aux d\u00e9licates nuances iris\u00e9es se d\u00e9tache. La structure ouverte et r\u00e9glable s&#8217;adapte confortablement au poignet.  <\/p>\n<p>Parfait pour celles qui recherchent un bijou raffin\u00e9 et lumineux. Portez-la \u00e9galement sur un pull moulant. <\/p>\n","protected":false},"excerpt":{"rendered":"<p>Bracelet &#8220;Pearly&#8221; en acier inoxydable et pierre naturelle nacr\u00e9e. Taille ajustable.<\/p>\n","protected":false},"featured_media":2507,"comment_status":"open","ping_status":"closed","template":"","meta":{"_acf_changed":false},"tipologia":[324],"product_brand":[],"product_cat":[194,323],"product_tag":[],"class_list":{"0":"post-3536","1":"product","2":"type-product","3":"status-publish","4":"has-post-thumbnail","6":"tipologia-bracelet","7":"product_cat-accessoires-de-mode","8":"product_cat-bijoux","10":"first","11":"instock","12":"shipping-taxable","13":"purchasable","14":"product-type-simple"},"acf":[],"yoast_head":"<!-- This site is optimized with the Yoast SEO plugin v27.5 - https:\/\/yoast.com\/product\/yoast-seo-wordpress\/ -->\n<title>Bracelet nacr\u00e9 dor\u00e9 | Bracelet | Nimia<\/title>\n<meta name=\"description\" content=\"Scopri tutti i dettagli del prodotto.\" \/>\n<meta name=\"robots\" content=\"index, follow, max-snippet:-1, max-image-preview:large, max-video-preview:-1\" \/>\n<link rel=\"canonical\" href=\"https:\/\/nimia.me\/fr\/shop\/bijoux\/bracelet-nacre-dore\/\" \/>\n<meta property=\"og:locale\" content=\"fr_FR\" \/>\n<meta property=\"og:type\" content=\"article\" \/>\n<meta property=\"og:title\" content=\"Bracelet nacr\u00e9 dor\u00e9 | Bracelet | Nimia\" \/>\n<meta property=\"og:description\" content=\"Scopri tutti i dettagli del prodotto.\" \/>\n<meta property=\"og:url\" content=\"https:\/\/nimia.me\/fr\/shop\/bijoux\/bracelet-nacre-dore\/\" \/>\n<meta property=\"og:site_name\" content=\"Nimia\" \/>\n<meta property=\"og:image\" content=\"https:\/\/nimia.me\/wp-content\/uploads\/2025\/10\/BRACCIALE-MADREPERLA-indossato.jpeg\" \/>\n\t<meta property=\"og:image:width\" content=\"855\" \/>\n\t<meta property=\"og:image:height\" content=\"1024\" \/>\n\t<meta property=\"og:image:type\" content=\"image\/jpeg\" \/>\n<meta name=\"twitter:card\" content=\"summary_large_image\" \/>\n<!-- \/ Yoast SEO plugin. -->","yoast_head_json":{"title":"Bracelet nacr\u00e9 dor\u00e9 | Bracelet | Nimia","description":"Scopri tutti i dettagli del prodotto.","robots":{"index":"index","follow":"follow","max-snippet":"max-snippet:-1","max-image-preview":"max-image-preview:large","max-video-preview":"max-video-preview:-1"},"canonical":"https:\/\/nimia.me\/fr\/shop\/bijoux\/bracelet-nacre-dore\/","og_locale":"fr_FR","og_type":"article","og_title":"Bracelet nacr\u00e9 dor\u00e9 | Bracelet | Nimia","og_description":"Scopri tutti i dettagli del prodotto.","og_url":"https:\/\/nimia.me\/fr\/shop\/bijoux\/bracelet-nacre-dore\/","og_site_name":"Nimia","og_image":[{"width":855,"height":1024,"url":"https:\/\/nimia.me\/wp-content\/uploads\/2025\/10\/BRACCIALE-MADREPERLA-indossato.jpeg","type":"image\/jpeg"}],"twitter_card":"summary_large_image","schema":{"@context":"https:\/\/schema.org","@graph":[{"@type":["WebPage","ItemPage"],"@id":"https:\/\/nimia.me\/fr\/shop\/bijoux\/bracelet-nacre-dore\/","url":"https:\/\/nimia.me\/fr\/shop\/bijoux\/bracelet-nacre-dore\/","name":"Bracelet nacr\u00e9 dor\u00e9 | Bracelet | Nimia","isPartOf":{"@id":"https:\/\/nimia.me\/fr\/#website"},"primaryImageOfPage":{"@id":"https:\/\/nimia.me\/fr\/shop\/bijoux\/bracelet-nacre-dore\/#primaryimage"},"image":{"@id":"https:\/\/nimia.me\/fr\/shop\/bijoux\/bracelet-nacre-dore\/#primaryimage"},"thumbnailUrl":"https:\/\/nimia.me\/wp-content\/uploads\/2025\/10\/BRACCIALE-MADREPERLA-indossato.jpeg","datePublished":"2025-11-24T15:28:49+00:00","description":"Scopri tutti i dettagli del prodotto.","breadcrumb":{"@id":"https:\/\/nimia.me\/fr\/shop\/bijoux\/bracelet-nacre-dore\/#breadcrumb"},"inLanguage":"fr-FR","potentialAction":[{"@type":"ReadAction","target":["https:\/\/nimia.me\/fr\/shop\/bijoux\/bracelet-nacre-dore\/"]}]},{"@type":"ImageObject","inLanguage":"fr-FR","@id":"https:\/\/nimia.me\/fr\/shop\/bijoux\/bracelet-nacre-dore\/#primaryimage","url":"https:\/\/nimia.me\/wp-content\/uploads\/2025\/10\/BRACCIALE-MADREPERLA-indossato.jpeg","contentUrl":"https:\/\/nimia.me\/wp-content\/uploads\/2025\/10\/BRACCIALE-MADREPERLA-indossato.jpeg","width":855,"height":1024},{"@type":"BreadcrumbList","@id":"https:\/\/nimia.me\/fr\/shop\/bijoux\/bracelet-nacre-dore\/#breadcrumb","itemListElement":[{"@type":"ListItem","position":1,"name":"Accueil","item":"https:\/\/nimia.me\/fr\/"},{"@type":"ListItem","position":2,"name":"Boutique","item":"https:\/\/nimia.me\/shop\/"},{"@type":"ListItem","position":3,"name":"Bracelet nacr\u00e9 dor\u00e9"}]},{"@type":"WebSite","@id":"https:\/\/nimia.me\/fr\/#website","url":"https:\/\/nimia.me\/fr\/","name":"Nimia","description":"","publisher":{"@id":"https:\/\/nimia.me\/fr\/#organization"},"alternateName":"Nimia","potentialAction":[{"@type":"SearchAction","target":{"@type":"EntryPoint","urlTemplate":"https:\/\/nimia.me\/fr\/?s={search_term_string}"},"query-input":{"@type":"PropertyValueSpecification","valueRequired":true,"valueName":"search_term_string"}}],"inLanguage":"fr-FR"},{"@type":"Organization","@id":"https:\/\/nimia.me\/fr\/#organization","name":"Nimia","alternateName":"Nimia","url":"https:\/\/nimia.me\/fr\/","logo":{"@type":"ImageObject","inLanguage":"fr-FR","@id":"https:\/\/nimia.me\/fr\/#\/schema\/logo\/image\/","url":"https:\/\/nimia.me\/wp-content\/uploads\/2025\/07\/nimia-logo.webp","contentUrl":"https:\/\/nimia.me\/wp-content\/uploads\/2025\/07\/nimia-logo.webp","width":1297,"height":1297,"caption":"Nimia"},"image":{"@id":"https:\/\/nimia.me\/fr\/#\/schema\/logo\/image\/"},"sameAs":["https:\/\/www.instagram.com\/nimia.shop\/"]}]}},"_links":{"self":[{"href":"https:\/\/nimia.me\/fr\/wp-json\/wp\/v2\/product\/3536","targetHints":{"allow":["GET"]}}],"collection":[{"href":"https:\/\/nimia.me\/fr\/wp-json\/wp\/v2\/product"}],"about":[{"href":"https:\/\/nimia.me\/fr\/wp-json\/wp\/v2\/types\/product"}],"replies":[{"embeddable":true,"href":"https:\/\/nimia.me\/fr\/wp-json\/wp\/v2\/comments?post=3536"}],"wp:featuredmedia":[{"embeddable":true,"href":"https:\/\/nimia.me\/fr\/wp-json\/wp\/v2\/media\/2507"}],"wp:attachment":[{"href":"https:\/\/nimia.me\/fr\/wp-json\/wp\/v2\/media?parent=3536"}],"wp:term":[{"taxonomy":"tipologia","embeddable":true,"href":"https:\/\/nimia.me\/fr\/wp-json\/wp\/v2\/tipologia?post=3536"},{"taxonomy":"product_brand","embeddable":true,"href":"https:\/\/nimia.me\/fr\/wp-json\/wp\/v2\/product_brand?post=3536"},{"taxonomy":"product_cat","embeddable":true,"href":"https:\/\/nimia.me\/fr\/wp-json\/wp\/v2\/product_cat?post=3536"},{"taxonomy":"product_tag","embeddable":true,"href":"https:\/\/nimia.me\/fr\/wp-json\/wp\/v2\/product_tag?post=3536"}],"curies":[{"name":"wp","href":"https:\/\/api.w.org\/{rel}","templated":true}]}}