{"id":3518,"date":"2025-11-24T16:28:54","date_gmt":"2025-11-24T15:28:54","guid":{"rendered":"https:\/\/nimia.me\/shop\/non class\u00e9\/bague-en-strass-golden-donut\/"},"modified":"2025-12-19T09:40:49","modified_gmt":"2025-12-19T08:40:49","slug":"bague-en-strass-golden-donut","status":"publish","type":"product","link":"https:\/\/nimia.me\/fr\/shop\/bijoux\/bague-en-strass-golden-donut\/","title":{"rendered":"Bague en strass Golden Donut"},"content":{"rendered":"<p>Une bague au design glamour et sophistiqu\u00e9, en forme de beignet enti\u00e8rement recouvert de zircons cubiques dor\u00e9s \u00e9tincelants. Le pav\u00e9 de cristaux cr\u00e9e un effet lumineux et pr\u00e9cieux, tandis que le trou central conf\u00e8re de la l\u00e9g\u00e8ret\u00e9 \u00e0 l&#8217;importante structure. R\u00e9alis\u00e9e en acier inoxydable avec une finition dor\u00e9e, elle allie brillance et r\u00e9sistance.  <\/p>\n","protected":false},"excerpt":{"rendered":"<p>Bague Donut Strass&#8217; en acier inoxydable plaqu\u00e9 or et zircon cubique : l\u00e9g\u00e8re et hypoallerg\u00e9nique. Taille ajustable.<\/p>\n","protected":false},"featured_media":2371,"comment_status":"open","ping_status":"closed","template":"","meta":{"_acf_changed":false},"tipologia":[356],"product_brand":[],"product_cat":[194,323],"product_tag":[],"class_list":{"0":"post-3518","1":"product","2":"type-product","3":"status-publish","4":"has-post-thumbnail","6":"tipologia-anneau","7":"product_cat-accessoires-de-mode","8":"product_cat-bijoux","10":"first","11":"instock","12":"shipping-taxable","13":"purchasable","14":"product-type-simple"},"acf":[],"yoast_head":"<!-- This site is optimized with the Yoast SEO plugin v27.5 - https:\/\/yoast.com\/product\/yoast-seo-wordpress\/ -->\n<title>Bague en strass Golden Donut | Anneau | Nimia<\/title>\n<meta name=\"description\" content=\"Scopri tutti i dettagli del prodotto.\" \/>\n<meta name=\"robots\" content=\"index, follow, max-snippet:-1, max-image-preview:large, max-video-preview:-1\" \/>\n<link rel=\"canonical\" href=\"https:\/\/nimia.me\/fr\/shop\/bijoux\/bague-en-strass-golden-donut\/\" \/>\n<meta property=\"og:locale\" content=\"fr_FR\" \/>\n<meta property=\"og:type\" content=\"article\" \/>\n<meta property=\"og:title\" content=\"Bague en strass Golden Donut | Anneau | Nimia\" \/>\n<meta property=\"og:description\" content=\"Scopri tutti i dettagli del prodotto.\" \/>\n<meta property=\"og:url\" content=\"https:\/\/nimia.me\/fr\/shop\/bijoux\/bague-en-strass-golden-donut\/\" \/>\n<meta property=\"og:site_name\" content=\"Nimia\" \/>\n<meta property=\"article:modified_time\" content=\"2025-12-19T08:40:49+00:00\" \/>\n<meta property=\"og:image\" content=\"https:\/\/nimia.me\/wp-content\/uploads\/2025\/10\/ANELLO-DONUT-ZIRCONI-2.jpeg\" \/>\n\t<meta property=\"og:image:width\" content=\"1206\" \/>\n\t<meta property=\"og:image:height\" content=\"1539\" \/>\n\t<meta property=\"og:image:type\" content=\"image\/jpeg\" \/>\n<meta name=\"twitter:card\" content=\"summary_large_image\" \/>\n<!-- \/ Yoast SEO plugin. -->","yoast_head_json":{"title":"Bague en strass Golden Donut | Anneau | Nimia","description":"Scopri tutti i dettagli del prodotto.","robots":{"index":"index","follow":"follow","max-snippet":"max-snippet:-1","max-image-preview":"max-image-preview:large","max-video-preview":"max-video-preview:-1"},"canonical":"https:\/\/nimia.me\/fr\/shop\/bijoux\/bague-en-strass-golden-donut\/","og_locale":"fr_FR","og_type":"article","og_title":"Bague en strass Golden Donut | Anneau | Nimia","og_description":"Scopri tutti i dettagli del prodotto.","og_url":"https:\/\/nimia.me\/fr\/shop\/bijoux\/bague-en-strass-golden-donut\/","og_site_name":"Nimia","article_modified_time":"2025-12-19T08:40:49+00:00","og_image":[{"width":1206,"height":1539,"url":"https:\/\/nimia.me\/wp-content\/uploads\/2025\/10\/ANELLO-DONUT-ZIRCONI-2.jpeg","type":"image\/jpeg"}],"twitter_card":"summary_large_image","schema":{"@context":"https:\/\/schema.org","@graph":[{"@type":["WebPage","ItemPage"],"@id":"https:\/\/nimia.me\/fr\/shop\/bijoux\/bague-en-strass-golden-donut\/","url":"https:\/\/nimia.me\/fr\/shop\/bijoux\/bague-en-strass-golden-donut\/","name":"Bague en strass Golden Donut | Anneau | Nimia","isPartOf":{"@id":"https:\/\/nimia.me\/fr\/#website"},"primaryImageOfPage":{"@id":"https:\/\/nimia.me\/fr\/shop\/bijoux\/bague-en-strass-golden-donut\/#primaryimage"},"image":{"@id":"https:\/\/nimia.me\/fr\/shop\/bijoux\/bague-en-strass-golden-donut\/#primaryimage"},"thumbnailUrl":"https:\/\/nimia.me\/wp-content\/uploads\/2025\/10\/ANELLO-DONUT-ZIRCONI-2.jpeg","datePublished":"2025-11-24T15:28:54+00:00","dateModified":"2025-12-19T08:40:49+00:00","description":"Scopri tutti i dettagli del prodotto.","breadcrumb":{"@id":"https:\/\/nimia.me\/fr\/shop\/bijoux\/bague-en-strass-golden-donut\/#breadcrumb"},"inLanguage":"fr-FR","potentialAction":[{"@type":"ReadAction","target":["https:\/\/nimia.me\/fr\/shop\/bijoux\/bague-en-strass-golden-donut\/"]}]},{"@type":"ImageObject","inLanguage":"fr-FR","@id":"https:\/\/nimia.me\/fr\/shop\/bijoux\/bague-en-strass-golden-donut\/#primaryimage","url":"https:\/\/nimia.me\/wp-content\/uploads\/2025\/10\/ANELLO-DONUT-ZIRCONI-2.jpeg","contentUrl":"https:\/\/nimia.me\/wp-content\/uploads\/2025\/10\/ANELLO-DONUT-ZIRCONI-2.jpeg","width":1206,"height":1539},{"@type":"BreadcrumbList","@id":"https:\/\/nimia.me\/fr\/shop\/bijoux\/bague-en-strass-golden-donut\/#breadcrumb","itemListElement":[{"@type":"ListItem","position":1,"name":"Accueil","item":"https:\/\/nimia.me\/fr\/"},{"@type":"ListItem","position":2,"name":"Boutique","item":"https:\/\/nimia.me\/shop\/"},{"@type":"ListItem","position":3,"name":"Bague en strass Golden Donut"}]},{"@type":"WebSite","@id":"https:\/\/nimia.me\/fr\/#website","url":"https:\/\/nimia.me\/fr\/","name":"Nimia","description":"","publisher":{"@id":"https:\/\/nimia.me\/fr\/#organization"},"alternateName":"Nimia","potentialAction":[{"@type":"SearchAction","target":{"@type":"EntryPoint","urlTemplate":"https:\/\/nimia.me\/fr\/?s={search_term_string}"},"query-input":{"@type":"PropertyValueSpecification","valueRequired":true,"valueName":"search_term_string"}}],"inLanguage":"fr-FR"},{"@type":"Organization","@id":"https:\/\/nimia.me\/fr\/#organization","name":"Nimia","alternateName":"Nimia","url":"https:\/\/nimia.me\/fr\/","logo":{"@type":"ImageObject","inLanguage":"fr-FR","@id":"https:\/\/nimia.me\/fr\/#\/schema\/logo\/image\/","url":"https:\/\/nimia.me\/wp-content\/uploads\/2025\/07\/nimia-logo.webp","contentUrl":"https:\/\/nimia.me\/wp-content\/uploads\/2025\/07\/nimia-logo.webp","width":1297,"height":1297,"caption":"Nimia"},"image":{"@id":"https:\/\/nimia.me\/fr\/#\/schema\/logo\/image\/"},"sameAs":["https:\/\/www.instagram.com\/nimia.shop\/"]}]}},"_links":{"self":[{"href":"https:\/\/nimia.me\/fr\/wp-json\/wp\/v2\/product\/3518","targetHints":{"allow":["GET"]}}],"collection":[{"href":"https:\/\/nimia.me\/fr\/wp-json\/wp\/v2\/product"}],"about":[{"href":"https:\/\/nimia.me\/fr\/wp-json\/wp\/v2\/types\/product"}],"replies":[{"embeddable":true,"href":"https:\/\/nimia.me\/fr\/wp-json\/wp\/v2\/comments?post=3518"}],"wp:featuredmedia":[{"embeddable":true,"href":"https:\/\/nimia.me\/fr\/wp-json\/wp\/v2\/media\/2371"}],"wp:attachment":[{"href":"https:\/\/nimia.me\/fr\/wp-json\/wp\/v2\/media?parent=3518"}],"wp:term":[{"taxonomy":"tipologia","embeddable":true,"href":"https:\/\/nimia.me\/fr\/wp-json\/wp\/v2\/tipologia?post=3518"},{"taxonomy":"product_brand","embeddable":true,"href":"https:\/\/nimia.me\/fr\/wp-json\/wp\/v2\/product_brand?post=3518"},{"taxonomy":"product_cat","embeddable":true,"href":"https:\/\/nimia.me\/fr\/wp-json\/wp\/v2\/product_cat?post=3518"},{"taxonomy":"product_tag","embeddable":true,"href":"https:\/\/nimia.me\/fr\/wp-json\/wp\/v2\/product_tag?post=3518"}],"curies":[{"name":"wp","href":"https:\/\/api.w.org\/{rel}","templated":true}]}}