{"id":2740,"date":"2025-11-24T16:28:31","date_gmt":"2025-11-24T15:28:31","guid":{"rendered":"https:\/\/nimia.me\/?post_type=product&#038;p=2740"},"modified":"2026-01-07T11:14:00","modified_gmt":"2026-01-07T10:14:00","slug":"couverture-en-flun-copia-copia-2","status":"publish","type":"product","link":"https:\/\/nimia.me\/fr\/shop\/textile\/couverture-en-flun-copia-copia-2\/","title":{"rendered":"Mohair \u00e0 carreaux irlandais"},"content":{"rendered":"<p><em>S\u00e9lectionn\u00e9 par NIMIA<\/em><\/p>\n<p>D\u00e9couvrez l&#8217;extraordinaire douceur de ce plaid raffin\u00e9, o\u00f9 r\u00e8gne l&#8217;harmonie des couleurs.<\/p>\n<p>Pr\u00e9cieux m\u00e9lange : compos\u00e9 de 70% de mohair et de 30% de pure laine vierge, ce plaid repr\u00e9sente l&#8217;\u00e9quilibre parfait entre luxe et fonctionnalit\u00e9.<\/p>\n<p>La fibre noble mohair apporte une douceur exceptionnelle et un \u00e9clat soyeux incomparable, tandis que la laine vierge apporte chaleur et durabilit\u00e9.<\/p>\n","protected":false},"excerpt":{"rendered":"<p>Couverture chaude en laine mohair irlandaise. Excellente conception et ex\u00e9cution.<\/p>\n","protected":false},"featured_media":2745,"comment_status":"open","ping_status":"closed","template":"","meta":{"_acf_changed":false},"tipologia":[266],"product_brand":[],"product_cat":[208],"product_tag":[],"class_list":{"0":"post-2740","1":"product","2":"type-product","3":"status-publish","4":"has-post-thumbnail","6":"tipologia-plaid-fr","7":"product_cat-textile","9":"first","10":"instock","11":"sale","12":"shipping-taxable","13":"purchasable","14":"product-type-variable"},"acf":[],"yoast_head":"<!-- This site is optimized with the Yoast SEO plugin v27.5 - https:\/\/yoast.com\/product\/yoast-seo-wordpress\/ -->\n<title>Mohair \u00e0 carreaux irlandais | Plaid | Nimia<\/title>\n<meta name=\"description\" content=\"Scopri tutti i dettagli del prodotto.\" \/>\n<meta name=\"robots\" content=\"index, follow, max-snippet:-1, max-image-preview:large, max-video-preview:-1\" \/>\n<link rel=\"canonical\" href=\"https:\/\/nimia.me\/fr\/shop\/textile\/couverture-en-flun-copia-copia-2\/\" \/>\n<meta property=\"og:locale\" content=\"fr_FR\" \/>\n<meta property=\"og:type\" content=\"article\" \/>\n<meta property=\"og:title\" content=\"Mohair \u00e0 carreaux irlandais | Plaid | Nimia\" \/>\n<meta property=\"og:description\" content=\"Scopri tutti i dettagli del prodotto.\" \/>\n<meta property=\"og:url\" content=\"https:\/\/nimia.me\/fr\/shop\/textile\/couverture-en-flun-copia-copia-2\/\" \/>\n<meta property=\"og:site_name\" content=\"Nimia\" \/>\n<meta property=\"article:modified_time\" content=\"2026-01-07T10:14:00+00:00\" \/>\n<meta property=\"og:image\" content=\"https:\/\/nimia.me\/wp-content\/uploads\/2025\/11\/pastel-stripe-mohair.jpg\" \/>\n\t<meta property=\"og:image:width\" content=\"607\" \/>\n\t<meta property=\"og:image:height\" content=\"780\" \/>\n\t<meta property=\"og:image:type\" content=\"image\/jpeg\" \/>\n<meta name=\"twitter:card\" content=\"summary_large_image\" \/>\n<!-- \/ Yoast SEO plugin. -->","yoast_head_json":{"title":"Mohair \u00e0 carreaux irlandais | Plaid | Nimia","description":"Scopri tutti i dettagli del prodotto.","robots":{"index":"index","follow":"follow","max-snippet":"max-snippet:-1","max-image-preview":"max-image-preview:large","max-video-preview":"max-video-preview:-1"},"canonical":"https:\/\/nimia.me\/fr\/shop\/textile\/couverture-en-flun-copia-copia-2\/","og_locale":"fr_FR","og_type":"article","og_title":"Mohair \u00e0 carreaux irlandais | Plaid | Nimia","og_description":"Scopri tutti i dettagli del prodotto.","og_url":"https:\/\/nimia.me\/fr\/shop\/textile\/couverture-en-flun-copia-copia-2\/","og_site_name":"Nimia","article_modified_time":"2026-01-07T10:14:00+00:00","og_image":[{"width":607,"height":780,"url":"https:\/\/nimia.me\/wp-content\/uploads\/2025\/11\/pastel-stripe-mohair.jpg","type":"image\/jpeg"}],"twitter_card":"summary_large_image","schema":{"@context":"https:\/\/schema.org","@graph":[{"@type":["WebPage","ItemPage"],"@id":"https:\/\/nimia.me\/fr\/shop\/textile\/couverture-en-flun-copia-copia-2\/","url":"https:\/\/nimia.me\/fr\/shop\/textile\/couverture-en-flun-copia-copia-2\/","name":"Mohair \u00e0 carreaux irlandais | Plaid | Nimia","isPartOf":{"@id":"https:\/\/nimia.me\/fr\/#website"},"primaryImageOfPage":{"@id":"https:\/\/nimia.me\/fr\/shop\/textile\/couverture-en-flun-copia-copia-2\/#primaryimage"},"image":{"@id":"https:\/\/nimia.me\/fr\/shop\/textile\/couverture-en-flun-copia-copia-2\/#primaryimage"},"thumbnailUrl":"https:\/\/nimia.me\/wp-content\/uploads\/2025\/11\/pastel-stripe-mohair.jpg","datePublished":"2025-11-24T15:28:31+00:00","dateModified":"2026-01-07T10:14:00+00:00","description":"Scopri tutti i dettagli del prodotto.","breadcrumb":{"@id":"https:\/\/nimia.me\/fr\/shop\/textile\/couverture-en-flun-copia-copia-2\/#breadcrumb"},"inLanguage":"fr-FR","potentialAction":[{"@type":"ReadAction","target":["https:\/\/nimia.me\/fr\/shop\/textile\/couverture-en-flun-copia-copia-2\/"]}]},{"@type":"ImageObject","inLanguage":"fr-FR","@id":"https:\/\/nimia.me\/fr\/shop\/textile\/couverture-en-flun-copia-copia-2\/#primaryimage","url":"https:\/\/nimia.me\/wp-content\/uploads\/2025\/11\/pastel-stripe-mohair.jpg","contentUrl":"https:\/\/nimia.me\/wp-content\/uploads\/2025\/11\/pastel-stripe-mohair.jpg","width":607,"height":780},{"@type":"BreadcrumbList","@id":"https:\/\/nimia.me\/fr\/shop\/textile\/couverture-en-flun-copia-copia-2\/#breadcrumb","itemListElement":[{"@type":"ListItem","position":1,"name":"Accueil","item":"https:\/\/nimia.me\/fr\/"},{"@type":"ListItem","position":2,"name":"Boutique","item":"https:\/\/nimia.me\/shop\/"},{"@type":"ListItem","position":3,"name":"Textile","item":"https:\/\/nimia.me\/fr\/prodotti\/textile\/"},{"@type":"ListItem","position":4,"name":"Mohair \u00e0 carreaux irlandais"}]},{"@type":"WebSite","@id":"https:\/\/nimia.me\/fr\/#website","url":"https:\/\/nimia.me\/fr\/","name":"Nimia","description":"","publisher":{"@id":"https:\/\/nimia.me\/fr\/#organization"},"alternateName":"Nimia","potentialAction":[{"@type":"SearchAction","target":{"@type":"EntryPoint","urlTemplate":"https:\/\/nimia.me\/fr\/?s={search_term_string}"},"query-input":{"@type":"PropertyValueSpecification","valueRequired":true,"valueName":"search_term_string"}}],"inLanguage":"fr-FR"},{"@type":"Organization","@id":"https:\/\/nimia.me\/fr\/#organization","name":"Nimia","alternateName":"Nimia","url":"https:\/\/nimia.me\/fr\/","logo":{"@type":"ImageObject","inLanguage":"fr-FR","@id":"https:\/\/nimia.me\/fr\/#\/schema\/logo\/image\/","url":"https:\/\/nimia.me\/wp-content\/uploads\/2025\/07\/nimia-logo.webp","contentUrl":"https:\/\/nimia.me\/wp-content\/uploads\/2025\/07\/nimia-logo.webp","width":1297,"height":1297,"caption":"Nimia"},"image":{"@id":"https:\/\/nimia.me\/fr\/#\/schema\/logo\/image\/"},"sameAs":["https:\/\/www.instagram.com\/nimia.shop\/"]}]}},"_links":{"self":[{"href":"https:\/\/nimia.me\/fr\/wp-json\/wp\/v2\/product\/2740","targetHints":{"allow":["GET"]}}],"collection":[{"href":"https:\/\/nimia.me\/fr\/wp-json\/wp\/v2\/product"}],"about":[{"href":"https:\/\/nimia.me\/fr\/wp-json\/wp\/v2\/types\/product"}],"replies":[{"embeddable":true,"href":"https:\/\/nimia.me\/fr\/wp-json\/wp\/v2\/comments?post=2740"}],"wp:featuredmedia":[{"embeddable":true,"href":"https:\/\/nimia.me\/fr\/wp-json\/wp\/v2\/media\/2745"}],"wp:attachment":[{"href":"https:\/\/nimia.me\/fr\/wp-json\/wp\/v2\/media?parent=2740"}],"wp:term":[{"taxonomy":"tipologia","embeddable":true,"href":"https:\/\/nimia.me\/fr\/wp-json\/wp\/v2\/tipologia?post=2740"},{"taxonomy":"product_brand","embeddable":true,"href":"https:\/\/nimia.me\/fr\/wp-json\/wp\/v2\/product_brand?post=2740"},{"taxonomy":"product_cat","embeddable":true,"href":"https:\/\/nimia.me\/fr\/wp-json\/wp\/v2\/product_cat?post=2740"},{"taxonomy":"product_tag","embeddable":true,"href":"https:\/\/nimia.me\/fr\/wp-json\/wp\/v2\/product_tag?post=2740"}],"curies":[{"name":"wp","href":"https:\/\/api.w.org\/{rel}","templated":true}]}}