{"id":1799,"date":"2025-07-09T18:22:35","date_gmt":"2025-07-09T16:22:35","guid":{"rendered":"https:\/\/nimia.me\/shop\/non%20class\u00e9\/mon-t-s\/"},"modified":"2025-11-24T16:11:39","modified_gmt":"2025-11-24T15:11:39","slug":"mon-t-s","status":"publish","type":"product","link":"https:\/\/nimia.me\/fr\/shop\/non-categorise\/mon-t-s\/","title":{"rendered":"Mon T-S"},"content":{"rendered":"<p><span data-sheets-root=\"1\">Mod\u00e8le surdimensionn\u00e9 fabriqu\u00e9 en coton biologique avec le souci du d\u00e9tail :  <\/span><\/p>\n<p><span data-sheets-root=\"1\">Col fictif en c\u00f4tes 1&#215;1, \u00e9paules tombantes, coutures double aiguille sur les manches et le col. S\u00e9rigraphie. <\/span><\/p>\n","protected":false},"excerpt":{"rendered":"<p><span data-sheets-root=\"1\">Le t-shirt oversize doux et structur\u00e9. A utiliser pour un look d\u00e9contract\u00e9 mais sophistiqu\u00e9 gr\u00e2ce \u00e0 la qualit\u00e9 du fil et \u00e0 l&#8217;attention port\u00e9e aux d\u00e9tails. Design essentiel.  <\/span><\/p>\n","protected":false},"featured_media":1508,"comment_status":"open","ping_status":"closed","template":"","meta":{"_acf_changed":false},"tipologia":[264],"product_brand":[],"product_cat":[208,190],"product_tag":[],"class_list":{"0":"post-1799","1":"product","2":"type-product","3":"status-publish","4":"has-post-thumbnail","6":"tipologia-t-shirt-fr","7":"product_cat-textile","8":"product_cat-non-categorise","10":"first","11":"instock","12":"shipping-taxable","13":"purchasable","14":"product-type-variable"},"acf":[],"yoast_head":"<!-- This site is optimized with the Yoast SEO plugin v27.5 - https:\/\/yoast.com\/product\/yoast-seo-wordpress\/ -->\n<title>Mon T-S | T-shirt | Nimia<\/title>\n<meta name=\"description\" content=\"Scopri tutti i dettagli del prodotto.\" \/>\n<meta name=\"robots\" content=\"index, follow, max-snippet:-1, max-image-preview:large, max-video-preview:-1\" \/>\n<link rel=\"canonical\" href=\"https:\/\/nimia.me\/fr\/shop\/non-categorise\/mon-t-s\/\" \/>\n<meta property=\"og:locale\" content=\"fr_FR\" \/>\n<meta property=\"og:type\" content=\"article\" \/>\n<meta property=\"og:title\" content=\"Mon T-S | T-shirt | Nimia\" \/>\n<meta property=\"og:description\" content=\"Scopri tutti i dettagli del prodotto.\" \/>\n<meta property=\"og:url\" content=\"https:\/\/nimia.me\/fr\/shop\/non-categorise\/mon-t-s\/\" \/>\n<meta property=\"og:site_name\" content=\"Nimia\" \/>\n<meta property=\"article:modified_time\" content=\"2025-11-24T15:11:39+00:00\" \/>\n<meta property=\"og:image\" content=\"https:\/\/nimia.me\/wp-content\/uploads\/2025\/07\/Acquisizione-senza-titolo1478.jpg\" \/>\n\t<meta property=\"og:image:width\" content=\"933\" \/>\n\t<meta property=\"og:image:height\" content=\"1400\" \/>\n\t<meta property=\"og:image:type\" content=\"image\/jpeg\" \/>\n<meta name=\"twitter:card\" content=\"summary_large_image\" \/>\n<!-- \/ Yoast SEO plugin. -->","yoast_head_json":{"title":"Mon T-S | T-shirt | Nimia","description":"Scopri tutti i dettagli del prodotto.","robots":{"index":"index","follow":"follow","max-snippet":"max-snippet:-1","max-image-preview":"max-image-preview:large","max-video-preview":"max-video-preview:-1"},"canonical":"https:\/\/nimia.me\/fr\/shop\/non-categorise\/mon-t-s\/","og_locale":"fr_FR","og_type":"article","og_title":"Mon T-S | T-shirt | Nimia","og_description":"Scopri tutti i dettagli del prodotto.","og_url":"https:\/\/nimia.me\/fr\/shop\/non-categorise\/mon-t-s\/","og_site_name":"Nimia","article_modified_time":"2025-11-24T15:11:39+00:00","og_image":[{"width":933,"height":1400,"url":"https:\/\/nimia.me\/wp-content\/uploads\/2025\/07\/Acquisizione-senza-titolo1478.jpg","type":"image\/jpeg"}],"twitter_card":"summary_large_image","schema":{"@context":"https:\/\/schema.org","@graph":[{"@type":["WebPage","ItemPage"],"@id":"https:\/\/nimia.me\/fr\/shop\/non-categorise\/mon-t-s\/","url":"https:\/\/nimia.me\/fr\/shop\/non-categorise\/mon-t-s\/","name":"Mon T-S | T-shirt | Nimia","isPartOf":{"@id":"https:\/\/nimia.me\/fr\/#website"},"primaryImageOfPage":{"@id":"https:\/\/nimia.me\/fr\/shop\/non-categorise\/mon-t-s\/#primaryimage"},"image":{"@id":"https:\/\/nimia.me\/fr\/shop\/non-categorise\/mon-t-s\/#primaryimage"},"thumbnailUrl":"https:\/\/nimia.me\/wp-content\/uploads\/2025\/07\/Acquisizione-senza-titolo1478.jpg","datePublished":"2025-07-09T16:22:35+00:00","dateModified":"2025-11-24T15:11:39+00:00","description":"Scopri tutti i dettagli del prodotto.","breadcrumb":{"@id":"https:\/\/nimia.me\/fr\/shop\/non-categorise\/mon-t-s\/#breadcrumb"},"inLanguage":"fr-FR","potentialAction":[{"@type":"ReadAction","target":["https:\/\/nimia.me\/fr\/shop\/non-categorise\/mon-t-s\/"]}]},{"@type":"ImageObject","inLanguage":"fr-FR","@id":"https:\/\/nimia.me\/fr\/shop\/non-categorise\/mon-t-s\/#primaryimage","url":"https:\/\/nimia.me\/wp-content\/uploads\/2025\/07\/Acquisizione-senza-titolo1478.jpg","contentUrl":"https:\/\/nimia.me\/wp-content\/uploads\/2025\/07\/Acquisizione-senza-titolo1478.jpg","width":933,"height":1400,"caption":"T-shirt oversize doux et structur\u00e9, grand sac en coton canva"},{"@type":"BreadcrumbList","@id":"https:\/\/nimia.me\/fr\/shop\/non-categorise\/mon-t-s\/#breadcrumb","itemListElement":[{"@type":"ListItem","position":1,"name":"Accueil","item":"https:\/\/nimia.me\/fr\/"},{"@type":"ListItem","position":2,"name":"Boutique","item":"https:\/\/nimia.me\/shop\/"},{"@type":"ListItem","position":3,"name":"Non cat\u00e9goris\u00e9","item":"https:\/\/nimia.me\/fr\/prodotti\/non-categorise\/"},{"@type":"ListItem","position":4,"name":"Mon T-S"}]},{"@type":"WebSite","@id":"https:\/\/nimia.me\/fr\/#website","url":"https:\/\/nimia.me\/fr\/","name":"Nimia","description":"","publisher":{"@id":"https:\/\/nimia.me\/fr\/#organization"},"alternateName":"Nimia","potentialAction":[{"@type":"SearchAction","target":{"@type":"EntryPoint","urlTemplate":"https:\/\/nimia.me\/fr\/?s={search_term_string}"},"query-input":{"@type":"PropertyValueSpecification","valueRequired":true,"valueName":"search_term_string"}}],"inLanguage":"fr-FR"},{"@type":"Organization","@id":"https:\/\/nimia.me\/fr\/#organization","name":"Nimia","alternateName":"Nimia","url":"https:\/\/nimia.me\/fr\/","logo":{"@type":"ImageObject","inLanguage":"fr-FR","@id":"https:\/\/nimia.me\/fr\/#\/schema\/logo\/image\/","url":"https:\/\/nimia.me\/wp-content\/uploads\/2025\/07\/nimia-logo.webp","contentUrl":"https:\/\/nimia.me\/wp-content\/uploads\/2025\/07\/nimia-logo.webp","width":1297,"height":1297,"caption":"Nimia"},"image":{"@id":"https:\/\/nimia.me\/fr\/#\/schema\/logo\/image\/"},"sameAs":["https:\/\/www.instagram.com\/nimia.shop\/"]}]}},"_links":{"self":[{"href":"https:\/\/nimia.me\/fr\/wp-json\/wp\/v2\/product\/1799","targetHints":{"allow":["GET"]}}],"collection":[{"href":"https:\/\/nimia.me\/fr\/wp-json\/wp\/v2\/product"}],"about":[{"href":"https:\/\/nimia.me\/fr\/wp-json\/wp\/v2\/types\/product"}],"replies":[{"embeddable":true,"href":"https:\/\/nimia.me\/fr\/wp-json\/wp\/v2\/comments?post=1799"}],"wp:featuredmedia":[{"embeddable":true,"href":"https:\/\/nimia.me\/fr\/wp-json\/wp\/v2\/media\/1508"}],"wp:attachment":[{"href":"https:\/\/nimia.me\/fr\/wp-json\/wp\/v2\/media?parent=1799"}],"wp:term":[{"taxonomy":"tipologia","embeddable":true,"href":"https:\/\/nimia.me\/fr\/wp-json\/wp\/v2\/tipologia?post=1799"},{"taxonomy":"product_brand","embeddable":true,"href":"https:\/\/nimia.me\/fr\/wp-json\/wp\/v2\/product_brand?post=1799"},{"taxonomy":"product_cat","embeddable":true,"href":"https:\/\/nimia.me\/fr\/wp-json\/wp\/v2\/product_cat?post=1799"},{"taxonomy":"product_tag","embeddable":true,"href":"https:\/\/nimia.me\/fr\/wp-json\/wp\/v2\/product_tag?post=1799"}],"curies":[{"name":"wp","href":"https:\/\/api.w.org\/{rel}","templated":true}]}}