{"id":1745,"date":"2025-07-09T17:42:28","date_gmt":"2025-07-09T15:42:28","guid":{"rendered":"https:\/\/nimia.me\/shop\/non%20class\u00e9\/audry-btowel\/"},"modified":"2026-01-13T17:45:51","modified_gmt":"2026-01-13T16:45:51","slug":"audry-btowel","status":"publish","type":"product","link":"https:\/\/nimia.me\/fr\/shop\/textile\/audry-btowel\/","title":{"rendered":"Audry BTowel"},"content":{"rendered":"<p>Grande serviette de plage en coton avec une double finition de haute qualit\u00e9. La face int\u00e9rieure de cette serviette de plage est en \u00e9ponge de coton pour un s\u00e9chage rapide et une absorption maximale, tandis que la face ext\u00e9rieure en toile de coton r\u00e9sistante, d\u00e9cor\u00e9e d&#8217;un motif en nid d&#8217;abeille, est id\u00e9ale pour prendre un bain de soleil en tout confort. Serviette de plage douce et fonctionnelle, parfaite pour vos vacances d&#8217;\u00e9t\u00e9  <\/p>\n","protected":false},"excerpt":{"rendered":"<p><span data-sheets-root=\"1\">Grande serviette de plage en coton \u00e9ponge \u00e0 franges. Double finition pour une meilleure absorption.   <\/span><\/p>\n","protected":false},"featured_media":1922,"comment_status":"open","ping_status":"closed","template":"","meta":{"_acf_changed":false},"tipologia":[250],"product_brand":[],"product_cat":[208],"product_tag":[],"class_list":{"0":"post-1745","1":"product","2":"type-product","3":"status-publish","4":"has-post-thumbnail","6":"tipologia-serviette-de-plage","7":"product_cat-textile","9":"first","10":"instock","11":"shipping-taxable","12":"purchasable","13":"product-type-variable"},"acf":[],"yoast_head":"<!-- This site is optimized with the Yoast SEO plugin v27.5 - https:\/\/yoast.com\/product\/yoast-seo-wordpress\/ -->\n<title>Audry BTowel | Serviette de plage | Nimia<\/title>\n<meta name=\"description\" content=\"Scopri tutti i dettagli del prodotto.\" \/>\n<meta name=\"robots\" content=\"index, follow, max-snippet:-1, max-image-preview:large, max-video-preview:-1\" \/>\n<link rel=\"canonical\" href=\"https:\/\/nimia.me\/fr\/shop\/textile\/audry-btowel\/\" \/>\n<meta property=\"og:locale\" content=\"fr_FR\" \/>\n<meta property=\"og:type\" content=\"article\" \/>\n<meta property=\"og:title\" content=\"Audry BTowel | Serviette de plage | Nimia\" \/>\n<meta property=\"og:description\" content=\"Scopri tutti i dettagli del prodotto.\" \/>\n<meta property=\"og:url\" content=\"https:\/\/nimia.me\/fr\/shop\/textile\/audry-btowel\/\" \/>\n<meta property=\"og:site_name\" content=\"Nimia\" \/>\n<meta property=\"article:modified_time\" content=\"2026-01-13T16:45:51+00:00\" \/>\n<meta property=\"og:image\" content=\"https:\/\/nimia.me\/wp-content\/uploads\/2025\/08\/Acquisizione-senza-titolo0120-scaled.jpeg\" \/>\n\t<meta property=\"og:image:width\" content=\"1706\" \/>\n\t<meta property=\"og:image:height\" content=\"2560\" \/>\n\t<meta property=\"og:image:type\" content=\"image\/jpeg\" \/>\n<meta name=\"twitter:card\" content=\"summary_large_image\" \/>\n<!-- \/ Yoast SEO plugin. -->","yoast_head_json":{"title":"Audry BTowel | Serviette de plage | Nimia","description":"Scopri tutti i dettagli del prodotto.","robots":{"index":"index","follow":"follow","max-snippet":"max-snippet:-1","max-image-preview":"max-image-preview:large","max-video-preview":"max-video-preview:-1"},"canonical":"https:\/\/nimia.me\/fr\/shop\/textile\/audry-btowel\/","og_locale":"fr_FR","og_type":"article","og_title":"Audry BTowel | Serviette de plage | Nimia","og_description":"Scopri tutti i dettagli del prodotto.","og_url":"https:\/\/nimia.me\/fr\/shop\/textile\/audry-btowel\/","og_site_name":"Nimia","article_modified_time":"2026-01-13T16:45:51+00:00","og_image":[{"width":1706,"height":2560,"url":"https:\/\/nimia.me\/wp-content\/uploads\/2025\/08\/Acquisizione-senza-titolo0120-scaled.jpeg","type":"image\/jpeg"}],"twitter_card":"summary_large_image","schema":{"@context":"https:\/\/schema.org","@graph":[{"@type":["WebPage","ItemPage"],"@id":"https:\/\/nimia.me\/fr\/shop\/textile\/audry-btowel\/","url":"https:\/\/nimia.me\/fr\/shop\/textile\/audry-btowel\/","name":"Audry BTowel | Serviette de plage | Nimia","isPartOf":{"@id":"https:\/\/nimia.me\/fr\/#website"},"primaryImageOfPage":{"@id":"https:\/\/nimia.me\/fr\/shop\/textile\/audry-btowel\/#primaryimage"},"image":{"@id":"https:\/\/nimia.me\/fr\/shop\/textile\/audry-btowel\/#primaryimage"},"thumbnailUrl":"https:\/\/nimia.me\/wp-content\/uploads\/2025\/08\/Acquisizione-senza-titolo0120-scaled.jpeg","datePublished":"2025-07-09T15:42:28+00:00","dateModified":"2026-01-13T16:45:51+00:00","description":"Scopri tutti i dettagli del prodotto.","breadcrumb":{"@id":"https:\/\/nimia.me\/fr\/shop\/textile\/audry-btowel\/#breadcrumb"},"inLanguage":"fr-FR","potentialAction":[{"@type":"ReadAction","target":["https:\/\/nimia.me\/fr\/shop\/textile\/audry-btowel\/"]}]},{"@type":"ImageObject","inLanguage":"fr-FR","@id":"https:\/\/nimia.me\/fr\/shop\/textile\/audry-btowel\/#primaryimage","url":"https:\/\/nimia.me\/wp-content\/uploads\/2025\/08\/Acquisizione-senza-titolo0120-scaled.jpeg","contentUrl":"https:\/\/nimia.me\/wp-content\/uploads\/2025\/08\/Acquisizione-senza-titolo0120-scaled.jpeg","width":1706,"height":2560},{"@type":"BreadcrumbList","@id":"https:\/\/nimia.me\/fr\/shop\/textile\/audry-btowel\/#breadcrumb","itemListElement":[{"@type":"ListItem","position":1,"name":"Accueil","item":"https:\/\/nimia.me\/fr\/"},{"@type":"ListItem","position":2,"name":"Boutique","item":"https:\/\/nimia.me\/shop\/"},{"@type":"ListItem","position":3,"name":"Textile","item":"https:\/\/nimia.me\/fr\/prodotti\/textile\/"},{"@type":"ListItem","position":4,"name":"Audry BTowel"}]},{"@type":"WebSite","@id":"https:\/\/nimia.me\/fr\/#website","url":"https:\/\/nimia.me\/fr\/","name":"Nimia","description":"","publisher":{"@id":"https:\/\/nimia.me\/fr\/#organization"},"alternateName":"Nimia","potentialAction":[{"@type":"SearchAction","target":{"@type":"EntryPoint","urlTemplate":"https:\/\/nimia.me\/fr\/?s={search_term_string}"},"query-input":{"@type":"PropertyValueSpecification","valueRequired":true,"valueName":"search_term_string"}}],"inLanguage":"fr-FR"},{"@type":"Organization","@id":"https:\/\/nimia.me\/fr\/#organization","name":"Nimia","alternateName":"Nimia","url":"https:\/\/nimia.me\/fr\/","logo":{"@type":"ImageObject","inLanguage":"fr-FR","@id":"https:\/\/nimia.me\/fr\/#\/schema\/logo\/image\/","url":"https:\/\/nimia.me\/wp-content\/uploads\/2025\/07\/nimia-logo.webp","contentUrl":"https:\/\/nimia.me\/wp-content\/uploads\/2025\/07\/nimia-logo.webp","width":1297,"height":1297,"caption":"Nimia"},"image":{"@id":"https:\/\/nimia.me\/fr\/#\/schema\/logo\/image\/"},"sameAs":["https:\/\/www.instagram.com\/nimia.shop\/"]}]}},"_links":{"self":[{"href":"https:\/\/nimia.me\/fr\/wp-json\/wp\/v2\/product\/1745","targetHints":{"allow":["GET"]}}],"collection":[{"href":"https:\/\/nimia.me\/fr\/wp-json\/wp\/v2\/product"}],"about":[{"href":"https:\/\/nimia.me\/fr\/wp-json\/wp\/v2\/types\/product"}],"replies":[{"embeddable":true,"href":"https:\/\/nimia.me\/fr\/wp-json\/wp\/v2\/comments?post=1745"}],"wp:featuredmedia":[{"embeddable":true,"href":"https:\/\/nimia.me\/fr\/wp-json\/wp\/v2\/media\/1922"}],"wp:attachment":[{"href":"https:\/\/nimia.me\/fr\/wp-json\/wp\/v2\/media?parent=1745"}],"wp:term":[{"taxonomy":"tipologia","embeddable":true,"href":"https:\/\/nimia.me\/fr\/wp-json\/wp\/v2\/tipologia?post=1745"},{"taxonomy":"product_brand","embeddable":true,"href":"https:\/\/nimia.me\/fr\/wp-json\/wp\/v2\/product_brand?post=1745"},{"taxonomy":"product_cat","embeddable":true,"href":"https:\/\/nimia.me\/fr\/wp-json\/wp\/v2\/product_cat?post=1745"},{"taxonomy":"product_tag","embeddable":true,"href":"https:\/\/nimia.me\/fr\/wp-json\/wp\/v2\/product_tag?post=1745"}],"curies":[{"name":"wp","href":"https:\/\/api.w.org\/{rel}","templated":true}]}}