{"id":1712,"date":"2025-07-09T18:05:05","date_gmt":"2025-07-09T16:05:05","guid":{"rendered":"https:\/\/nimia.me\/shop\/non%20class\u00e9\/pochette-polo\/"},"modified":"2026-01-13T17:41:21","modified_gmt":"2026-01-13T16:41:21","slug":"pochette-polo","status":"publish","type":"product","link":"https:\/\/nimia.me\/fr\/shop\/accessoires-de-mode\/pochette-polo\/","title":{"rendered":"Pochette Polo"},"content":{"rendered":"<p><span data-sheets-root=\"1\">Une pochette matelass\u00e9e douce et polyvalente qui peut \u00e9galement servir d&#8217;\u00e9tui \u00e0 tablette ; confortable et structur\u00e9e, elle est dot\u00e9e d&#8217;une boucle lat\u00e9rale permettant d&#8217;attacher un lacet au poignet. La fermeture \u00e0 glissi\u00e8re en m\u00e9tal dor\u00e9 est dot\u00e9e d&#8217;un cordon d&#8217;invitation en cuir. L&#8217;int\u00e9rieur, enti\u00e8rement doubl\u00e9 de coton, comporte une poche avec une \u00e9tiquette d&#8217;information. L&#8217;ensemble de la pochette est ton sur ton.   <\/span><\/p>\n","protected":false},"excerpt":{"rendered":"<p><span data-sheets-root=\"1\">Pochette matelass\u00e9e en coton canva. Fabrication sartoriale. <\/span><\/p>\n","protected":false},"featured_media":1296,"comment_status":"open","ping_status":"closed","template":"","meta":{"_acf_changed":false},"tipologia":[248],"product_brand":[],"product_cat":[194],"product_tag":[],"class_list":{"0":"post-1712","1":"product","2":"type-product","3":"status-publish","4":"has-post-thumbnail","6":"tipologia-clutch-pochette-beauty-case-fr","7":"product_cat-accessoires-de-mode","9":"first","10":"instock","11":"shipping-taxable","12":"purchasable","13":"product-type-simple"},"acf":[],"yoast_head":"<!-- This site is optimized with the Yoast SEO plugin v27.5 - https:\/\/yoast.com\/product\/yoast-seo-wordpress\/ -->\n<title>Pochette Polo | Clutch \/ Pochette \/ Beauty Case | Nimia<\/title>\n<meta name=\"description\" content=\"Scopri tutti i dettagli del prodotto.\" \/>\n<meta name=\"robots\" content=\"index, follow, max-snippet:-1, max-image-preview:large, max-video-preview:-1\" \/>\n<link rel=\"canonical\" href=\"https:\/\/nimia.me\/fr\/shop\/accessoires-de-mode\/pochette-polo\/\" \/>\n<meta property=\"og:locale\" content=\"fr_FR\" \/>\n<meta property=\"og:type\" content=\"article\" \/>\n<meta property=\"og:title\" content=\"Pochette Polo | Clutch \/ Pochette \/ Beauty Case | Nimia\" \/>\n<meta property=\"og:description\" content=\"Scopri tutti i dettagli del prodotto.\" \/>\n<meta property=\"og:url\" content=\"https:\/\/nimia.me\/fr\/shop\/accessoires-de-mode\/pochette-polo\/\" \/>\n<meta property=\"og:site_name\" content=\"Nimia\" \/>\n<meta property=\"article:modified_time\" content=\"2026-01-13T16:41:21+00:00\" \/>\n<meta property=\"og:image\" content=\"https:\/\/nimia.me\/wp-content\/uploads\/2025\/07\/pochette-bianca.jpg\" \/>\n\t<meta property=\"og:image:width\" content=\"1000\" \/>\n\t<meta property=\"og:image:height\" content=\"1000\" \/>\n\t<meta property=\"og:image:type\" content=\"image\/jpeg\" \/>\n<meta name=\"twitter:card\" content=\"summary_large_image\" \/>\n<!-- \/ Yoast SEO plugin. -->","yoast_head_json":{"title":"Pochette Polo | Clutch \/ Pochette \/ Beauty Case | Nimia","description":"Scopri tutti i dettagli del prodotto.","robots":{"index":"index","follow":"follow","max-snippet":"max-snippet:-1","max-image-preview":"max-image-preview:large","max-video-preview":"max-video-preview:-1"},"canonical":"https:\/\/nimia.me\/fr\/shop\/accessoires-de-mode\/pochette-polo\/","og_locale":"fr_FR","og_type":"article","og_title":"Pochette Polo | Clutch \/ Pochette \/ Beauty Case | Nimia","og_description":"Scopri tutti i dettagli del prodotto.","og_url":"https:\/\/nimia.me\/fr\/shop\/accessoires-de-mode\/pochette-polo\/","og_site_name":"Nimia","article_modified_time":"2026-01-13T16:41:21+00:00","og_image":[{"width":1000,"height":1000,"url":"https:\/\/nimia.me\/wp-content\/uploads\/2025\/07\/pochette-bianca.jpg","type":"image\/jpeg"}],"twitter_card":"summary_large_image","schema":{"@context":"https:\/\/schema.org","@graph":[{"@type":["WebPage","ItemPage"],"@id":"https:\/\/nimia.me\/fr\/shop\/accessoires-de-mode\/pochette-polo\/","url":"https:\/\/nimia.me\/fr\/shop\/accessoires-de-mode\/pochette-polo\/","name":"Pochette Polo | Clutch \/ Pochette \/ Beauty Case | Nimia","isPartOf":{"@id":"https:\/\/nimia.me\/fr\/#website"},"primaryImageOfPage":{"@id":"https:\/\/nimia.me\/fr\/shop\/accessoires-de-mode\/pochette-polo\/#primaryimage"},"image":{"@id":"https:\/\/nimia.me\/fr\/shop\/accessoires-de-mode\/pochette-polo\/#primaryimage"},"thumbnailUrl":"https:\/\/nimia.me\/wp-content\/uploads\/2025\/07\/pochette-bianca.jpg","datePublished":"2025-07-09T16:05:05+00:00","dateModified":"2026-01-13T16:41:21+00:00","description":"Scopri tutti i dettagli del prodotto.","breadcrumb":{"@id":"https:\/\/nimia.me\/fr\/shop\/accessoires-de-mode\/pochette-polo\/#breadcrumb"},"inLanguage":"fr-FR","potentialAction":[{"@type":"ReadAction","target":["https:\/\/nimia.me\/fr\/shop\/accessoires-de-mode\/pochette-polo\/"]}]},{"@type":"ImageObject","inLanguage":"fr-FR","@id":"https:\/\/nimia.me\/fr\/shop\/accessoires-de-mode\/pochette-polo\/#primaryimage","url":"https:\/\/nimia.me\/wp-content\/uploads\/2025\/07\/pochette-bianca.jpg","contentUrl":"https:\/\/nimia.me\/wp-content\/uploads\/2025\/07\/pochette-bianca.jpg","width":1000,"height":1000,"caption":"Pochette matelass\u00e9e blanc total en coton canva"},{"@type":"BreadcrumbList","@id":"https:\/\/nimia.me\/fr\/shop\/accessoires-de-mode\/pochette-polo\/#breadcrumb","itemListElement":[{"@type":"ListItem","position":1,"name":"Accueil","item":"https:\/\/nimia.me\/fr\/"},{"@type":"ListItem","position":2,"name":"Boutique","item":"https:\/\/nimia.me\/shop\/"},{"@type":"ListItem","position":3,"name":"Accessoires de mode","item":"https:\/\/nimia.me\/fr\/prodotti\/accessoires-de-mode\/"},{"@type":"ListItem","position":4,"name":"Pochette Polo"}]},{"@type":"WebSite","@id":"https:\/\/nimia.me\/fr\/#website","url":"https:\/\/nimia.me\/fr\/","name":"Nimia","description":"","publisher":{"@id":"https:\/\/nimia.me\/fr\/#organization"},"alternateName":"Nimia","potentialAction":[{"@type":"SearchAction","target":{"@type":"EntryPoint","urlTemplate":"https:\/\/nimia.me\/fr\/?s={search_term_string}"},"query-input":{"@type":"PropertyValueSpecification","valueRequired":true,"valueName":"search_term_string"}}],"inLanguage":"fr-FR"},{"@type":"Organization","@id":"https:\/\/nimia.me\/fr\/#organization","name":"Nimia","alternateName":"Nimia","url":"https:\/\/nimia.me\/fr\/","logo":{"@type":"ImageObject","inLanguage":"fr-FR","@id":"https:\/\/nimia.me\/fr\/#\/schema\/logo\/image\/","url":"https:\/\/nimia.me\/wp-content\/uploads\/2025\/07\/nimia-logo.webp","contentUrl":"https:\/\/nimia.me\/wp-content\/uploads\/2025\/07\/nimia-logo.webp","width":1297,"height":1297,"caption":"Nimia"},"image":{"@id":"https:\/\/nimia.me\/fr\/#\/schema\/logo\/image\/"},"sameAs":["https:\/\/www.instagram.com\/nimia.shop\/"]}]}},"_links":{"self":[{"href":"https:\/\/nimia.me\/fr\/wp-json\/wp\/v2\/product\/1712","targetHints":{"allow":["GET"]}}],"collection":[{"href":"https:\/\/nimia.me\/fr\/wp-json\/wp\/v2\/product"}],"about":[{"href":"https:\/\/nimia.me\/fr\/wp-json\/wp\/v2\/types\/product"}],"replies":[{"embeddable":true,"href":"https:\/\/nimia.me\/fr\/wp-json\/wp\/v2\/comments?post=1712"}],"wp:featuredmedia":[{"embeddable":true,"href":"https:\/\/nimia.me\/fr\/wp-json\/wp\/v2\/media\/1296"}],"wp:attachment":[{"href":"https:\/\/nimia.me\/fr\/wp-json\/wp\/v2\/media?parent=1712"}],"wp:term":[{"taxonomy":"tipologia","embeddable":true,"href":"https:\/\/nimia.me\/fr\/wp-json\/wp\/v2\/tipologia?post=1712"},{"taxonomy":"product_brand","embeddable":true,"href":"https:\/\/nimia.me\/fr\/wp-json\/wp\/v2\/product_brand?post=1712"},{"taxonomy":"product_cat","embeddable":true,"href":"https:\/\/nimia.me\/fr\/wp-json\/wp\/v2\/product_cat?post=1712"},{"taxonomy":"product_tag","embeddable":true,"href":"https:\/\/nimia.me\/fr\/wp-json\/wp\/v2\/product_tag?post=1712"}],"curies":[{"name":"wp","href":"https:\/\/api.w.org\/{rel}","templated":true}]}}