{"id":1711,"date":"2025-07-09T17:47:47","date_gmt":"2025-07-09T15:47:47","guid":{"rendered":"https:\/\/nimia.me\/shop\/non%20class\u00e9\/polo-fouta\/"},"modified":"2026-01-13T17:44:27","modified_gmt":"2026-01-13T16:44:27","slug":"polo-fouta","status":"publish","type":"product","link":"https:\/\/nimia.me\/fr\/shop\/textile\/polo-fouta\/","title":{"rendered":"Polo Fouta"},"content":{"rendered":"<p><span data-sheets-root=\"1\">Des fils de haute qualit\u00e9 et un tissage plat conf\u00e8rent \u00e0 cette serviette fouta une surface lisse, uniforme et \u00e0 s\u00e9chage rapide. Fabriqu\u00e9e dans un format surdimensionn\u00e9, cette serviette est id\u00e9ale pour ceux qui recherchent la l\u00e9g\u00e8ret\u00e9 et la praticit\u00e9 sans sacrifier le style. Emportez-la partout avec vous, dans vos moments de loisir et de d\u00e9tente.  <\/span><\/p>\n","protected":false},"excerpt":{"rendered":"<p><span data-sheets-root=\"1\">Fouta en coton l\u00e9ger avec franges. Fond blanc \u00e0 rayures, teint\u00e9 dans la masse. <\/span><\/p>\n","protected":false},"featured_media":1516,"comment_status":"open","ping_status":"closed","template":"","meta":{"_acf_changed":false},"tipologia":[254],"product_brand":[],"product_cat":[208],"product_tag":[],"class_list":{"0":"post-1711","1":"product","2":"type-product","3":"status-publish","4":"has-post-thumbnail","6":"tipologia-fouta","7":"product_cat-textile","9":"first","10":"instock","11":"shipping-taxable","12":"purchasable","13":"product-type-variable"},"acf":[],"yoast_head":"<!-- This site is optimized with the Yoast SEO plugin v27.5 - https:\/\/yoast.com\/product\/yoast-seo-wordpress\/ -->\n<title>Polo Fouta | Fouta | Nimia<\/title>\n<meta name=\"description\" content=\"Scopri tutti i dettagli del prodotto.\" \/>\n<meta name=\"robots\" content=\"index, follow, max-snippet:-1, max-image-preview:large, max-video-preview:-1\" \/>\n<link rel=\"canonical\" href=\"https:\/\/nimia.me\/fr\/shop\/textile\/polo-fouta\/\" \/>\n<meta property=\"og:locale\" content=\"fr_FR\" \/>\n<meta property=\"og:type\" content=\"article\" \/>\n<meta property=\"og:title\" content=\"Polo Fouta | Fouta | Nimia\" \/>\n<meta property=\"og:description\" content=\"Scopri tutti i dettagli del prodotto.\" \/>\n<meta property=\"og:url\" content=\"https:\/\/nimia.me\/fr\/shop\/textile\/polo-fouta\/\" \/>\n<meta property=\"og:site_name\" content=\"Nimia\" \/>\n<meta property=\"article:modified_time\" content=\"2026-01-13T16:44:27+00:00\" \/>\n<meta property=\"og:image\" content=\"https:\/\/nimia.me\/wp-content\/uploads\/2025\/07\/Acquisizione-senza-titolo1660.jpg\" \/>\n\t<meta property=\"og:image:width\" content=\"933\" \/>\n\t<meta property=\"og:image:height\" content=\"1400\" \/>\n\t<meta property=\"og:image:type\" content=\"image\/jpeg\" \/>\n<meta name=\"twitter:card\" content=\"summary_large_image\" \/>\n<!-- \/ Yoast SEO plugin. -->","yoast_head_json":{"title":"Polo Fouta | Fouta | Nimia","description":"Scopri tutti i dettagli del prodotto.","robots":{"index":"index","follow":"follow","max-snippet":"max-snippet:-1","max-image-preview":"max-image-preview:large","max-video-preview":"max-video-preview:-1"},"canonical":"https:\/\/nimia.me\/fr\/shop\/textile\/polo-fouta\/","og_locale":"fr_FR","og_type":"article","og_title":"Polo Fouta | Fouta | Nimia","og_description":"Scopri tutti i dettagli del prodotto.","og_url":"https:\/\/nimia.me\/fr\/shop\/textile\/polo-fouta\/","og_site_name":"Nimia","article_modified_time":"2026-01-13T16:44:27+00:00","og_image":[{"width":933,"height":1400,"url":"https:\/\/nimia.me\/wp-content\/uploads\/2025\/07\/Acquisizione-senza-titolo1660.jpg","type":"image\/jpeg"}],"twitter_card":"summary_large_image","schema":{"@context":"https:\/\/schema.org","@graph":[{"@type":["WebPage","ItemPage"],"@id":"https:\/\/nimia.me\/fr\/shop\/textile\/polo-fouta\/","url":"https:\/\/nimia.me\/fr\/shop\/textile\/polo-fouta\/","name":"Polo Fouta | Fouta | Nimia","isPartOf":{"@id":"https:\/\/nimia.me\/fr\/#website"},"primaryImageOfPage":{"@id":"https:\/\/nimia.me\/fr\/shop\/textile\/polo-fouta\/#primaryimage"},"image":{"@id":"https:\/\/nimia.me\/fr\/shop\/textile\/polo-fouta\/#primaryimage"},"thumbnailUrl":"https:\/\/nimia.me\/wp-content\/uploads\/2025\/07\/Acquisizione-senza-titolo1660.jpg","datePublished":"2025-07-09T15:47:47+00:00","dateModified":"2026-01-13T16:44:27+00:00","description":"Scopri tutti i dettagli del prodotto.","breadcrumb":{"@id":"https:\/\/nimia.me\/fr\/shop\/textile\/polo-fouta\/#breadcrumb"},"inLanguage":"fr-FR","potentialAction":[{"@type":"ReadAction","target":["https:\/\/nimia.me\/fr\/shop\/textile\/polo-fouta\/"]}]},{"@type":"ImageObject","inLanguage":"fr-FR","@id":"https:\/\/nimia.me\/fr\/shop\/textile\/polo-fouta\/#primaryimage","url":"https:\/\/nimia.me\/wp-content\/uploads\/2025\/07\/Acquisizione-senza-titolo1660.jpg","contentUrl":"https:\/\/nimia.me\/wp-content\/uploads\/2025\/07\/Acquisizione-senza-titolo1660.jpg","width":933,"height":1400,"caption":"Fouta en coton l\u00e9ger avec franges. Fond blanc \u00e0 rayures, teint\u00e9 dans la masse."},{"@type":"BreadcrumbList","@id":"https:\/\/nimia.me\/fr\/shop\/textile\/polo-fouta\/#breadcrumb","itemListElement":[{"@type":"ListItem","position":1,"name":"Accueil","item":"https:\/\/nimia.me\/fr\/"},{"@type":"ListItem","position":2,"name":"Boutique","item":"https:\/\/nimia.me\/shop\/"},{"@type":"ListItem","position":3,"name":"Textile","item":"https:\/\/nimia.me\/fr\/prodotti\/textile\/"},{"@type":"ListItem","position":4,"name":"Polo Fouta"}]},{"@type":"WebSite","@id":"https:\/\/nimia.me\/fr\/#website","url":"https:\/\/nimia.me\/fr\/","name":"Nimia","description":"","publisher":{"@id":"https:\/\/nimia.me\/fr\/#organization"},"alternateName":"Nimia","potentialAction":[{"@type":"SearchAction","target":{"@type":"EntryPoint","urlTemplate":"https:\/\/nimia.me\/fr\/?s={search_term_string}"},"query-input":{"@type":"PropertyValueSpecification","valueRequired":true,"valueName":"search_term_string"}}],"inLanguage":"fr-FR"},{"@type":"Organization","@id":"https:\/\/nimia.me\/fr\/#organization","name":"Nimia","alternateName":"Nimia","url":"https:\/\/nimia.me\/fr\/","logo":{"@type":"ImageObject","inLanguage":"fr-FR","@id":"https:\/\/nimia.me\/fr\/#\/schema\/logo\/image\/","url":"https:\/\/nimia.me\/wp-content\/uploads\/2025\/07\/nimia-logo.webp","contentUrl":"https:\/\/nimia.me\/wp-content\/uploads\/2025\/07\/nimia-logo.webp","width":1297,"height":1297,"caption":"Nimia"},"image":{"@id":"https:\/\/nimia.me\/fr\/#\/schema\/logo\/image\/"},"sameAs":["https:\/\/www.instagram.com\/nimia.shop\/"]}]}},"_links":{"self":[{"href":"https:\/\/nimia.me\/fr\/wp-json\/wp\/v2\/product\/1711","targetHints":{"allow":["GET"]}}],"collection":[{"href":"https:\/\/nimia.me\/fr\/wp-json\/wp\/v2\/product"}],"about":[{"href":"https:\/\/nimia.me\/fr\/wp-json\/wp\/v2\/types\/product"}],"replies":[{"embeddable":true,"href":"https:\/\/nimia.me\/fr\/wp-json\/wp\/v2\/comments?post=1711"}],"wp:featuredmedia":[{"embeddable":true,"href":"https:\/\/nimia.me\/fr\/wp-json\/wp\/v2\/media\/1516"}],"wp:attachment":[{"href":"https:\/\/nimia.me\/fr\/wp-json\/wp\/v2\/media?parent=1711"}],"wp:term":[{"taxonomy":"tipologia","embeddable":true,"href":"https:\/\/nimia.me\/fr\/wp-json\/wp\/v2\/tipologia?post=1711"},{"taxonomy":"product_brand","embeddable":true,"href":"https:\/\/nimia.me\/fr\/wp-json\/wp\/v2\/product_brand?post=1711"},{"taxonomy":"product_cat","embeddable":true,"href":"https:\/\/nimia.me\/fr\/wp-json\/wp\/v2\/product_cat?post=1711"},{"taxonomy":"product_tag","embeddable":true,"href":"https:\/\/nimia.me\/fr\/wp-json\/wp\/v2\/product_tag?post=1711"}],"curies":[{"name":"wp","href":"https:\/\/api.w.org\/{rel}","templated":true}]}}