{"id":3594,"date":"2025-11-17T09:36:27","date_gmt":"2025-11-17T08:36:27","guid":{"rendered":"https:\/\/nimia.me\/?post_type=product&#038;p=3594"},"modified":"2026-01-13T17:37:23","modified_gmt":"2026-01-13T16:37:23","slug":"audry-caja-regalo","status":"publish","type":"product","link":"https:\/\/nimia.me\/es\/shop\/accesorios-de-moda\/audry-caja-regalo\/","title":{"rendered":"Audry CAJA REGALO"},"content":{"rendered":"<p class=\"font-claude-response-body whitespace-normal break-words\">La <strong>CAJA DE REGALO AUDRY<\/strong> incluye:<\/p>\n<p class=\"font-claude-response-body whitespace-normal break-words\">Bolsa <strong>Audry: <\/strong>bolsa de lona de algod\u00f3n, amplia y vers\u00e1til, con fondo ancho y asas fuertes. Equipada con cierre magn\u00e9tico y bolsillo interior con etiqueta informativa. Dise\u00f1o tono sobre tono que combina estructura y practicidad.  <\/p>\n<p class=\"font-claude-response-body whitespace-normal break-words\"><strong>Audry Clutch:<\/strong> elegante bolso de mano que tambi\u00e9n puede utilizarse como neceser, con cremallera dorada y detalles de piel. Equipado con lazo lateral para cord\u00f3n de mu\u00f1eca y bolsillo interior. Totalmente forrado de algod\u00f3n, en refinado tono sobre tono.  <\/p>\n<p class=\"font-claude-response-body whitespace-normal break-words\"><strong>Toalla Audry: <\/strong>toalla grande de gran calidad con un doble acabado: rizo de algod\u00f3n suave y absorbente en el interior, tela de algod\u00f3n con elegante dibujo de panal en el exterior. Perfecta para el m\u00e1ximo confort. <\/p>\n","protected":false},"excerpt":{"rendered":"<p>\u00a1La CAJA DE REGALO AUDRY es el regalo perfecto! Contiene un bolso, un clutch y una toalla de algod\u00f3n a un precio especial. <\/p>\n","protected":false},"featured_media":3814,"comment_status":"open","ping_status":"closed","template":"","meta":{"_acf_changed":false},"tipologia":[243,249,251],"product_brand":[],"product_cat":[197,215,369],"product_tag":[],"class_list":{"0":"post-3594","1":"product","2":"type-product","3":"status-publish","4":"has-post-thumbnail","6":"tipologia-bolsa","7":"tipologia-clutch-pochette-beauty-case-es","8":"tipologia-toalla-de-playa","9":"product_cat-accesorios-de-moda","10":"product_cat-textil","11":"product_cat-precio-especial","13":"first","14":"instock","15":"sale","16":"shipping-taxable","17":"purchasable","18":"product-type-variable"},"acf":[],"yoast_head":"<!-- This site is optimized with the Yoast SEO plugin v27.5 - https:\/\/yoast.com\/product\/yoast-seo-wordpress\/ -->\n<title>Audry CAJA REGALO | Bolsa, Clutch \/ Pochette \/ Beauty Case, Toalla de playa | Nimia<\/title>\n<meta name=\"description\" content=\"Scopri tutti i dettagli del prodotto.\" \/>\n<meta name=\"robots\" content=\"index, follow, max-snippet:-1, max-image-preview:large, max-video-preview:-1\" \/>\n<link rel=\"canonical\" href=\"https:\/\/nimia.me\/es\/shop\/accesorios-de-moda\/audry-caja-regalo\/\" \/>\n<meta property=\"og:locale\" content=\"es_ES\" \/>\n<meta property=\"og:type\" content=\"article\" \/>\n<meta property=\"og:title\" content=\"Audry CAJA REGALO | Bolsa, Clutch \/ Pochette \/ Beauty Case, Toalla de playa | Nimia\" \/>\n<meta property=\"og:description\" content=\"Scopri tutti i dettagli del prodotto.\" \/>\n<meta property=\"og:url\" content=\"https:\/\/nimia.me\/es\/shop\/accesorios-de-moda\/audry-caja-regalo\/\" \/>\n<meta property=\"og:site_name\" content=\"Nimia\" \/>\n<meta property=\"article:modified_time\" content=\"2026-01-13T16:37:23+00:00\" \/>\n<meta property=\"og:image\" content=\"https:\/\/nimia.me\/wp-content\/uploads\/2025\/11\/AUDRY-BOX-SABBIA-new.jpg\" \/>\n\t<meta property=\"og:image:width\" content=\"1080\" \/>\n\t<meta property=\"og:image:height\" content=\"987\" \/>\n\t<meta property=\"og:image:type\" content=\"image\/jpeg\" \/>\n<meta name=\"twitter:card\" content=\"summary_large_image\" \/>\n<meta name=\"twitter:label1\" content=\"Tiempo de lectura\" \/>\n\t<meta name=\"twitter:data1\" content=\"1 minuto\" \/>\n<!-- \/ Yoast SEO plugin. -->","yoast_head_json":{"title":"Audry CAJA REGALO | Bolsa, Clutch \/ Pochette \/ Beauty Case, Toalla de playa | Nimia","description":"Scopri tutti i dettagli del prodotto.","robots":{"index":"index","follow":"follow","max-snippet":"max-snippet:-1","max-image-preview":"max-image-preview:large","max-video-preview":"max-video-preview:-1"},"canonical":"https:\/\/nimia.me\/es\/shop\/accesorios-de-moda\/audry-caja-regalo\/","og_locale":"es_ES","og_type":"article","og_title":"Audry CAJA REGALO | Bolsa, Clutch \/ Pochette \/ Beauty Case, Toalla de playa | Nimia","og_description":"Scopri tutti i dettagli del prodotto.","og_url":"https:\/\/nimia.me\/es\/shop\/accesorios-de-moda\/audry-caja-regalo\/","og_site_name":"Nimia","article_modified_time":"2026-01-13T16:37:23+00:00","og_image":[{"width":1080,"height":987,"url":"https:\/\/nimia.me\/wp-content\/uploads\/2025\/11\/AUDRY-BOX-SABBIA-new.jpg","type":"image\/jpeg"}],"twitter_card":"summary_large_image","twitter_misc":{"Tiempo de lectura":"1 minuto"},"schema":{"@context":"https:\/\/schema.org","@graph":[{"@type":["WebPage","ItemPage"],"@id":"https:\/\/nimia.me\/es\/shop\/accesorios-de-moda\/audry-caja-regalo\/","url":"https:\/\/nimia.me\/es\/shop\/accesorios-de-moda\/audry-caja-regalo\/","name":"Audry CAJA REGALO | Bolsa, Clutch \/ Pochette \/ Beauty Case, Toalla de playa | Nimia","isPartOf":{"@id":"https:\/\/nimia.me\/es\/#website"},"primaryImageOfPage":{"@id":"https:\/\/nimia.me\/es\/shop\/accesorios-de-moda\/audry-caja-regalo\/#primaryimage"},"image":{"@id":"https:\/\/nimia.me\/es\/shop\/accesorios-de-moda\/audry-caja-regalo\/#primaryimage"},"thumbnailUrl":"https:\/\/nimia.me\/wp-content\/uploads\/2025\/11\/AUDRY-BOX-SABBIA-new.jpg","datePublished":"2025-11-17T08:36:27+00:00","dateModified":"2026-01-13T16:37:23+00:00","description":"Scopri tutti i dettagli del prodotto.","breadcrumb":{"@id":"https:\/\/nimia.me\/es\/shop\/accesorios-de-moda\/audry-caja-regalo\/#breadcrumb"},"inLanguage":"es","potentialAction":[{"@type":"ReadAction","target":["https:\/\/nimia.me\/es\/shop\/accesorios-de-moda\/audry-caja-regalo\/"]}]},{"@type":"ImageObject","inLanguage":"es","@id":"https:\/\/nimia.me\/es\/shop\/accesorios-de-moda\/audry-caja-regalo\/#primaryimage","url":"https:\/\/nimia.me\/wp-content\/uploads\/2025\/11\/AUDRY-BOX-SABBIA-new.jpg","contentUrl":"https:\/\/nimia.me\/wp-content\/uploads\/2025\/11\/AUDRY-BOX-SABBIA-new.jpg","width":1080,"height":987},{"@type":"BreadcrumbList","@id":"https:\/\/nimia.me\/es\/shop\/accesorios-de-moda\/audry-caja-regalo\/#breadcrumb","itemListElement":[{"@type":"ListItem","position":1,"name":"Inicio","item":"https:\/\/nimia.me\/es\/"},{"@type":"ListItem","position":2,"name":"Tienda","item":"https:\/\/nimia.me\/es\/tienda\/"},{"@type":"ListItem","position":3,"name":"Accesorios de moda","item":"https:\/\/nimia.me\/es\/prodotti\/accesorios-de-moda\/"},{"@type":"ListItem","position":4,"name":"Audry CAJA REGALO"}]},{"@type":"WebSite","@id":"https:\/\/nimia.me\/es\/#website","url":"https:\/\/nimia.me\/es\/","name":"Nimia","description":"","publisher":{"@id":"https:\/\/nimia.me\/es\/#organization"},"alternateName":"Nimia","potentialAction":[{"@type":"SearchAction","target":{"@type":"EntryPoint","urlTemplate":"https:\/\/nimia.me\/es\/?s={search_term_string}"},"query-input":{"@type":"PropertyValueSpecification","valueRequired":true,"valueName":"search_term_string"}}],"inLanguage":"es"},{"@type":"Organization","@id":"https:\/\/nimia.me\/es\/#organization","name":"Nimia","alternateName":"Nimia","url":"https:\/\/nimia.me\/es\/","logo":{"@type":"ImageObject","inLanguage":"es","@id":"https:\/\/nimia.me\/es\/#\/schema\/logo\/image\/","url":"https:\/\/nimia.me\/wp-content\/uploads\/2025\/07\/nimia-logo.webp","contentUrl":"https:\/\/nimia.me\/wp-content\/uploads\/2025\/07\/nimia-logo.webp","width":1297,"height":1297,"caption":"Nimia"},"image":{"@id":"https:\/\/nimia.me\/es\/#\/schema\/logo\/image\/"},"sameAs":["https:\/\/www.instagram.com\/nimia.shop\/"]}]}},"_links":{"self":[{"href":"https:\/\/nimia.me\/es\/wp-json\/wp\/v2\/product\/3594","targetHints":{"allow":["GET"]}}],"collection":[{"href":"https:\/\/nimia.me\/es\/wp-json\/wp\/v2\/product"}],"about":[{"href":"https:\/\/nimia.me\/es\/wp-json\/wp\/v2\/types\/product"}],"replies":[{"embeddable":true,"href":"https:\/\/nimia.me\/es\/wp-json\/wp\/v2\/comments?post=3594"}],"wp:featuredmedia":[{"embeddable":true,"href":"https:\/\/nimia.me\/es\/wp-json\/wp\/v2\/media\/3814"}],"wp:attachment":[{"href":"https:\/\/nimia.me\/es\/wp-json\/wp\/v2\/media?parent=3594"}],"wp:term":[{"taxonomy":"tipologia","embeddable":true,"href":"https:\/\/nimia.me\/es\/wp-json\/wp\/v2\/tipologia?post=3594"},{"taxonomy":"product_brand","embeddable":true,"href":"https:\/\/nimia.me\/es\/wp-json\/wp\/v2\/product_brand?post=3594"},{"taxonomy":"product_cat","embeddable":true,"href":"https:\/\/nimia.me\/es\/wp-json\/wp\/v2\/product_cat?post=3594"},{"taxonomy":"product_tag","embeddable":true,"href":"https:\/\/nimia.me\/es\/wp-json\/wp\/v2\/product_tag?post=3594"}],"curies":[{"name":"wp","href":"https:\/\/api.w.org\/{rel}","templated":true}]}}