{"id":3562,"date":"2025-11-24T16:28:40","date_gmt":"2025-11-24T15:28:40","guid":{"rendered":"https:\/\/nimia.me\/shop\/sin categor\u00eda\/pendientes-gotas-pequenas-doradas\/"},"modified":"2025-12-19T09:40:48","modified_gmt":"2025-12-19T08:40:48","slug":"pendientes-gotas-pequenas-doradas","status":"publish","type":"product","link":"https:\/\/nimia.me\/es\/shop\/bijoux\/pendientes-gotas-pequenas-doradas\/","title":{"rendered":"Pendientes Gotas Peque\u00f1as Doradas"},"content":{"rendered":"<p>Pendientes de dise\u00f1o contempor\u00e1neo y esencial, fabricados en acero inoxidable con acabado dorado brillante. La forma de gota geom\u00e9trica alargada y convexa crea un efecto elegante y sofisticado, mientras que la estructura de alambre curvado permite llevarlo sin mariposa. <\/p>\n","protected":false},"excerpt":{"rendered":"<p>Par de pendientes de gota de acero inoxidable chapado en oro.<\/p>\n","protected":false},"featured_media":2609,"comment_status":"open","ping_status":"closed","template":"","meta":{"_acf_changed":false},"tipologia":[365],"product_brand":[],"product_cat":[197,329],"product_tag":[],"class_list":{"0":"post-3562","1":"product","2":"type-product","3":"status-publish","4":"has-post-thumbnail","6":"tipologia-pendientes","7":"product_cat-accesorios-de-moda","8":"product_cat-bijoux","10":"first","11":"instock","12":"shipping-taxable","13":"purchasable","14":"product-type-simple"},"acf":[],"yoast_head":"<!-- This site is optimized with the Yoast SEO plugin v27.5 - https:\/\/yoast.com\/product\/yoast-seo-wordpress\/ -->\n<title>Pendientes Gotas Peque\u00f1as Doradas | Pendientes | Nimia<\/title>\n<meta name=\"description\" content=\"Scopri tutti i dettagli del prodotto.\" \/>\n<meta name=\"robots\" content=\"index, follow, max-snippet:-1, max-image-preview:large, max-video-preview:-1\" \/>\n<link rel=\"canonical\" href=\"https:\/\/nimia.me\/es\/shop\/bijoux\/pendientes-gotas-pequenas-doradas\/\" \/>\n<meta property=\"og:locale\" content=\"es_ES\" \/>\n<meta property=\"og:type\" content=\"article\" \/>\n<meta property=\"og:title\" content=\"Pendientes Gotas Peque\u00f1as Doradas | Pendientes | Nimia\" \/>\n<meta property=\"og:description\" content=\"Scopri tutti i dettagli del prodotto.\" \/>\n<meta property=\"og:url\" content=\"https:\/\/nimia.me\/es\/shop\/bijoux\/pendientes-gotas-pequenas-doradas\/\" \/>\n<meta property=\"og:site_name\" content=\"Nimia\" \/>\n<meta property=\"article:modified_time\" content=\"2025-12-19T08:40:48+00:00\" \/>\n<meta property=\"og:image\" content=\"https:\/\/nimia.me\/wp-content\/uploads\/2025\/11\/ORECCHINI-GOCCIA-CORTI-scaled.jpg\" \/>\n\t<meta property=\"og:image:width\" content=\"1968\" \/>\n\t<meta property=\"og:image:height\" content=\"2560\" \/>\n\t<meta property=\"og:image:type\" content=\"image\/jpeg\" \/>\n<meta name=\"twitter:card\" content=\"summary_large_image\" \/>\n<!-- \/ Yoast SEO plugin. -->","yoast_head_json":{"title":"Pendientes Gotas Peque\u00f1as Doradas | Pendientes | Nimia","description":"Scopri tutti i dettagli del prodotto.","robots":{"index":"index","follow":"follow","max-snippet":"max-snippet:-1","max-image-preview":"max-image-preview:large","max-video-preview":"max-video-preview:-1"},"canonical":"https:\/\/nimia.me\/es\/shop\/bijoux\/pendientes-gotas-pequenas-doradas\/","og_locale":"es_ES","og_type":"article","og_title":"Pendientes Gotas Peque\u00f1as Doradas | Pendientes | Nimia","og_description":"Scopri tutti i dettagli del prodotto.","og_url":"https:\/\/nimia.me\/es\/shop\/bijoux\/pendientes-gotas-pequenas-doradas\/","og_site_name":"Nimia","article_modified_time":"2025-12-19T08:40:48+00:00","og_image":[{"width":1968,"height":2560,"url":"https:\/\/nimia.me\/wp-content\/uploads\/2025\/11\/ORECCHINI-GOCCIA-CORTI-scaled.jpg","type":"image\/jpeg"}],"twitter_card":"summary_large_image","schema":{"@context":"https:\/\/schema.org","@graph":[{"@type":["WebPage","ItemPage"],"@id":"https:\/\/nimia.me\/es\/shop\/bijoux\/pendientes-gotas-pequenas-doradas\/","url":"https:\/\/nimia.me\/es\/shop\/bijoux\/pendientes-gotas-pequenas-doradas\/","name":"Pendientes Gotas Peque\u00f1as Doradas | Pendientes | Nimia","isPartOf":{"@id":"https:\/\/nimia.me\/es\/#website"},"primaryImageOfPage":{"@id":"https:\/\/nimia.me\/es\/shop\/bijoux\/pendientes-gotas-pequenas-doradas\/#primaryimage"},"image":{"@id":"https:\/\/nimia.me\/es\/shop\/bijoux\/pendientes-gotas-pequenas-doradas\/#primaryimage"},"thumbnailUrl":"https:\/\/nimia.me\/wp-content\/uploads\/2025\/11\/ORECCHINI-GOCCIA-CORTI-scaled.jpg","datePublished":"2025-11-24T15:28:40+00:00","dateModified":"2025-12-19T08:40:48+00:00","description":"Scopri tutti i dettagli del prodotto.","breadcrumb":{"@id":"https:\/\/nimia.me\/es\/shop\/bijoux\/pendientes-gotas-pequenas-doradas\/#breadcrumb"},"inLanguage":"es","potentialAction":[{"@type":"ReadAction","target":["https:\/\/nimia.me\/es\/shop\/bijoux\/pendientes-gotas-pequenas-doradas\/"]}]},{"@type":"ImageObject","inLanguage":"es","@id":"https:\/\/nimia.me\/es\/shop\/bijoux\/pendientes-gotas-pequenas-doradas\/#primaryimage","url":"https:\/\/nimia.me\/wp-content\/uploads\/2025\/11\/ORECCHINI-GOCCIA-CORTI-scaled.jpg","contentUrl":"https:\/\/nimia.me\/wp-content\/uploads\/2025\/11\/ORECCHINI-GOCCIA-CORTI-scaled.jpg","width":1968,"height":2560},{"@type":"BreadcrumbList","@id":"https:\/\/nimia.me\/es\/shop\/bijoux\/pendientes-gotas-pequenas-doradas\/#breadcrumb","itemListElement":[{"@type":"ListItem","position":1,"name":"Inicio","item":"https:\/\/nimia.me\/es\/"},{"@type":"ListItem","position":2,"name":"Tienda","item":"https:\/\/nimia.me\/es\/tienda\/"},{"@type":"ListItem","position":3,"name":"Pendientes Gotas Peque\u00f1as Doradas"}]},{"@type":"WebSite","@id":"https:\/\/nimia.me\/es\/#website","url":"https:\/\/nimia.me\/es\/","name":"Nimia","description":"","publisher":{"@id":"https:\/\/nimia.me\/es\/#organization"},"alternateName":"Nimia","potentialAction":[{"@type":"SearchAction","target":{"@type":"EntryPoint","urlTemplate":"https:\/\/nimia.me\/es\/?s={search_term_string}"},"query-input":{"@type":"PropertyValueSpecification","valueRequired":true,"valueName":"search_term_string"}}],"inLanguage":"es"},{"@type":"Organization","@id":"https:\/\/nimia.me\/es\/#organization","name":"Nimia","alternateName":"Nimia","url":"https:\/\/nimia.me\/es\/","logo":{"@type":"ImageObject","inLanguage":"es","@id":"https:\/\/nimia.me\/es\/#\/schema\/logo\/image\/","url":"https:\/\/nimia.me\/wp-content\/uploads\/2025\/07\/nimia-logo.webp","contentUrl":"https:\/\/nimia.me\/wp-content\/uploads\/2025\/07\/nimia-logo.webp","width":1297,"height":1297,"caption":"Nimia"},"image":{"@id":"https:\/\/nimia.me\/es\/#\/schema\/logo\/image\/"},"sameAs":["https:\/\/www.instagram.com\/nimia.shop\/"]}]}},"_links":{"self":[{"href":"https:\/\/nimia.me\/es\/wp-json\/wp\/v2\/product\/3562","targetHints":{"allow":["GET"]}}],"collection":[{"href":"https:\/\/nimia.me\/es\/wp-json\/wp\/v2\/product"}],"about":[{"href":"https:\/\/nimia.me\/es\/wp-json\/wp\/v2\/types\/product"}],"replies":[{"embeddable":true,"href":"https:\/\/nimia.me\/es\/wp-json\/wp\/v2\/comments?post=3562"}],"wp:featuredmedia":[{"embeddable":true,"href":"https:\/\/nimia.me\/es\/wp-json\/wp\/v2\/media\/2609"}],"wp:attachment":[{"href":"https:\/\/nimia.me\/es\/wp-json\/wp\/v2\/media?parent=3562"}],"wp:term":[{"taxonomy":"tipologia","embeddable":true,"href":"https:\/\/nimia.me\/es\/wp-json\/wp\/v2\/tipologia?post=3562"},{"taxonomy":"product_brand","embeddable":true,"href":"https:\/\/nimia.me\/es\/wp-json\/wp\/v2\/product_brand?post=3562"},{"taxonomy":"product_cat","embeddable":true,"href":"https:\/\/nimia.me\/es\/wp-json\/wp\/v2\/product_cat?post=3562"},{"taxonomy":"product_tag","embeddable":true,"href":"https:\/\/nimia.me\/es\/wp-json\/wp\/v2\/product_tag?post=3562"}],"curies":[{"name":"wp","href":"https:\/\/api.w.org\/{rel}","templated":true}]}}