{"id":3552,"date":"2025-11-24T16:28:45","date_gmt":"2025-11-24T15:28:45","guid":{"rendered":"https:\/\/nimia.me\/shop\/sin categor\u00eda\/collar-escultorico-dorado\/"},"modified":"2025-12-19T09:40:51","modified_gmt":"2025-12-19T08:40:51","slug":"collar-escultorico-dorado","status":"publish","type":"product","link":"https:\/\/nimia.me\/es\/shop\/bijoux\/collar-escultorico-dorado\/","title":{"rendered":"Collar escult\u00f3rico dorado"},"content":{"rendered":"<p>Collar statement de dise\u00f1o art\u00edstico y contempor\u00e1neo, fabricado en acero inoxidable con acabado chapado en oro. Compuesto por un fino alambre que soporta varios elementos geom\u00e9tricos irregulares de formas fluidas. La estructura es ligera con un efecto escultural.  <\/p>\n<p>Perfecta para los amantes de las joyas art\u00edsticas con un fuerte car\u00e1cter distintivo.<\/p>\n","protected":false},"excerpt":{"rendered":"<p>Collar &#8220;escultural&#8221; de acero chapado en oro. Collar de eslabones irregulares. Ligero y chic.  <\/p>\n","protected":false},"featured_media":2559,"comment_status":"open","ping_status":"closed","template":"","meta":{"_acf_changed":false},"tipologia":[359],"product_brand":[],"product_cat":[197,329],"product_tag":[],"class_list":{"0":"post-3552","1":"product","2":"type-product","3":"status-publish","4":"has-post-thumbnail","6":"tipologia-collar","7":"product_cat-accesorios-de-moda","8":"product_cat-bijoux","10":"first","11":"instock","12":"shipping-taxable","13":"purchasable","14":"product-type-simple"},"acf":[],"yoast_head":"<!-- This site is optimized with the Yoast SEO plugin v27.5 - https:\/\/yoast.com\/product\/yoast-seo-wordpress\/ -->\n<title>Collar escult\u00f3rico dorado | Collar | Nimia<\/title>\n<meta name=\"description\" content=\"Scopri tutti i dettagli del prodotto.\" \/>\n<meta name=\"robots\" content=\"index, follow, max-snippet:-1, max-image-preview:large, max-video-preview:-1\" \/>\n<link rel=\"canonical\" href=\"https:\/\/nimia.me\/es\/shop\/bijoux\/collar-escultorico-dorado\/\" \/>\n<meta property=\"og:locale\" content=\"es_ES\" \/>\n<meta property=\"og:type\" content=\"article\" \/>\n<meta property=\"og:title\" content=\"Collar escult\u00f3rico dorado | Collar | Nimia\" \/>\n<meta property=\"og:description\" content=\"Scopri tutti i dettagli del prodotto.\" \/>\n<meta property=\"og:url\" content=\"https:\/\/nimia.me\/es\/shop\/bijoux\/collar-escultorico-dorado\/\" \/>\n<meta property=\"og:site_name\" content=\"Nimia\" \/>\n<meta property=\"article:modified_time\" content=\"2025-12-19T08:40:51+00:00\" \/>\n<meta property=\"og:image\" content=\"https:\/\/nimia.me\/wp-content\/uploads\/2025\/10\/COLLANA-CERCHI-scaled.jpg\" \/>\n\t<meta property=\"og:image:width\" content=\"1969\" \/>\n\t<meta property=\"og:image:height\" content=\"2560\" \/>\n\t<meta property=\"og:image:type\" content=\"image\/jpeg\" \/>\n<meta name=\"twitter:card\" content=\"summary_large_image\" \/>\n<!-- \/ Yoast SEO plugin. -->","yoast_head_json":{"title":"Collar escult\u00f3rico dorado | Collar | Nimia","description":"Scopri tutti i dettagli del prodotto.","robots":{"index":"index","follow":"follow","max-snippet":"max-snippet:-1","max-image-preview":"max-image-preview:large","max-video-preview":"max-video-preview:-1"},"canonical":"https:\/\/nimia.me\/es\/shop\/bijoux\/collar-escultorico-dorado\/","og_locale":"es_ES","og_type":"article","og_title":"Collar escult\u00f3rico dorado | Collar | Nimia","og_description":"Scopri tutti i dettagli del prodotto.","og_url":"https:\/\/nimia.me\/es\/shop\/bijoux\/collar-escultorico-dorado\/","og_site_name":"Nimia","article_modified_time":"2025-12-19T08:40:51+00:00","og_image":[{"width":1969,"height":2560,"url":"https:\/\/nimia.me\/wp-content\/uploads\/2025\/10\/COLLANA-CERCHI-scaled.jpg","type":"image\/jpeg"}],"twitter_card":"summary_large_image","schema":{"@context":"https:\/\/schema.org","@graph":[{"@type":["WebPage","ItemPage"],"@id":"https:\/\/nimia.me\/es\/shop\/bijoux\/collar-escultorico-dorado\/","url":"https:\/\/nimia.me\/es\/shop\/bijoux\/collar-escultorico-dorado\/","name":"Collar escult\u00f3rico dorado | Collar | Nimia","isPartOf":{"@id":"https:\/\/nimia.me\/es\/#website"},"primaryImageOfPage":{"@id":"https:\/\/nimia.me\/es\/shop\/bijoux\/collar-escultorico-dorado\/#primaryimage"},"image":{"@id":"https:\/\/nimia.me\/es\/shop\/bijoux\/collar-escultorico-dorado\/#primaryimage"},"thumbnailUrl":"https:\/\/nimia.me\/wp-content\/uploads\/2025\/10\/COLLANA-CERCHI-scaled.jpg","datePublished":"2025-11-24T15:28:45+00:00","dateModified":"2025-12-19T08:40:51+00:00","description":"Scopri tutti i dettagli del prodotto.","breadcrumb":{"@id":"https:\/\/nimia.me\/es\/shop\/bijoux\/collar-escultorico-dorado\/#breadcrumb"},"inLanguage":"es","potentialAction":[{"@type":"ReadAction","target":["https:\/\/nimia.me\/es\/shop\/bijoux\/collar-escultorico-dorado\/"]}]},{"@type":"ImageObject","inLanguage":"es","@id":"https:\/\/nimia.me\/es\/shop\/bijoux\/collar-escultorico-dorado\/#primaryimage","url":"https:\/\/nimia.me\/wp-content\/uploads\/2025\/10\/COLLANA-CERCHI-scaled.jpg","contentUrl":"https:\/\/nimia.me\/wp-content\/uploads\/2025\/10\/COLLANA-CERCHI-scaled.jpg","width":1969,"height":2560},{"@type":"BreadcrumbList","@id":"https:\/\/nimia.me\/es\/shop\/bijoux\/collar-escultorico-dorado\/#breadcrumb","itemListElement":[{"@type":"ListItem","position":1,"name":"Inicio","item":"https:\/\/nimia.me\/es\/"},{"@type":"ListItem","position":2,"name":"Tienda","item":"https:\/\/nimia.me\/es\/tienda\/"},{"@type":"ListItem","position":3,"name":"Collar escult\u00f3rico dorado"}]},{"@type":"WebSite","@id":"https:\/\/nimia.me\/es\/#website","url":"https:\/\/nimia.me\/es\/","name":"Nimia","description":"","publisher":{"@id":"https:\/\/nimia.me\/es\/#organization"},"alternateName":"Nimia","potentialAction":[{"@type":"SearchAction","target":{"@type":"EntryPoint","urlTemplate":"https:\/\/nimia.me\/es\/?s={search_term_string}"},"query-input":{"@type":"PropertyValueSpecification","valueRequired":true,"valueName":"search_term_string"}}],"inLanguage":"es"},{"@type":"Organization","@id":"https:\/\/nimia.me\/es\/#organization","name":"Nimia","alternateName":"Nimia","url":"https:\/\/nimia.me\/es\/","logo":{"@type":"ImageObject","inLanguage":"es","@id":"https:\/\/nimia.me\/es\/#\/schema\/logo\/image\/","url":"https:\/\/nimia.me\/wp-content\/uploads\/2025\/07\/nimia-logo.webp","contentUrl":"https:\/\/nimia.me\/wp-content\/uploads\/2025\/07\/nimia-logo.webp","width":1297,"height":1297,"caption":"Nimia"},"image":{"@id":"https:\/\/nimia.me\/es\/#\/schema\/logo\/image\/"},"sameAs":["https:\/\/www.instagram.com\/nimia.shop\/"]}]}},"_links":{"self":[{"href":"https:\/\/nimia.me\/es\/wp-json\/wp\/v2\/product\/3552","targetHints":{"allow":["GET"]}}],"collection":[{"href":"https:\/\/nimia.me\/es\/wp-json\/wp\/v2\/product"}],"about":[{"href":"https:\/\/nimia.me\/es\/wp-json\/wp\/v2\/types\/product"}],"replies":[{"embeddable":true,"href":"https:\/\/nimia.me\/es\/wp-json\/wp\/v2\/comments?post=3552"}],"wp:featuredmedia":[{"embeddable":true,"href":"https:\/\/nimia.me\/es\/wp-json\/wp\/v2\/media\/2559"}],"wp:attachment":[{"href":"https:\/\/nimia.me\/es\/wp-json\/wp\/v2\/media?parent=3552"}],"wp:term":[{"taxonomy":"tipologia","embeddable":true,"href":"https:\/\/nimia.me\/es\/wp-json\/wp\/v2\/tipologia?post=3552"},{"taxonomy":"product_brand","embeddable":true,"href":"https:\/\/nimia.me\/es\/wp-json\/wp\/v2\/product_brand?post=3552"},{"taxonomy":"product_cat","embeddable":true,"href":"https:\/\/nimia.me\/es\/wp-json\/wp\/v2\/product_cat?post=3552"},{"taxonomy":"product_tag","embeddable":true,"href":"https:\/\/nimia.me\/es\/wp-json\/wp\/v2\/product_tag?post=3552"}],"curies":[{"name":"wp","href":"https:\/\/api.w.org\/{rel}","templated":true}]}}