{"id":3530,"date":"2025-11-24T16:28:49","date_gmt":"2025-11-24T15:28:49","guid":{"rendered":"https:\/\/nimia.me\/shop\/sin%20categor\u00eda\/pulsera-nacarada-dorada\/"},"modified":"2025-11-26T06:18:23","modified_gmt":"2025-11-26T05:18:23","slug":"pulsera-nacarada-dorada","status":"publish","type":"product","link":"https:\/\/nimia.me\/es\/shop\/bijoux\/pulsera-nacarada-dorada\/","title":{"rendered":"Pulsera nacarada dorada"},"content":{"rendered":"<p>Una pulsera de banda r\u00edgida de dise\u00f1o elegante y contempor\u00e1neo, fabricada en acero inoxidable con acabado dorado satinado. En el centro destaca una piedra de n\u00e1car natural ovalada en delicados tonos iridiscentes. La estructura abierta y ajustable se adapta c\u00f3modamente a la mu\u00f1eca.  <\/p>\n<p>Perfecta para quienes buscan una joya refinada y luminosa. Ll\u00e9vala tambi\u00e9n sobre un jersey ajustado. <\/p>\n","protected":false},"excerpt":{"rendered":"<p>Pulsera &#8220;nacarada&#8221; de acero inoxidable y piedra natural nacarada. Tama\u00f1o ajustable.<\/p>\n","protected":false},"featured_media":2509,"comment_status":"open","ping_status":"closed","template":"","meta":{"_acf_changed":false},"tipologia":[330],"product_brand":[],"product_cat":[197,329],"product_tag":[],"class_list":{"0":"post-3530","1":"product","2":"type-product","3":"status-publish","4":"has-post-thumbnail","6":"tipologia-pulsera","7":"product_cat-accesorios-de-moda","8":"product_cat-bijoux","10":"first","11":"instock","12":"shipping-taxable","13":"purchasable","14":"product-type-simple"},"acf":[],"yoast_head":"<!-- This site is optimized with the Yoast SEO plugin v27.5 - https:\/\/yoast.com\/product\/yoast-seo-wordpress\/ -->\n<title>Pulsera nacarada dorada | Pulsera | Nimia<\/title>\n<meta name=\"description\" content=\"Scopri tutti i dettagli del prodotto.\" \/>\n<meta name=\"robots\" content=\"index, follow, max-snippet:-1, max-image-preview:large, max-video-preview:-1\" \/>\n<link rel=\"canonical\" href=\"https:\/\/nimia.me\/es\/shop\/bijoux\/pulsera-nacarada-dorada\/\" \/>\n<meta property=\"og:locale\" content=\"es_ES\" \/>\n<meta property=\"og:type\" content=\"article\" \/>\n<meta property=\"og:title\" content=\"Pulsera nacarada dorada | Pulsera | Nimia\" \/>\n<meta property=\"og:description\" content=\"Scopri tutti i dettagli del prodotto.\" \/>\n<meta property=\"og:url\" content=\"https:\/\/nimia.me\/es\/shop\/bijoux\/pulsera-nacarada-dorada\/\" \/>\n<meta property=\"og:site_name\" content=\"Nimia\" \/>\n<meta property=\"article:modified_time\" content=\"2025-11-26T05:18:23+00:00\" \/>\n<meta property=\"og:image\" content=\"https:\/\/nimia.me\/wp-content\/uploads\/2025\/10\/BRACCIALE-MADREPERLA-indossato.jpeg\" \/>\n\t<meta property=\"og:image:width\" content=\"855\" \/>\n\t<meta property=\"og:image:height\" content=\"1024\" \/>\n\t<meta property=\"og:image:type\" content=\"image\/jpeg\" \/>\n<meta name=\"twitter:card\" content=\"summary_large_image\" \/>\n<!-- \/ Yoast SEO plugin. -->","yoast_head_json":{"title":"Pulsera nacarada dorada | Pulsera | Nimia","description":"Scopri tutti i dettagli del prodotto.","robots":{"index":"index","follow":"follow","max-snippet":"max-snippet:-1","max-image-preview":"max-image-preview:large","max-video-preview":"max-video-preview:-1"},"canonical":"https:\/\/nimia.me\/es\/shop\/bijoux\/pulsera-nacarada-dorada\/","og_locale":"es_ES","og_type":"article","og_title":"Pulsera nacarada dorada | Pulsera | Nimia","og_description":"Scopri tutti i dettagli del prodotto.","og_url":"https:\/\/nimia.me\/es\/shop\/bijoux\/pulsera-nacarada-dorada\/","og_site_name":"Nimia","article_modified_time":"2025-11-26T05:18:23+00:00","og_image":[{"width":855,"height":1024,"url":"https:\/\/nimia.me\/wp-content\/uploads\/2025\/10\/BRACCIALE-MADREPERLA-indossato.jpeg","type":"image\/jpeg"}],"twitter_card":"summary_large_image","schema":{"@context":"https:\/\/schema.org","@graph":[{"@type":["WebPage","ItemPage"],"@id":"https:\/\/nimia.me\/es\/shop\/bijoux\/pulsera-nacarada-dorada\/","url":"https:\/\/nimia.me\/es\/shop\/bijoux\/pulsera-nacarada-dorada\/","name":"Pulsera nacarada dorada | Pulsera | Nimia","isPartOf":{"@id":"https:\/\/nimia.me\/es\/#website"},"primaryImageOfPage":{"@id":"https:\/\/nimia.me\/es\/shop\/bijoux\/pulsera-nacarada-dorada\/#primaryimage"},"image":{"@id":"https:\/\/nimia.me\/es\/shop\/bijoux\/pulsera-nacarada-dorada\/#primaryimage"},"thumbnailUrl":"https:\/\/nimia.me\/wp-content\/uploads\/2025\/10\/BRACCIALE-MADREPERLA-indossato.jpeg","datePublished":"2025-11-24T15:28:49+00:00","dateModified":"2025-11-26T05:18:23+00:00","description":"Scopri tutti i dettagli del prodotto.","breadcrumb":{"@id":"https:\/\/nimia.me\/es\/shop\/bijoux\/pulsera-nacarada-dorada\/#breadcrumb"},"inLanguage":"es","potentialAction":[{"@type":"ReadAction","target":["https:\/\/nimia.me\/es\/shop\/bijoux\/pulsera-nacarada-dorada\/"]}]},{"@type":"ImageObject","inLanguage":"es","@id":"https:\/\/nimia.me\/es\/shop\/bijoux\/pulsera-nacarada-dorada\/#primaryimage","url":"https:\/\/nimia.me\/wp-content\/uploads\/2025\/10\/BRACCIALE-MADREPERLA-indossato.jpeg","contentUrl":"https:\/\/nimia.me\/wp-content\/uploads\/2025\/10\/BRACCIALE-MADREPERLA-indossato.jpeg","width":855,"height":1024},{"@type":"BreadcrumbList","@id":"https:\/\/nimia.me\/es\/shop\/bijoux\/pulsera-nacarada-dorada\/#breadcrumb","itemListElement":[{"@type":"ListItem","position":1,"name":"Inicio","item":"https:\/\/nimia.me\/es\/"},{"@type":"ListItem","position":2,"name":"Tienda","item":"https:\/\/nimia.me\/es\/tienda\/"},{"@type":"ListItem","position":3,"name":"BIjoux","item":"https:\/\/nimia.me\/es\/prodotti\/bijoux\/"},{"@type":"ListItem","position":4,"name":"Pulsera nacarada dorada"}]},{"@type":"WebSite","@id":"https:\/\/nimia.me\/es\/#website","url":"https:\/\/nimia.me\/es\/","name":"Nimia","description":"","publisher":{"@id":"https:\/\/nimia.me\/es\/#organization"},"alternateName":"Nimia","potentialAction":[{"@type":"SearchAction","target":{"@type":"EntryPoint","urlTemplate":"https:\/\/nimia.me\/es\/?s={search_term_string}"},"query-input":{"@type":"PropertyValueSpecification","valueRequired":true,"valueName":"search_term_string"}}],"inLanguage":"es"},{"@type":"Organization","@id":"https:\/\/nimia.me\/es\/#organization","name":"Nimia","alternateName":"Nimia","url":"https:\/\/nimia.me\/es\/","logo":{"@type":"ImageObject","inLanguage":"es","@id":"https:\/\/nimia.me\/es\/#\/schema\/logo\/image\/","url":"https:\/\/nimia.me\/wp-content\/uploads\/2025\/07\/nimia-logo.webp","contentUrl":"https:\/\/nimia.me\/wp-content\/uploads\/2025\/07\/nimia-logo.webp","width":1297,"height":1297,"caption":"Nimia"},"image":{"@id":"https:\/\/nimia.me\/es\/#\/schema\/logo\/image\/"},"sameAs":["https:\/\/www.instagram.com\/nimia.shop\/"]}]}},"_links":{"self":[{"href":"https:\/\/nimia.me\/es\/wp-json\/wp\/v2\/product\/3530","targetHints":{"allow":["GET"]}}],"collection":[{"href":"https:\/\/nimia.me\/es\/wp-json\/wp\/v2\/product"}],"about":[{"href":"https:\/\/nimia.me\/es\/wp-json\/wp\/v2\/types\/product"}],"replies":[{"embeddable":true,"href":"https:\/\/nimia.me\/es\/wp-json\/wp\/v2\/comments?post=3530"}],"wp:featuredmedia":[{"embeddable":true,"href":"https:\/\/nimia.me\/es\/wp-json\/wp\/v2\/media\/2509"}],"wp:attachment":[{"href":"https:\/\/nimia.me\/es\/wp-json\/wp\/v2\/media?parent=3530"}],"wp:term":[{"taxonomy":"tipologia","embeddable":true,"href":"https:\/\/nimia.me\/es\/wp-json\/wp\/v2\/tipologia?post=3530"},{"taxonomy":"product_brand","embeddable":true,"href":"https:\/\/nimia.me\/es\/wp-json\/wp\/v2\/product_brand?post=3530"},{"taxonomy":"product_cat","embeddable":true,"href":"https:\/\/nimia.me\/es\/wp-json\/wp\/v2\/product_cat?post=3530"},{"taxonomy":"product_tag","embeddable":true,"href":"https:\/\/nimia.me\/es\/wp-json\/wp\/v2\/product_tag?post=3530"}],"curies":[{"name":"wp","href":"https:\/\/api.w.org\/{rel}","templated":true}]}}