{"id":2914,"date":"2025-11-24T16:28:29","date_gmt":"2025-11-24T15:28:29","guid":{"rendered":"https:\/\/nimia.me\/?post_type=product&#038;p=2914"},"modified":"2026-01-11T09:20:23","modified_gmt":"2026-01-11T08:20:23","slug":"gorro-de-polo-copia-copia-copia-copia-2","status":"publish","type":"product","link":"https:\/\/nimia.me\/es\/shop\/textil\/gorro-de-polo-copia-copia-copia-copia-2\/","title":{"rendered":"Cuadros irlandeses del siglo"},"content":{"rendered":"<p><em>Seleccionado por NIMIA<\/em><\/p>\n<p class=\"font-claude-response-body whitespace-normal break-words\">Tejida en el coraz\u00f3n de Irlanda, es una obra maestra inspirada en un producto fabricado hace 100 a\u00f1os y ahora h\u00e1bilmente reinterpretado.<\/p>\n<p class=\"font-claude-response-body whitespace-normal break-words\">100% lana virgen, este plaid presenta un rico tejido de colores vibrantes: amarillo dorado, turquesa intenso, burdeos intenso, violeta berenjena y verde bosque se funden en un estampado de cuadros caracter\u00edstico de Donegal. La textura sustancial proporciona calidez, mientras que la suavidad de la lana virgen ofrece un confort acogedor. Los flecos a\u00f1aden un toque de autenticidad artesanal.<\/p>\n<p class=\"font-claude-response-body whitespace-normal break-words\">Un regalo perfecto, impregnado de romanticismo y artesan\u00eda, portador de m\u00e1s de un siglo de tradici\u00f3n textil irlandesa.<\/p>\n","protected":false},"excerpt":{"rendered":"<p>Manta c\u00e1lida y suave hecha de lana virgen 100%. Excelencia en la fabricaci\u00f3n.<\/p>\n","protected":false},"featured_media":2931,"comment_status":"open","ping_status":"closed","template":"","meta":{"_acf_changed":false},"tipologia":[267],"product_brand":[],"product_cat":[215],"product_tag":[],"class_list":{"0":"post-2914","1":"product","2":"type-product","3":"status-publish","4":"has-post-thumbnail","6":"tipologia-plaid-es","7":"product_cat-textil","9":"first","10":"instock","11":"sale","12":"shipping-taxable","13":"purchasable","14":"product-type-simple"},"acf":[],"yoast_head":"<!-- This site is optimized with the Yoast SEO plugin v27.5 - https:\/\/yoast.com\/product\/yoast-seo-wordpress\/ -->\n<title>Cuadros irlandeses del siglo | Plaid | Nimia<\/title>\n<meta name=\"description\" content=\"Scopri tutti i dettagli del prodotto.\" \/>\n<meta name=\"robots\" content=\"index, follow, max-snippet:-1, max-image-preview:large, max-video-preview:-1\" \/>\n<link rel=\"canonical\" href=\"https:\/\/nimia.me\/es\/shop\/textil\/gorro-de-polo-copia-copia-copia-copia-2\/\" \/>\n<meta property=\"og:locale\" content=\"es_ES\" \/>\n<meta property=\"og:type\" content=\"article\" \/>\n<meta property=\"og:title\" content=\"Cuadros irlandeses del siglo | Plaid | Nimia\" \/>\n<meta property=\"og:description\" content=\"Scopri tutti i dettagli del prodotto.\" \/>\n<meta property=\"og:url\" content=\"https:\/\/nimia.me\/es\/shop\/textil\/gorro-de-polo-copia-copia-copia-copia-2\/\" \/>\n<meta property=\"og:site_name\" content=\"Nimia\" \/>\n<meta property=\"article:modified_time\" content=\"2026-01-11T08:20:23+00:00\" \/>\n<meta property=\"og:image\" content=\"https:\/\/nimia.me\/wp-content\/uploads\/2025\/11\/century-plaid.jpg\" \/>\n\t<meta property=\"og:image:width\" content=\"660\" \/>\n\t<meta property=\"og:image:height\" content=\"864\" \/>\n\t<meta property=\"og:image:type\" content=\"image\/jpeg\" \/>\n<meta name=\"twitter:card\" content=\"summary_large_image\" \/>\n<meta name=\"twitter:label1\" content=\"Tiempo de lectura\" \/>\n\t<meta name=\"twitter:data1\" content=\"1 minuto\" \/>\n<!-- \/ Yoast SEO plugin. -->","yoast_head_json":{"title":"Cuadros irlandeses del siglo | Plaid | Nimia","description":"Scopri tutti i dettagli del prodotto.","robots":{"index":"index","follow":"follow","max-snippet":"max-snippet:-1","max-image-preview":"max-image-preview:large","max-video-preview":"max-video-preview:-1"},"canonical":"https:\/\/nimia.me\/es\/shop\/textil\/gorro-de-polo-copia-copia-copia-copia-2\/","og_locale":"es_ES","og_type":"article","og_title":"Cuadros irlandeses del siglo | Plaid | Nimia","og_description":"Scopri tutti i dettagli del prodotto.","og_url":"https:\/\/nimia.me\/es\/shop\/textil\/gorro-de-polo-copia-copia-copia-copia-2\/","og_site_name":"Nimia","article_modified_time":"2026-01-11T08:20:23+00:00","og_image":[{"width":660,"height":864,"url":"https:\/\/nimia.me\/wp-content\/uploads\/2025\/11\/century-plaid.jpg","type":"image\/jpeg"}],"twitter_card":"summary_large_image","twitter_misc":{"Tiempo de lectura":"1 minuto"},"schema":{"@context":"https:\/\/schema.org","@graph":[{"@type":["WebPage","ItemPage"],"@id":"https:\/\/nimia.me\/es\/shop\/textil\/gorro-de-polo-copia-copia-copia-copia-2\/","url":"https:\/\/nimia.me\/es\/shop\/textil\/gorro-de-polo-copia-copia-copia-copia-2\/","name":"Cuadros irlandeses del siglo | Plaid | Nimia","isPartOf":{"@id":"https:\/\/nimia.me\/es\/#website"},"primaryImageOfPage":{"@id":"https:\/\/nimia.me\/es\/shop\/textil\/gorro-de-polo-copia-copia-copia-copia-2\/#primaryimage"},"image":{"@id":"https:\/\/nimia.me\/es\/shop\/textil\/gorro-de-polo-copia-copia-copia-copia-2\/#primaryimage"},"thumbnailUrl":"https:\/\/nimia.me\/wp-content\/uploads\/2025\/11\/century-plaid.jpg","datePublished":"2025-11-24T15:28:29+00:00","dateModified":"2026-01-11T08:20:23+00:00","description":"Scopri tutti i dettagli del prodotto.","breadcrumb":{"@id":"https:\/\/nimia.me\/es\/shop\/textil\/gorro-de-polo-copia-copia-copia-copia-2\/#breadcrumb"},"inLanguage":"es","potentialAction":[{"@type":"ReadAction","target":["https:\/\/nimia.me\/es\/shop\/textil\/gorro-de-polo-copia-copia-copia-copia-2\/"]}]},{"@type":"ImageObject","inLanguage":"es","@id":"https:\/\/nimia.me\/es\/shop\/textil\/gorro-de-polo-copia-copia-copia-copia-2\/#primaryimage","url":"https:\/\/nimia.me\/wp-content\/uploads\/2025\/11\/century-plaid.jpg","contentUrl":"https:\/\/nimia.me\/wp-content\/uploads\/2025\/11\/century-plaid.jpg","width":660,"height":864},{"@type":"BreadcrumbList","@id":"https:\/\/nimia.me\/es\/shop\/textil\/gorro-de-polo-copia-copia-copia-copia-2\/#breadcrumb","itemListElement":[{"@type":"ListItem","position":1,"name":"Inicio","item":"https:\/\/nimia.me\/es\/"},{"@type":"ListItem","position":2,"name":"Tienda","item":"https:\/\/nimia.me\/es\/tienda\/"},{"@type":"ListItem","position":3,"name":"Textil","item":"https:\/\/nimia.me\/es\/prodotti\/textil\/"},{"@type":"ListItem","position":4,"name":"Cuadros irlandeses del siglo"}]},{"@type":"WebSite","@id":"https:\/\/nimia.me\/es\/#website","url":"https:\/\/nimia.me\/es\/","name":"Nimia","description":"","publisher":{"@id":"https:\/\/nimia.me\/es\/#organization"},"alternateName":"Nimia","potentialAction":[{"@type":"SearchAction","target":{"@type":"EntryPoint","urlTemplate":"https:\/\/nimia.me\/es\/?s={search_term_string}"},"query-input":{"@type":"PropertyValueSpecification","valueRequired":true,"valueName":"search_term_string"}}],"inLanguage":"es"},{"@type":"Organization","@id":"https:\/\/nimia.me\/es\/#organization","name":"Nimia","alternateName":"Nimia","url":"https:\/\/nimia.me\/es\/","logo":{"@type":"ImageObject","inLanguage":"es","@id":"https:\/\/nimia.me\/es\/#\/schema\/logo\/image\/","url":"https:\/\/nimia.me\/wp-content\/uploads\/2025\/07\/nimia-logo.webp","contentUrl":"https:\/\/nimia.me\/wp-content\/uploads\/2025\/07\/nimia-logo.webp","width":1297,"height":1297,"caption":"Nimia"},"image":{"@id":"https:\/\/nimia.me\/es\/#\/schema\/logo\/image\/"},"sameAs":["https:\/\/www.instagram.com\/nimia.shop\/"]}]}},"_links":{"self":[{"href":"https:\/\/nimia.me\/es\/wp-json\/wp\/v2\/product\/2914","targetHints":{"allow":["GET"]}}],"collection":[{"href":"https:\/\/nimia.me\/es\/wp-json\/wp\/v2\/product"}],"about":[{"href":"https:\/\/nimia.me\/es\/wp-json\/wp\/v2\/types\/product"}],"replies":[{"embeddable":true,"href":"https:\/\/nimia.me\/es\/wp-json\/wp\/v2\/comments?post=2914"}],"wp:featuredmedia":[{"embeddable":true,"href":"https:\/\/nimia.me\/es\/wp-json\/wp\/v2\/media\/2931"}],"wp:attachment":[{"href":"https:\/\/nimia.me\/es\/wp-json\/wp\/v2\/media?parent=2914"}],"wp:term":[{"taxonomy":"tipologia","embeddable":true,"href":"https:\/\/nimia.me\/es\/wp-json\/wp\/v2\/tipologia?post=2914"},{"taxonomy":"product_brand","embeddable":true,"href":"https:\/\/nimia.me\/es\/wp-json\/wp\/v2\/product_brand?post=2914"},{"taxonomy":"product_cat","embeddable":true,"href":"https:\/\/nimia.me\/es\/wp-json\/wp\/v2\/product_cat?post=2914"},{"taxonomy":"product_tag","embeddable":true,"href":"https:\/\/nimia.me\/es\/wp-json\/wp\/v2\/product_tag?post=2914"}],"curies":[{"name":"wp","href":"https:\/\/api.w.org\/{rel}","templated":true}]}}