{"id":2704,"date":"2025-11-24T16:28:32","date_gmt":"2025-11-24T15:28:32","guid":{"rendered":"https:\/\/nimia.me\/?post_type=product&#038;p=2704"},"modified":"2026-01-07T11:12:07","modified_gmt":"2026-01-07T10:12:07","slug":"manta-flun-copia-2","status":"publish","type":"product","link":"https:\/\/nimia.me\/es\/shop\/textil\/manta-flun-copia-2\/","title":{"rendered":"C\u00e1lida tela escocesa irlandesa"},"content":{"rendered":"<p><em>Seleccionado por NIMIA<\/em><\/p>\n<p class=\"whitespace-normal break-words\">Envu\u00e9lvete en la calidez de este elegante plaid, fabricado \u00edntegramente con 100% pura lana virgen de cordero. Una obra maestra textil que combina artesan\u00eda centenaria y dise\u00f1o contempor\u00e1neo.<\/p>\n<p>Los elegantes flecos en los bordes son el toque final que da fe de la artesan\u00eda en la elaboraci\u00f3n.<\/p>\n<p class=\"text-xl font-bold text-text-100 mt-1 -mb-0.5\">El estampado geom\u00e9trico de bloques de color crea un juego de colores sofisticado y contempor\u00e1neo. El tejido en espiga a\u00f1ade profundidad y car\u00e1cter, haciendo de cada plaid una pieza \u00fanica que realza cualquier habitaci\u00f3n.<\/p>\n<p>&nbsp;<\/p>\n","protected":false},"excerpt":{"rendered":"<p>C\u00e1lida manta 100% lana de cordero irland\u00e9s. Excelente dise\u00f1o y mano de obra.<\/p>\n","protected":false},"featured_media":2719,"comment_status":"open","ping_status":"closed","template":"","meta":{"_acf_changed":false},"tipologia":[267],"product_brand":[],"product_cat":[215],"product_tag":[],"class_list":{"0":"post-2704","1":"product","2":"type-product","3":"status-publish","4":"has-post-thumbnail","6":"tipologia-plaid-es","7":"product_cat-textil","9":"first","10":"instock","11":"sale","12":"shipping-taxable","13":"purchasable","14":"product-type-variable"},"acf":[],"yoast_head":"<!-- This site is optimized with the Yoast SEO plugin v27.5 - https:\/\/yoast.com\/product\/yoast-seo-wordpress\/ -->\n<title>C\u00e1lida tela escocesa irlandesa | Plaid | Nimia<\/title>\n<meta name=\"description\" content=\"Scopri tutti i dettagli del prodotto.\" \/>\n<meta name=\"robots\" content=\"index, follow, max-snippet:-1, max-image-preview:large, max-video-preview:-1\" \/>\n<link rel=\"canonical\" href=\"https:\/\/nimia.me\/es\/shop\/textil\/manta-flun-copia-2\/\" \/>\n<meta property=\"og:locale\" content=\"es_ES\" \/>\n<meta property=\"og:type\" content=\"article\" \/>\n<meta property=\"og:title\" content=\"C\u00e1lida tela escocesa irlandesa | Plaid | Nimia\" \/>\n<meta property=\"og:description\" content=\"Scopri tutti i dettagli del prodotto.\" \/>\n<meta property=\"og:url\" content=\"https:\/\/nimia.me\/es\/shop\/textil\/manta-flun-copia-2\/\" \/>\n<meta property=\"og:site_name\" content=\"Nimia\" \/>\n<meta property=\"article:modified_time\" content=\"2026-01-07T10:12:07+00:00\" \/>\n<meta property=\"og:image\" content=\"https:\/\/nimia.me\/wp-content\/uploads\/2025\/11\/lambswool-pink.jpg\" \/>\n\t<meta property=\"og:image:width\" content=\"565\" \/>\n\t<meta property=\"og:image:height\" content=\"730\" \/>\n\t<meta property=\"og:image:type\" content=\"image\/jpeg\" \/>\n<meta name=\"twitter:card\" content=\"summary_large_image\" \/>\n<!-- \/ Yoast SEO plugin. -->","yoast_head_json":{"title":"C\u00e1lida tela escocesa irlandesa | Plaid | Nimia","description":"Scopri tutti i dettagli del prodotto.","robots":{"index":"index","follow":"follow","max-snippet":"max-snippet:-1","max-image-preview":"max-image-preview:large","max-video-preview":"max-video-preview:-1"},"canonical":"https:\/\/nimia.me\/es\/shop\/textil\/manta-flun-copia-2\/","og_locale":"es_ES","og_type":"article","og_title":"C\u00e1lida tela escocesa irlandesa | Plaid | Nimia","og_description":"Scopri tutti i dettagli del prodotto.","og_url":"https:\/\/nimia.me\/es\/shop\/textil\/manta-flun-copia-2\/","og_site_name":"Nimia","article_modified_time":"2026-01-07T10:12:07+00:00","og_image":[{"width":565,"height":730,"url":"https:\/\/nimia.me\/wp-content\/uploads\/2025\/11\/lambswool-pink.jpg","type":"image\/jpeg"}],"twitter_card":"summary_large_image","schema":{"@context":"https:\/\/schema.org","@graph":[{"@type":["WebPage","ItemPage"],"@id":"https:\/\/nimia.me\/es\/shop\/textil\/manta-flun-copia-2\/","url":"https:\/\/nimia.me\/es\/shop\/textil\/manta-flun-copia-2\/","name":"C\u00e1lida tela escocesa irlandesa | Plaid | Nimia","isPartOf":{"@id":"https:\/\/nimia.me\/es\/#website"},"primaryImageOfPage":{"@id":"https:\/\/nimia.me\/es\/shop\/textil\/manta-flun-copia-2\/#primaryimage"},"image":{"@id":"https:\/\/nimia.me\/es\/shop\/textil\/manta-flun-copia-2\/#primaryimage"},"thumbnailUrl":"https:\/\/nimia.me\/wp-content\/uploads\/2025\/11\/lambswool-pink.jpg","datePublished":"2025-11-24T15:28:32+00:00","dateModified":"2026-01-07T10:12:07+00:00","description":"Scopri tutti i dettagli del prodotto.","breadcrumb":{"@id":"https:\/\/nimia.me\/es\/shop\/textil\/manta-flun-copia-2\/#breadcrumb"},"inLanguage":"es","potentialAction":[{"@type":"ReadAction","target":["https:\/\/nimia.me\/es\/shop\/textil\/manta-flun-copia-2\/"]}]},{"@type":"ImageObject","inLanguage":"es","@id":"https:\/\/nimia.me\/es\/shop\/textil\/manta-flun-copia-2\/#primaryimage","url":"https:\/\/nimia.me\/wp-content\/uploads\/2025\/11\/lambswool-pink.jpg","contentUrl":"https:\/\/nimia.me\/wp-content\/uploads\/2025\/11\/lambswool-pink.jpg","width":565,"height":730},{"@type":"BreadcrumbList","@id":"https:\/\/nimia.me\/es\/shop\/textil\/manta-flun-copia-2\/#breadcrumb","itemListElement":[{"@type":"ListItem","position":1,"name":"Inicio","item":"https:\/\/nimia.me\/es\/"},{"@type":"ListItem","position":2,"name":"Tienda","item":"https:\/\/nimia.me\/es\/tienda\/"},{"@type":"ListItem","position":3,"name":"Textil","item":"https:\/\/nimia.me\/es\/prodotti\/textil\/"},{"@type":"ListItem","position":4,"name":"C\u00e1lida tela escocesa irlandesa"}]},{"@type":"WebSite","@id":"https:\/\/nimia.me\/es\/#website","url":"https:\/\/nimia.me\/es\/","name":"Nimia","description":"","publisher":{"@id":"https:\/\/nimia.me\/es\/#organization"},"alternateName":"Nimia","potentialAction":[{"@type":"SearchAction","target":{"@type":"EntryPoint","urlTemplate":"https:\/\/nimia.me\/es\/?s={search_term_string}"},"query-input":{"@type":"PropertyValueSpecification","valueRequired":true,"valueName":"search_term_string"}}],"inLanguage":"es"},{"@type":"Organization","@id":"https:\/\/nimia.me\/es\/#organization","name":"Nimia","alternateName":"Nimia","url":"https:\/\/nimia.me\/es\/","logo":{"@type":"ImageObject","inLanguage":"es","@id":"https:\/\/nimia.me\/es\/#\/schema\/logo\/image\/","url":"https:\/\/nimia.me\/wp-content\/uploads\/2025\/07\/nimia-logo.webp","contentUrl":"https:\/\/nimia.me\/wp-content\/uploads\/2025\/07\/nimia-logo.webp","width":1297,"height":1297,"caption":"Nimia"},"image":{"@id":"https:\/\/nimia.me\/es\/#\/schema\/logo\/image\/"},"sameAs":["https:\/\/www.instagram.com\/nimia.shop\/"]}]}},"_links":{"self":[{"href":"https:\/\/nimia.me\/es\/wp-json\/wp\/v2\/product\/2704","targetHints":{"allow":["GET"]}}],"collection":[{"href":"https:\/\/nimia.me\/es\/wp-json\/wp\/v2\/product"}],"about":[{"href":"https:\/\/nimia.me\/es\/wp-json\/wp\/v2\/types\/product"}],"replies":[{"embeddable":true,"href":"https:\/\/nimia.me\/es\/wp-json\/wp\/v2\/comments?post=2704"}],"wp:featuredmedia":[{"embeddable":true,"href":"https:\/\/nimia.me\/es\/wp-json\/wp\/v2\/media\/2719"}],"wp:attachment":[{"href":"https:\/\/nimia.me\/es\/wp-json\/wp\/v2\/media?parent=2704"}],"wp:term":[{"taxonomy":"tipologia","embeddable":true,"href":"https:\/\/nimia.me\/es\/wp-json\/wp\/v2\/tipologia?post=2704"},{"taxonomy":"product_brand","embeddable":true,"href":"https:\/\/nimia.me\/es\/wp-json\/wp\/v2\/product_brand?post=2704"},{"taxonomy":"product_cat","embeddable":true,"href":"https:\/\/nimia.me\/es\/wp-json\/wp\/v2\/product_cat?post=2704"},{"taxonomy":"product_tag","embeddable":true,"href":"https:\/\/nimia.me\/es\/wp-json\/wp\/v2\/product_tag?post=2704"}],"curies":[{"name":"wp","href":"https:\/\/api.w.org\/{rel}","templated":true}]}}