{"id":1763,"date":"2025-06-20T14:46:03","date_gmt":"2025-06-20T12:46:03","guid":{"rendered":"https:\/\/nimia.me\/shop\/sin%20categor\u00eda\/embrague-audry\/"},"modified":"2026-01-13T17:48:27","modified_gmt":"2026-01-13T16:48:27","slug":"embrague-audry","status":"publish","type":"product","link":"https:\/\/nimia.me\/es\/shop\/accesorios-de-moda\/embrague-audry\/","title":{"rendered":"Embrague Audry"},"content":{"rendered":"<p>Un clutch vers\u00e1til que tambi\u00e9n puede utilizarse como neceser; c\u00f3modo y estructurado, con una trabilla lateral para enganchar un cord\u00f3n de mu\u00f1eca. La cremallera de metal dorado tiene una invitaci\u00f3n de cord\u00f3n de cuero. El interior, totalmente forrado de algod\u00f3n, tiene un bolsillo con una etiqueta informativa. Todo el clutch es tono sobre tono.   <\/p>\n","protected":false},"excerpt":{"rendered":"<p>Embrague con cremallera en canva de algod\u00f3n. Fabricaci\u00f3n sartorial. <\/p>\n","protected":false},"featured_media":1174,"comment_status":"open","ping_status":"closed","template":"","meta":{"_acf_changed":false},"tipologia":[249],"product_brand":[],"product_cat":[197],"product_tag":[],"class_list":{"0":"post-1763","1":"product","2":"type-product","3":"status-publish","4":"has-post-thumbnail","6":"tipologia-clutch-pochette-beauty-case-es","7":"product_cat-accesorios-de-moda","9":"first","10":"instock","11":"shipping-taxable","12":"purchasable","13":"product-type-variable"},"acf":[],"yoast_head":"<!-- This site is optimized with the Yoast SEO plugin v27.5 - https:\/\/yoast.com\/product\/yoast-seo-wordpress\/ -->\n<title>Embrague Audry | Clutch \/ Pochette \/ Beauty Case | Nimia<\/title>\n<meta name=\"description\" content=\"Scopri tutti i dettagli del prodotto.\" \/>\n<meta name=\"robots\" content=\"index, follow, max-snippet:-1, max-image-preview:large, max-video-preview:-1\" \/>\n<link rel=\"canonical\" href=\"https:\/\/nimia.me\/es\/shop\/accesorios-de-moda\/embrague-audry\/\" \/>\n<meta property=\"og:locale\" content=\"es_ES\" \/>\n<meta property=\"og:type\" content=\"article\" \/>\n<meta property=\"og:title\" content=\"Embrague Audry | Clutch \/ Pochette \/ Beauty Case | Nimia\" \/>\n<meta property=\"og:description\" content=\"Scopri tutti i dettagli del prodotto.\" \/>\n<meta property=\"og:url\" content=\"https:\/\/nimia.me\/es\/shop\/accesorios-de-moda\/embrague-audry\/\" \/>\n<meta property=\"og:site_name\" content=\"Nimia\" \/>\n<meta property=\"article:modified_time\" content=\"2026-01-13T16:48:27+00:00\" \/>\n<meta property=\"og:image\" content=\"https:\/\/nimia.me\/wp-content\/uploads\/2025\/07\/Borsa-beige_piccola.jpg\" \/>\n\t<meta property=\"og:image:width\" content=\"1000\" \/>\n\t<meta property=\"og:image:height\" content=\"1000\" \/>\n\t<meta property=\"og:image:type\" content=\"image\/jpeg\" \/>\n<meta name=\"twitter:card\" content=\"summary_large_image\" \/>\n<!-- \/ Yoast SEO plugin. -->","yoast_head_json":{"title":"Embrague Audry | Clutch \/ Pochette \/ Beauty Case | Nimia","description":"Scopri tutti i dettagli del prodotto.","robots":{"index":"index","follow":"follow","max-snippet":"max-snippet:-1","max-image-preview":"max-image-preview:large","max-video-preview":"max-video-preview:-1"},"canonical":"https:\/\/nimia.me\/es\/shop\/accesorios-de-moda\/embrague-audry\/","og_locale":"es_ES","og_type":"article","og_title":"Embrague Audry | Clutch \/ Pochette \/ Beauty Case | Nimia","og_description":"Scopri tutti i dettagli del prodotto.","og_url":"https:\/\/nimia.me\/es\/shop\/accesorios-de-moda\/embrague-audry\/","og_site_name":"Nimia","article_modified_time":"2026-01-13T16:48:27+00:00","og_image":[{"width":1000,"height":1000,"url":"https:\/\/nimia.me\/wp-content\/uploads\/2025\/07\/Borsa-beige_piccola.jpg","type":"image\/jpeg"}],"twitter_card":"summary_large_image","schema":{"@context":"https:\/\/schema.org","@graph":[{"@type":["WebPage","ItemPage"],"@id":"https:\/\/nimia.me\/es\/shop\/accesorios-de-moda\/embrague-audry\/","url":"https:\/\/nimia.me\/es\/shop\/accesorios-de-moda\/embrague-audry\/","name":"Embrague Audry | Clutch \/ Pochette \/ Beauty Case | Nimia","isPartOf":{"@id":"https:\/\/nimia.me\/es\/#website"},"primaryImageOfPage":{"@id":"https:\/\/nimia.me\/es\/shop\/accesorios-de-moda\/embrague-audry\/#primaryimage"},"image":{"@id":"https:\/\/nimia.me\/es\/shop\/accesorios-de-moda\/embrague-audry\/#primaryimage"},"thumbnailUrl":"https:\/\/nimia.me\/wp-content\/uploads\/2025\/07\/Borsa-beige_piccola.jpg","datePublished":"2025-06-20T12:46:03+00:00","dateModified":"2026-01-13T16:48:27+00:00","description":"Scopri tutti i dettagli del prodotto.","breadcrumb":{"@id":"https:\/\/nimia.me\/es\/shop\/accesorios-de-moda\/embrague-audry\/#breadcrumb"},"inLanguage":"es","potentialAction":[{"@type":"ReadAction","target":["https:\/\/nimia.me\/es\/shop\/accesorios-de-moda\/embrague-audry\/"]}]},{"@type":"ImageObject","inLanguage":"es","@id":"https:\/\/nimia.me\/es\/shop\/accesorios-de-moda\/embrague-audry\/#primaryimage","url":"https:\/\/nimia.me\/wp-content\/uploads\/2025\/07\/Borsa-beige_piccola.jpg","contentUrl":"https:\/\/nimia.me\/wp-content\/uploads\/2025\/07\/Borsa-beige_piccola.jpg","width":1000,"height":1000,"caption":"Embrague con cremallera canva de algod\u00f3n beige"},{"@type":"BreadcrumbList","@id":"https:\/\/nimia.me\/es\/shop\/accesorios-de-moda\/embrague-audry\/#breadcrumb","itemListElement":[{"@type":"ListItem","position":1,"name":"Inicio","item":"https:\/\/nimia.me\/es\/"},{"@type":"ListItem","position":2,"name":"Tienda","item":"https:\/\/nimia.me\/es\/tienda\/"},{"@type":"ListItem","position":3,"name":"Accesorios de moda","item":"https:\/\/nimia.me\/es\/prodotti\/accesorios-de-moda\/"},{"@type":"ListItem","position":4,"name":"Embrague Audry"}]},{"@type":"WebSite","@id":"https:\/\/nimia.me\/es\/#website","url":"https:\/\/nimia.me\/es\/","name":"Nimia","description":"","publisher":{"@id":"https:\/\/nimia.me\/es\/#organization"},"alternateName":"Nimia","potentialAction":[{"@type":"SearchAction","target":{"@type":"EntryPoint","urlTemplate":"https:\/\/nimia.me\/es\/?s={search_term_string}"},"query-input":{"@type":"PropertyValueSpecification","valueRequired":true,"valueName":"search_term_string"}}],"inLanguage":"es"},{"@type":"Organization","@id":"https:\/\/nimia.me\/es\/#organization","name":"Nimia","alternateName":"Nimia","url":"https:\/\/nimia.me\/es\/","logo":{"@type":"ImageObject","inLanguage":"es","@id":"https:\/\/nimia.me\/es\/#\/schema\/logo\/image\/","url":"https:\/\/nimia.me\/wp-content\/uploads\/2025\/07\/nimia-logo.webp","contentUrl":"https:\/\/nimia.me\/wp-content\/uploads\/2025\/07\/nimia-logo.webp","width":1297,"height":1297,"caption":"Nimia"},"image":{"@id":"https:\/\/nimia.me\/es\/#\/schema\/logo\/image\/"},"sameAs":["https:\/\/www.instagram.com\/nimia.shop\/"]}]}},"_links":{"self":[{"href":"https:\/\/nimia.me\/es\/wp-json\/wp\/v2\/product\/1763","targetHints":{"allow":["GET"]}}],"collection":[{"href":"https:\/\/nimia.me\/es\/wp-json\/wp\/v2\/product"}],"about":[{"href":"https:\/\/nimia.me\/es\/wp-json\/wp\/v2\/types\/product"}],"replies":[{"embeddable":true,"href":"https:\/\/nimia.me\/es\/wp-json\/wp\/v2\/comments?post=1763"}],"wp:featuredmedia":[{"embeddable":true,"href":"https:\/\/nimia.me\/es\/wp-json\/wp\/v2\/media\/1174"}],"wp:attachment":[{"href":"https:\/\/nimia.me\/es\/wp-json\/wp\/v2\/media?parent=1763"}],"wp:term":[{"taxonomy":"tipologia","embeddable":true,"href":"https:\/\/nimia.me\/es\/wp-json\/wp\/v2\/tipologia?post=1763"},{"taxonomy":"product_brand","embeddable":true,"href":"https:\/\/nimia.me\/es\/wp-json\/wp\/v2\/product_brand?post=1763"},{"taxonomy":"product_cat","embeddable":true,"href":"https:\/\/nimia.me\/es\/wp-json\/wp\/v2\/product_cat?post=1763"},{"taxonomy":"product_tag","embeddable":true,"href":"https:\/\/nimia.me\/es\/wp-json\/wp\/v2\/product_tag?post=1763"}],"curies":[{"name":"wp","href":"https:\/\/api.w.org\/{rel}","templated":true}]}}