{"id":1750,"date":"2025-07-09T17:42:28","date_gmt":"2025-07-09T15:42:28","guid":{"rendered":"https:\/\/nimia.me\/shop\/sin%20categor\u00eda\/audry-btowel\/"},"modified":"2026-01-13T17:45:55","modified_gmt":"2026-01-13T16:45:55","slug":"audry-btowel","status":"publish","type":"product","link":"https:\/\/nimia.me\/es\/shop\/textil\/audry-btowel\/","title":{"rendered":"Audry BTowel"},"content":{"rendered":"<p>Toalla de playa grande de algod\u00f3n con doble acabado de alta calidad. Esta toalla de playa tiene una cara interior de rizo de algod\u00f3n para un secado r\u00e1pido y una m\u00e1xima absorci\u00f3n, mientras que la duradera cara exterior de lona de algod\u00f3n, decorada con un estampado de nido de abeja, es ideal para tomar el sol con comodidad. Toalla de playa suave y funcional, perfecta para tus vacaciones de verano  <\/p>\n","protected":false},"excerpt":{"rendered":"<p><span data-sheets-root=\"1\">Toalla de playa grande de suave rizo de algod\u00f3n con flecos. Doble acabado para mayor absorci\u00f3n.   <\/span><\/p>\n","protected":false},"featured_media":1924,"comment_status":"open","ping_status":"closed","template":"","meta":{"_acf_changed":false},"tipologia":[251],"product_brand":[],"product_cat":[215],"product_tag":[],"class_list":{"0":"post-1750","1":"product","2":"type-product","3":"status-publish","4":"has-post-thumbnail","6":"tipologia-toalla-de-playa","7":"product_cat-textil","9":"first","10":"instock","11":"shipping-taxable","12":"purchasable","13":"product-type-variable"},"acf":[],"yoast_head":"<!-- This site is optimized with the Yoast SEO plugin v27.5 - https:\/\/yoast.com\/product\/yoast-seo-wordpress\/ -->\n<title>Audry BTowel | Toalla de playa | Nimia<\/title>\n<meta name=\"description\" content=\"Scopri tutti i dettagli del prodotto.\" \/>\n<meta name=\"robots\" content=\"index, follow, max-snippet:-1, max-image-preview:large, max-video-preview:-1\" \/>\n<link rel=\"canonical\" href=\"https:\/\/nimia.me\/es\/shop\/textil\/audry-btowel\/\" \/>\n<meta property=\"og:locale\" content=\"es_ES\" \/>\n<meta property=\"og:type\" content=\"article\" \/>\n<meta property=\"og:title\" content=\"Audry BTowel | Toalla de playa | Nimia\" \/>\n<meta property=\"og:description\" content=\"Scopri tutti i dettagli del prodotto.\" \/>\n<meta property=\"og:url\" content=\"https:\/\/nimia.me\/es\/shop\/textil\/audry-btowel\/\" \/>\n<meta property=\"og:site_name\" content=\"Nimia\" \/>\n<meta property=\"article:modified_time\" content=\"2026-01-13T16:45:55+00:00\" \/>\n<meta property=\"og:image\" content=\"https:\/\/nimia.me\/wp-content\/uploads\/2025\/08\/Acquisizione-senza-titolo0120-scaled.jpeg\" \/>\n\t<meta property=\"og:image:width\" content=\"1706\" \/>\n\t<meta property=\"og:image:height\" content=\"2560\" \/>\n\t<meta property=\"og:image:type\" content=\"image\/jpeg\" \/>\n<meta name=\"twitter:card\" content=\"summary_large_image\" \/>\n<!-- \/ Yoast SEO plugin. -->","yoast_head_json":{"title":"Audry BTowel | Toalla de playa | Nimia","description":"Scopri tutti i dettagli del prodotto.","robots":{"index":"index","follow":"follow","max-snippet":"max-snippet:-1","max-image-preview":"max-image-preview:large","max-video-preview":"max-video-preview:-1"},"canonical":"https:\/\/nimia.me\/es\/shop\/textil\/audry-btowel\/","og_locale":"es_ES","og_type":"article","og_title":"Audry BTowel | Toalla de playa | Nimia","og_description":"Scopri tutti i dettagli del prodotto.","og_url":"https:\/\/nimia.me\/es\/shop\/textil\/audry-btowel\/","og_site_name":"Nimia","article_modified_time":"2026-01-13T16:45:55+00:00","og_image":[{"width":1706,"height":2560,"url":"https:\/\/nimia.me\/wp-content\/uploads\/2025\/08\/Acquisizione-senza-titolo0120-scaled.jpeg","type":"image\/jpeg"}],"twitter_card":"summary_large_image","schema":{"@context":"https:\/\/schema.org","@graph":[{"@type":["WebPage","ItemPage"],"@id":"https:\/\/nimia.me\/es\/shop\/textil\/audry-btowel\/","url":"https:\/\/nimia.me\/es\/shop\/textil\/audry-btowel\/","name":"Audry BTowel | Toalla de playa | Nimia","isPartOf":{"@id":"https:\/\/nimia.me\/es\/#website"},"primaryImageOfPage":{"@id":"https:\/\/nimia.me\/es\/shop\/textil\/audry-btowel\/#primaryimage"},"image":{"@id":"https:\/\/nimia.me\/es\/shop\/textil\/audry-btowel\/#primaryimage"},"thumbnailUrl":"https:\/\/nimia.me\/wp-content\/uploads\/2025\/08\/Acquisizione-senza-titolo0120-scaled.jpeg","datePublished":"2025-07-09T15:42:28+00:00","dateModified":"2026-01-13T16:45:55+00:00","description":"Scopri tutti i dettagli del prodotto.","breadcrumb":{"@id":"https:\/\/nimia.me\/es\/shop\/textil\/audry-btowel\/#breadcrumb"},"inLanguage":"es","potentialAction":[{"@type":"ReadAction","target":["https:\/\/nimia.me\/es\/shop\/textil\/audry-btowel\/"]}]},{"@type":"ImageObject","inLanguage":"es","@id":"https:\/\/nimia.me\/es\/shop\/textil\/audry-btowel\/#primaryimage","url":"https:\/\/nimia.me\/wp-content\/uploads\/2025\/08\/Acquisizione-senza-titolo0120-scaled.jpeg","contentUrl":"https:\/\/nimia.me\/wp-content\/uploads\/2025\/08\/Acquisizione-senza-titolo0120-scaled.jpeg","width":1706,"height":2560},{"@type":"BreadcrumbList","@id":"https:\/\/nimia.me\/es\/shop\/textil\/audry-btowel\/#breadcrumb","itemListElement":[{"@type":"ListItem","position":1,"name":"Inicio","item":"https:\/\/nimia.me\/es\/"},{"@type":"ListItem","position":2,"name":"Tienda","item":"https:\/\/nimia.me\/es\/tienda\/"},{"@type":"ListItem","position":3,"name":"Textil","item":"https:\/\/nimia.me\/es\/prodotti\/textil\/"},{"@type":"ListItem","position":4,"name":"Audry BTowel"}]},{"@type":"WebSite","@id":"https:\/\/nimia.me\/es\/#website","url":"https:\/\/nimia.me\/es\/","name":"Nimia","description":"","publisher":{"@id":"https:\/\/nimia.me\/es\/#organization"},"alternateName":"Nimia","potentialAction":[{"@type":"SearchAction","target":{"@type":"EntryPoint","urlTemplate":"https:\/\/nimia.me\/es\/?s={search_term_string}"},"query-input":{"@type":"PropertyValueSpecification","valueRequired":true,"valueName":"search_term_string"}}],"inLanguage":"es"},{"@type":"Organization","@id":"https:\/\/nimia.me\/es\/#organization","name":"Nimia","alternateName":"Nimia","url":"https:\/\/nimia.me\/es\/","logo":{"@type":"ImageObject","inLanguage":"es","@id":"https:\/\/nimia.me\/es\/#\/schema\/logo\/image\/","url":"https:\/\/nimia.me\/wp-content\/uploads\/2025\/07\/nimia-logo.webp","contentUrl":"https:\/\/nimia.me\/wp-content\/uploads\/2025\/07\/nimia-logo.webp","width":1297,"height":1297,"caption":"Nimia"},"image":{"@id":"https:\/\/nimia.me\/es\/#\/schema\/logo\/image\/"},"sameAs":["https:\/\/www.instagram.com\/nimia.shop\/"]}]}},"_links":{"self":[{"href":"https:\/\/nimia.me\/es\/wp-json\/wp\/v2\/product\/1750","targetHints":{"allow":["GET"]}}],"collection":[{"href":"https:\/\/nimia.me\/es\/wp-json\/wp\/v2\/product"}],"about":[{"href":"https:\/\/nimia.me\/es\/wp-json\/wp\/v2\/types\/product"}],"replies":[{"embeddable":true,"href":"https:\/\/nimia.me\/es\/wp-json\/wp\/v2\/comments?post=1750"}],"wp:featuredmedia":[{"embeddable":true,"href":"https:\/\/nimia.me\/es\/wp-json\/wp\/v2\/media\/1924"}],"wp:attachment":[{"href":"https:\/\/nimia.me\/es\/wp-json\/wp\/v2\/media?parent=1750"}],"wp:term":[{"taxonomy":"tipologia","embeddable":true,"href":"https:\/\/nimia.me\/es\/wp-json\/wp\/v2\/tipologia?post=1750"},{"taxonomy":"product_brand","embeddable":true,"href":"https:\/\/nimia.me\/es\/wp-json\/wp\/v2\/product_brand?post=1750"},{"taxonomy":"product_cat","embeddable":true,"href":"https:\/\/nimia.me\/es\/wp-json\/wp\/v2\/product_cat?post=1750"},{"taxonomy":"product_tag","embeddable":true,"href":"https:\/\/nimia.me\/es\/wp-json\/wp\/v2\/product_tag?post=1750"}],"curies":[{"name":"wp","href":"https:\/\/api.w.org\/{rel}","templated":true}]}}