{"id":1736,"date":"2025-06-29T17:13:22","date_gmt":"2025-06-29T15:13:22","guid":{"rendered":"https:\/\/nimia.me\/shop\/sin%20categor\u00eda\/bolsa-audry\/"},"modified":"2026-01-13T17:47:13","modified_gmt":"2026-01-13T16:47:13","slug":"bolsa-audry","status":"publish","type":"product","link":"https:\/\/nimia.me\/es\/shop\/accesorios-de-moda\/bolsa-audry\/","title":{"rendered":"Bolsa Audry"},"content":{"rendered":"<p><span data-sheets-root=\"1\">Bolsa espaciosa de algod\u00f3n canva; este tejido confiere al producto un equilibrio entre estructura y manejabilidad. El fondo ancho y las asas con cuerpo permiten utilizar la bolsa de forma \u00f3ptima y cerrarla con un bot\u00f3n magn\u00e9tico. En el interior hay un bolsillo en el que se aplica la etiqueta con informaci\u00f3n (composici\u00f3n y m\u00e9todo de lavado). Toda la bolsa es tono sobre tono.   <\/span><\/p>\n","protected":false},"excerpt":{"rendered":"<p><span data-sheets-root=\"1\">Bolso ancho en canva de algod\u00f3n. Fabricaci\u00f3n sartorial.   <\/span><\/p>\n","protected":false},"featured_media":1166,"comment_status":"open","ping_status":"closed","template":"","meta":{"_acf_changed":false},"tipologia":[243],"product_brand":[],"product_cat":[197],"product_tag":[],"class_list":{"0":"post-1736","1":"product","2":"type-product","3":"status-publish","4":"has-post-thumbnail","6":"tipologia-bolsa","7":"product_cat-accesorios-de-moda","9":"first","10":"instock","11":"shipping-taxable","12":"purchasable","13":"product-type-variable"},"acf":[],"yoast_head":"<!-- This site is optimized with the Yoast SEO plugin v27.5 - https:\/\/yoast.com\/product\/yoast-seo-wordpress\/ -->\n<title>Bolsa Audry | Bolsa | Nimia<\/title>\n<meta name=\"description\" content=\"Scopri tutti i dettagli del prodotto.\" \/>\n<meta name=\"robots\" content=\"index, follow, max-snippet:-1, max-image-preview:large, max-video-preview:-1\" \/>\n<link rel=\"canonical\" href=\"https:\/\/nimia.me\/es\/shop\/accesorios-de-moda\/bolsa-audry\/\" \/>\n<meta property=\"og:locale\" content=\"es_ES\" \/>\n<meta property=\"og:type\" content=\"article\" \/>\n<meta property=\"og:title\" content=\"Bolsa Audry | Bolsa | Nimia\" \/>\n<meta property=\"og:description\" content=\"Scopri tutti i dettagli del prodotto.\" \/>\n<meta property=\"og:url\" content=\"https:\/\/nimia.me\/es\/shop\/accesorios-de-moda\/bolsa-audry\/\" \/>\n<meta property=\"og:site_name\" content=\"Nimia\" \/>\n<meta property=\"article:modified_time\" content=\"2026-01-13T16:47:13+00:00\" \/>\n<meta property=\"og:image\" content=\"https:\/\/nimia.me\/wp-content\/uploads\/2025\/07\/Borsa-beige.jpg\" \/>\n\t<meta property=\"og:image:width\" content=\"1000\" \/>\n\t<meta property=\"og:image:height\" content=\"1000\" \/>\n\t<meta property=\"og:image:type\" content=\"image\/jpeg\" \/>\n<meta name=\"twitter:card\" content=\"summary_large_image\" \/>\n<!-- \/ Yoast SEO plugin. -->","yoast_head_json":{"title":"Bolsa Audry | Bolsa | Nimia","description":"Scopri tutti i dettagli del prodotto.","robots":{"index":"index","follow":"follow","max-snippet":"max-snippet:-1","max-image-preview":"max-image-preview:large","max-video-preview":"max-video-preview:-1"},"canonical":"https:\/\/nimia.me\/es\/shop\/accesorios-de-moda\/bolsa-audry\/","og_locale":"es_ES","og_type":"article","og_title":"Bolsa Audry | Bolsa | Nimia","og_description":"Scopri tutti i dettagli del prodotto.","og_url":"https:\/\/nimia.me\/es\/shop\/accesorios-de-moda\/bolsa-audry\/","og_site_name":"Nimia","article_modified_time":"2026-01-13T16:47:13+00:00","og_image":[{"width":1000,"height":1000,"url":"https:\/\/nimia.me\/wp-content\/uploads\/2025\/07\/Borsa-beige.jpg","type":"image\/jpeg"}],"twitter_card":"summary_large_image","schema":{"@context":"https:\/\/schema.org","@graph":[{"@type":["WebPage","ItemPage"],"@id":"https:\/\/nimia.me\/es\/shop\/accesorios-de-moda\/bolsa-audry\/","url":"https:\/\/nimia.me\/es\/shop\/accesorios-de-moda\/bolsa-audry\/","name":"Bolsa Audry | Bolsa | Nimia","isPartOf":{"@id":"https:\/\/nimia.me\/es\/#website"},"primaryImageOfPage":{"@id":"https:\/\/nimia.me\/es\/shop\/accesorios-de-moda\/bolsa-audry\/#primaryimage"},"image":{"@id":"https:\/\/nimia.me\/es\/shop\/accesorios-de-moda\/bolsa-audry\/#primaryimage"},"thumbnailUrl":"https:\/\/nimia.me\/wp-content\/uploads\/2025\/07\/Borsa-beige.jpg","datePublished":"2025-06-29T15:13:22+00:00","dateModified":"2026-01-13T16:47:13+00:00","description":"Scopri tutti i dettagli del prodotto.","breadcrumb":{"@id":"https:\/\/nimia.me\/es\/shop\/accesorios-de-moda\/bolsa-audry\/#breadcrumb"},"inLanguage":"es","potentialAction":[{"@type":"ReadAction","target":["https:\/\/nimia.me\/es\/shop\/accesorios-de-moda\/bolsa-audry\/"]}]},{"@type":"ImageObject","inLanguage":"es","@id":"https:\/\/nimia.me\/es\/shop\/accesorios-de-moda\/bolsa-audry\/#primaryimage","url":"https:\/\/nimia.me\/wp-content\/uploads\/2025\/07\/Borsa-beige.jpg","contentUrl":"https:\/\/nimia.me\/wp-content\/uploads\/2025\/07\/Borsa-beige.jpg","width":1000,"height":1000,"caption":"Bolsa ancha en canva de algod\u00f3n beige"},{"@type":"BreadcrumbList","@id":"https:\/\/nimia.me\/es\/shop\/accesorios-de-moda\/bolsa-audry\/#breadcrumb","itemListElement":[{"@type":"ListItem","position":1,"name":"Inicio","item":"https:\/\/nimia.me\/es\/"},{"@type":"ListItem","position":2,"name":"Tienda","item":"https:\/\/nimia.me\/es\/tienda\/"},{"@type":"ListItem","position":3,"name":"Accesorios de moda","item":"https:\/\/nimia.me\/es\/prodotti\/accesorios-de-moda\/"},{"@type":"ListItem","position":4,"name":"Bolsa Audry"}]},{"@type":"WebSite","@id":"https:\/\/nimia.me\/es\/#website","url":"https:\/\/nimia.me\/es\/","name":"Nimia","description":"","publisher":{"@id":"https:\/\/nimia.me\/es\/#organization"},"alternateName":"Nimia","potentialAction":[{"@type":"SearchAction","target":{"@type":"EntryPoint","urlTemplate":"https:\/\/nimia.me\/es\/?s={search_term_string}"},"query-input":{"@type":"PropertyValueSpecification","valueRequired":true,"valueName":"search_term_string"}}],"inLanguage":"es"},{"@type":"Organization","@id":"https:\/\/nimia.me\/es\/#organization","name":"Nimia","alternateName":"Nimia","url":"https:\/\/nimia.me\/es\/","logo":{"@type":"ImageObject","inLanguage":"es","@id":"https:\/\/nimia.me\/es\/#\/schema\/logo\/image\/","url":"https:\/\/nimia.me\/wp-content\/uploads\/2025\/07\/nimia-logo.webp","contentUrl":"https:\/\/nimia.me\/wp-content\/uploads\/2025\/07\/nimia-logo.webp","width":1297,"height":1297,"caption":"Nimia"},"image":{"@id":"https:\/\/nimia.me\/es\/#\/schema\/logo\/image\/"},"sameAs":["https:\/\/www.instagram.com\/nimia.shop\/"]}]}},"_links":{"self":[{"href":"https:\/\/nimia.me\/es\/wp-json\/wp\/v2\/product\/1736","targetHints":{"allow":["GET"]}}],"collection":[{"href":"https:\/\/nimia.me\/es\/wp-json\/wp\/v2\/product"}],"about":[{"href":"https:\/\/nimia.me\/es\/wp-json\/wp\/v2\/types\/product"}],"replies":[{"embeddable":true,"href":"https:\/\/nimia.me\/es\/wp-json\/wp\/v2\/comments?post=1736"}],"wp:featuredmedia":[{"embeddable":true,"href":"https:\/\/nimia.me\/es\/wp-json\/wp\/v2\/media\/1166"}],"wp:attachment":[{"href":"https:\/\/nimia.me\/es\/wp-json\/wp\/v2\/media?parent=1736"}],"wp:term":[{"taxonomy":"tipologia","embeddable":true,"href":"https:\/\/nimia.me\/es\/wp-json\/wp\/v2\/tipologia?post=1736"},{"taxonomy":"product_brand","embeddable":true,"href":"https:\/\/nimia.me\/es\/wp-json\/wp\/v2\/product_brand?post=1736"},{"taxonomy":"product_cat","embeddable":true,"href":"https:\/\/nimia.me\/es\/wp-json\/wp\/v2\/product_cat?post=1736"},{"taxonomy":"product_tag","embeddable":true,"href":"https:\/\/nimia.me\/es\/wp-json\/wp\/v2\/product_tag?post=1736"}],"curies":[{"name":"wp","href":"https:\/\/api.w.org\/{rel}","templated":true}]}}