{"id":3616,"date":"2025-11-17T09:36:27","date_gmt":"2025-11-17T08:36:27","guid":{"rendered":"https:\/\/nimia.me\/?post_type=product&#038;p=3616"},"modified":"2026-01-13T17:37:22","modified_gmt":"2026-01-13T16:37:22","slug":"audry-gift-box","status":"publish","type":"product","link":"https:\/\/nimia.me\/de\/shop\/mode-accessoires\/audry-gift-box\/","title":{"rendered":"Audry GIFT BOX"},"content":{"rendered":"<p class=\"font-claude-response-body whitespace-normal break-words\"><strong>AUDRY GIFT BOX<\/strong> enth\u00e4lt:<\/p>\n<p class=\"font-claude-response-body whitespace-normal break-words\"><strong>Audry <\/strong>Bag<strong>: <\/strong>ger\u00e4umige und vielseitige Canvas-Tasche aus Baumwolle mit breitem Boden und kr\u00e4ftigen Griffen. Ausgestattet mit einem Magnetverschluss und einer Innentasche mit Informationsetikett. Ton-in-Ton-Design, das Struktur und Zweckm\u00e4\u00dfigkeit vereint.  <\/p>\n<p class=\"font-claude-response-body whitespace-normal break-words\"><strong>Audry Clutch:<\/strong> elegante Clutch-Tasche, die auch als Beauty Case verwendet werden kann, mit goldenem Rei\u00dfverschluss und Lederdetails. Ausgestattet mit einer seitlichen Schlaufe f\u00fcr ein Band am Handgelenk und einer Innentasche. Vollst\u00e4ndig gef\u00fcttert mit Baumwolle, in raffiniertem Ton-in-Ton.  <\/p>\n<p class=\"font-claude-response-body whitespace-normal break-words\"><strong>Audry Btowel: <\/strong>gro\u00dfes, hochwertiges Handtuch mit doppelter Verarbeitung: weicher, saugf\u00e4higer Baumwollfrottee auf der Innenseite, Baumwollstoff mit elegantem Wabenmuster auf der Au\u00dfenseite. Perfekt f\u00fcr maximalen Komfort. <\/p>\n","protected":false},"excerpt":{"rendered":"<p>Die AUDRY GIFT BOX ist das perfekte Geschenk! Sie enth\u00e4lt eine Tasche, eine Clutch und ein Baumwollhandtuch zu einem Sonderpreis. <\/p>\n","protected":false},"featured_media":3812,"comment_status":"open","ping_status":"closed","template":"","meta":{"_acf_changed":false},"tipologia":[247,253,245],"product_brand":[],"product_cat":[201,231,371],"product_tag":[],"class_list":{"0":"post-3616","1":"product","2":"type-product","3":"status-publish","4":"has-post-thumbnail","6":"tipologia-clutch-pochette-beauty-case-de","7":"tipologia-strandtuch","8":"tipologia-tasche","9":"product_cat-mode-accessoires","10":"product_cat-textil-de","11":"product_cat-sonderpreis","13":"first","14":"instock","15":"sale","16":"shipping-taxable","17":"purchasable","18":"product-type-variable"},"acf":[],"yoast_head":"<!-- This site is optimized with the Yoast SEO plugin v27.5 - https:\/\/yoast.com\/product\/yoast-seo-wordpress\/ -->\n<title>Audry GIFT BOX | Clutch \/ Pochette \/ Beauty Case, Strandtuch, Tasche | Nimia<\/title>\n<meta name=\"description\" content=\"Scopri tutti i dettagli del prodotto.\" \/>\n<meta name=\"robots\" content=\"index, follow, max-snippet:-1, max-image-preview:large, max-video-preview:-1\" \/>\n<link rel=\"canonical\" href=\"https:\/\/nimia.me\/de\/shop\/mode-accessoires\/audry-gift-box\/\" \/>\n<meta property=\"og:locale\" content=\"de_DE\" \/>\n<meta property=\"og:type\" content=\"article\" \/>\n<meta property=\"og:title\" content=\"Audry GIFT BOX | Clutch \/ Pochette \/ Beauty Case, Strandtuch, Tasche | Nimia\" \/>\n<meta property=\"og:description\" content=\"Scopri tutti i dettagli del prodotto.\" \/>\n<meta property=\"og:url\" content=\"https:\/\/nimia.me\/de\/shop\/mode-accessoires\/audry-gift-box\/\" \/>\n<meta property=\"og:site_name\" content=\"Nimia\" \/>\n<meta property=\"article:modified_time\" content=\"2026-01-13T16:37:22+00:00\" \/>\n<meta property=\"og:image\" content=\"https:\/\/nimia.me\/wp-content\/uploads\/2025\/11\/AUDRY-BOX-SABBIA-new.jpg\" \/>\n\t<meta property=\"og:image:width\" content=\"1080\" \/>\n\t<meta property=\"og:image:height\" content=\"987\" \/>\n\t<meta property=\"og:image:type\" content=\"image\/jpeg\" \/>\n<meta name=\"twitter:card\" content=\"summary_large_image\" \/>\n<meta name=\"twitter:label1\" content=\"Gesch\u00e4tzte Lesezeit\" \/>\n\t<meta name=\"twitter:data1\" content=\"1\u00a0Minute\" \/>\n<!-- \/ Yoast SEO plugin. -->","yoast_head_json":{"title":"Audry GIFT BOX | Clutch \/ Pochette \/ Beauty Case, Strandtuch, Tasche | Nimia","description":"Scopri tutti i dettagli del prodotto.","robots":{"index":"index","follow":"follow","max-snippet":"max-snippet:-1","max-image-preview":"max-image-preview:large","max-video-preview":"max-video-preview:-1"},"canonical":"https:\/\/nimia.me\/de\/shop\/mode-accessoires\/audry-gift-box\/","og_locale":"de_DE","og_type":"article","og_title":"Audry GIFT BOX | Clutch \/ Pochette \/ Beauty Case, Strandtuch, Tasche | Nimia","og_description":"Scopri tutti i dettagli del prodotto.","og_url":"https:\/\/nimia.me\/de\/shop\/mode-accessoires\/audry-gift-box\/","og_site_name":"Nimia","article_modified_time":"2026-01-13T16:37:22+00:00","og_image":[{"width":1080,"height":987,"url":"https:\/\/nimia.me\/wp-content\/uploads\/2025\/11\/AUDRY-BOX-SABBIA-new.jpg","type":"image\/jpeg"}],"twitter_card":"summary_large_image","twitter_misc":{"Gesch\u00e4tzte Lesezeit":"1\u00a0Minute"},"schema":{"@context":"https:\/\/schema.org","@graph":[{"@type":["WebPage","ItemPage"],"@id":"https:\/\/nimia.me\/de\/shop\/mode-accessoires\/audry-gift-box\/","url":"https:\/\/nimia.me\/de\/shop\/mode-accessoires\/audry-gift-box\/","name":"Audry GIFT BOX | Clutch \/ Pochette \/ Beauty Case, Strandtuch, Tasche | Nimia","isPartOf":{"@id":"https:\/\/nimia.me\/de\/#website"},"primaryImageOfPage":{"@id":"https:\/\/nimia.me\/de\/shop\/mode-accessoires\/audry-gift-box\/#primaryimage"},"image":{"@id":"https:\/\/nimia.me\/de\/shop\/mode-accessoires\/audry-gift-box\/#primaryimage"},"thumbnailUrl":"https:\/\/nimia.me\/wp-content\/uploads\/2025\/11\/AUDRY-BOX-SABBIA-new.jpg","datePublished":"2025-11-17T08:36:27+00:00","dateModified":"2026-01-13T16:37:22+00:00","description":"Scopri tutti i dettagli del prodotto.","breadcrumb":{"@id":"https:\/\/nimia.me\/de\/shop\/mode-accessoires\/audry-gift-box\/#breadcrumb"},"inLanguage":"de","potentialAction":[{"@type":"ReadAction","target":["https:\/\/nimia.me\/de\/shop\/mode-accessoires\/audry-gift-box\/"]}]},{"@type":"ImageObject","inLanguage":"de","@id":"https:\/\/nimia.me\/de\/shop\/mode-accessoires\/audry-gift-box\/#primaryimage","url":"https:\/\/nimia.me\/wp-content\/uploads\/2025\/11\/AUDRY-BOX-SABBIA-new.jpg","contentUrl":"https:\/\/nimia.me\/wp-content\/uploads\/2025\/11\/AUDRY-BOX-SABBIA-new.jpg","width":1080,"height":987},{"@type":"BreadcrumbList","@id":"https:\/\/nimia.me\/de\/shop\/mode-accessoires\/audry-gift-box\/#breadcrumb","itemListElement":[{"@type":"ListItem","position":1,"name":"Startseite","item":"https:\/\/nimia.me\/de\/"},{"@type":"ListItem","position":2,"name":"Shop","item":"https:\/\/nimia.me\/de\/shop\/"},{"@type":"ListItem","position":3,"name":"Mode-Accessoires","item":"https:\/\/nimia.me\/de\/prodotti\/mode-accessoires\/"},{"@type":"ListItem","position":4,"name":"Audry GIFT BOX"}]},{"@type":"WebSite","@id":"https:\/\/nimia.me\/de\/#website","url":"https:\/\/nimia.me\/de\/","name":"Nimia","description":"","publisher":{"@id":"https:\/\/nimia.me\/de\/#organization"},"alternateName":"Nimia","potentialAction":[{"@type":"SearchAction","target":{"@type":"EntryPoint","urlTemplate":"https:\/\/nimia.me\/de\/?s={search_term_string}"},"query-input":{"@type":"PropertyValueSpecification","valueRequired":true,"valueName":"search_term_string"}}],"inLanguage":"de"},{"@type":"Organization","@id":"https:\/\/nimia.me\/de\/#organization","name":"Nimia","alternateName":"Nimia","url":"https:\/\/nimia.me\/de\/","logo":{"@type":"ImageObject","inLanguage":"de","@id":"https:\/\/nimia.me\/de\/#\/schema\/logo\/image\/","url":"https:\/\/nimia.me\/wp-content\/uploads\/2025\/07\/nimia-logo.webp","contentUrl":"https:\/\/nimia.me\/wp-content\/uploads\/2025\/07\/nimia-logo.webp","width":1297,"height":1297,"caption":"Nimia"},"image":{"@id":"https:\/\/nimia.me\/de\/#\/schema\/logo\/image\/"},"sameAs":["https:\/\/www.instagram.com\/nimia.shop\/"]}]}},"_links":{"self":[{"href":"https:\/\/nimia.me\/de\/wp-json\/wp\/v2\/product\/3616","targetHints":{"allow":["GET"]}}],"collection":[{"href":"https:\/\/nimia.me\/de\/wp-json\/wp\/v2\/product"}],"about":[{"href":"https:\/\/nimia.me\/de\/wp-json\/wp\/v2\/types\/product"}],"replies":[{"embeddable":true,"href":"https:\/\/nimia.me\/de\/wp-json\/wp\/v2\/comments?post=3616"}],"wp:featuredmedia":[{"embeddable":true,"href":"https:\/\/nimia.me\/de\/wp-json\/wp\/v2\/media\/3812"}],"wp:attachment":[{"href":"https:\/\/nimia.me\/de\/wp-json\/wp\/v2\/media?parent=3616"}],"wp:term":[{"taxonomy":"tipologia","embeddable":true,"href":"https:\/\/nimia.me\/de\/wp-json\/wp\/v2\/tipologia?post=3616"},{"taxonomy":"product_brand","embeddable":true,"href":"https:\/\/nimia.me\/de\/wp-json\/wp\/v2\/product_brand?post=3616"},{"taxonomy":"product_cat","embeddable":true,"href":"https:\/\/nimia.me\/de\/wp-json\/wp\/v2\/product_cat?post=3616"},{"taxonomy":"product_tag","embeddable":true,"href":"https:\/\/nimia.me\/de\/wp-json\/wp\/v2\/product_tag?post=3616"}],"curies":[{"name":"wp","href":"https:\/\/api.w.org\/{rel}","templated":true}]}}