{"id":3584,"date":"2025-11-24T16:28:33","date_gmt":"2025-11-24T15:28:33","guid":{"rendered":"https:\/\/nimia.me\/shop\/unkategorisiert\/goldene-quadrate-ohrringe\/"},"modified":"2025-11-24T16:28:33","modified_gmt":"2025-11-24T15:28:33","slug":"goldene-quadrate-ohrringe","status":"publish","type":"product","link":"https:\/\/nimia.me\/de\/shop\/bijoux\/goldene-quadrate-ohrringe\/","title":{"rendered":"Goldene Quadrate Ohrringe"},"content":{"rendered":"<p>Statement-Ohrringe mit geometrischem und modernem Design, aus Edelstahl mit gl\u00e4nzendem Goldfinish. Bestehend aus drei miteinander verbundenen, unregelm\u00e4\u00dfigen Rautenformen. <\/p>\n","protected":false},"excerpt":{"rendered":"<p>Ein Paar Ohrringe aus vergoldetem Edelstahl, leicht, hypoallergen und langlebig.<\/p>\n","protected":false},"featured_media":2668,"comment_status":"open","ping_status":"closed","template":"","meta":{"_acf_changed":false},"tipologia":[366],"product_brand":[],"product_cat":[326,201],"product_tag":[],"class_list":{"0":"post-3584","1":"product","2":"type-product","3":"status-publish","4":"has-post-thumbnail","6":"tipologia-ohrringe","7":"product_cat-bijoux","8":"product_cat-mode-accessoires","10":"first","11":"instock","12":"shipping-taxable","13":"purchasable","14":"product-type-simple"},"acf":[],"yoast_head":"<!-- This site is optimized with the Yoast SEO plugin v27.5 - https:\/\/yoast.com\/product\/yoast-seo-wordpress\/ -->\n<title>Goldene Quadrate Ohrringe | Ohrringe | Nimia<\/title>\n<meta name=\"description\" content=\"Scopri tutti i dettagli del prodotto.\" \/>\n<meta name=\"robots\" content=\"index, follow, max-snippet:-1, max-image-preview:large, max-video-preview:-1\" \/>\n<link rel=\"canonical\" href=\"https:\/\/nimia.me\/de\/shop\/bijoux\/goldene-quadrate-ohrringe\/\" \/>\n<meta property=\"og:locale\" content=\"de_DE\" \/>\n<meta property=\"og:type\" content=\"article\" \/>\n<meta property=\"og:title\" content=\"Goldene Quadrate Ohrringe | Ohrringe | Nimia\" \/>\n<meta property=\"og:description\" content=\"Scopri tutti i dettagli del prodotto.\" \/>\n<meta property=\"og:url\" content=\"https:\/\/nimia.me\/de\/shop\/bijoux\/goldene-quadrate-ohrringe\/\" \/>\n<meta property=\"og:site_name\" content=\"Nimia\" \/>\n<meta property=\"og:image\" content=\"https:\/\/nimia.me\/wp-content\/uploads\/2025\/11\/ORECCHINI-QUADRATI-scaled.jpg\" \/>\n\t<meta property=\"og:image:width\" content=\"1969\" \/>\n\t<meta property=\"og:image:height\" content=\"2560\" \/>\n\t<meta property=\"og:image:type\" content=\"image\/jpeg\" \/>\n<meta name=\"twitter:card\" content=\"summary_large_image\" \/>\n<!-- \/ Yoast SEO plugin. -->","yoast_head_json":{"title":"Goldene Quadrate Ohrringe | Ohrringe | Nimia","description":"Scopri tutti i dettagli del prodotto.","robots":{"index":"index","follow":"follow","max-snippet":"max-snippet:-1","max-image-preview":"max-image-preview:large","max-video-preview":"max-video-preview:-1"},"canonical":"https:\/\/nimia.me\/de\/shop\/bijoux\/goldene-quadrate-ohrringe\/","og_locale":"de_DE","og_type":"article","og_title":"Goldene Quadrate Ohrringe | Ohrringe | Nimia","og_description":"Scopri tutti i dettagli del prodotto.","og_url":"https:\/\/nimia.me\/de\/shop\/bijoux\/goldene-quadrate-ohrringe\/","og_site_name":"Nimia","og_image":[{"width":1969,"height":2560,"url":"https:\/\/nimia.me\/wp-content\/uploads\/2025\/11\/ORECCHINI-QUADRATI-scaled.jpg","type":"image\/jpeg"}],"twitter_card":"summary_large_image","schema":{"@context":"https:\/\/schema.org","@graph":[{"@type":["WebPage","ItemPage"],"@id":"https:\/\/nimia.me\/de\/shop\/bijoux\/goldene-quadrate-ohrringe\/","url":"https:\/\/nimia.me\/de\/shop\/bijoux\/goldene-quadrate-ohrringe\/","name":"Goldene Quadrate Ohrringe | Ohrringe | Nimia","isPartOf":{"@id":"https:\/\/nimia.me\/de\/#website"},"primaryImageOfPage":{"@id":"https:\/\/nimia.me\/de\/shop\/bijoux\/goldene-quadrate-ohrringe\/#primaryimage"},"image":{"@id":"https:\/\/nimia.me\/de\/shop\/bijoux\/goldene-quadrate-ohrringe\/#primaryimage"},"thumbnailUrl":"https:\/\/nimia.me\/wp-content\/uploads\/2025\/11\/ORECCHINI-QUADRATI-scaled.jpg","datePublished":"2025-11-24T15:28:33+00:00","description":"Scopri tutti i dettagli del prodotto.","breadcrumb":{"@id":"https:\/\/nimia.me\/de\/shop\/bijoux\/goldene-quadrate-ohrringe\/#breadcrumb"},"inLanguage":"de","potentialAction":[{"@type":"ReadAction","target":["https:\/\/nimia.me\/de\/shop\/bijoux\/goldene-quadrate-ohrringe\/"]}]},{"@type":"ImageObject","inLanguage":"de","@id":"https:\/\/nimia.me\/de\/shop\/bijoux\/goldene-quadrate-ohrringe\/#primaryimage","url":"https:\/\/nimia.me\/wp-content\/uploads\/2025\/11\/ORECCHINI-QUADRATI-scaled.jpg","contentUrl":"https:\/\/nimia.me\/wp-content\/uploads\/2025\/11\/ORECCHINI-QUADRATI-scaled.jpg","width":1969,"height":2560},{"@type":"BreadcrumbList","@id":"https:\/\/nimia.me\/de\/shop\/bijoux\/goldene-quadrate-ohrringe\/#breadcrumb","itemListElement":[{"@type":"ListItem","position":1,"name":"Startseite","item":"https:\/\/nimia.me\/de\/"},{"@type":"ListItem","position":2,"name":"Shop","item":"https:\/\/nimia.me\/de\/shop\/"},{"@type":"ListItem","position":3,"name":"Goldene Quadrate Ohrringe"}]},{"@type":"WebSite","@id":"https:\/\/nimia.me\/de\/#website","url":"https:\/\/nimia.me\/de\/","name":"Nimia","description":"","publisher":{"@id":"https:\/\/nimia.me\/de\/#organization"},"alternateName":"Nimia","potentialAction":[{"@type":"SearchAction","target":{"@type":"EntryPoint","urlTemplate":"https:\/\/nimia.me\/de\/?s={search_term_string}"},"query-input":{"@type":"PropertyValueSpecification","valueRequired":true,"valueName":"search_term_string"}}],"inLanguage":"de"},{"@type":"Organization","@id":"https:\/\/nimia.me\/de\/#organization","name":"Nimia","alternateName":"Nimia","url":"https:\/\/nimia.me\/de\/","logo":{"@type":"ImageObject","inLanguage":"de","@id":"https:\/\/nimia.me\/de\/#\/schema\/logo\/image\/","url":"https:\/\/nimia.me\/wp-content\/uploads\/2025\/07\/nimia-logo.webp","contentUrl":"https:\/\/nimia.me\/wp-content\/uploads\/2025\/07\/nimia-logo.webp","width":1297,"height":1297,"caption":"Nimia"},"image":{"@id":"https:\/\/nimia.me\/de\/#\/schema\/logo\/image\/"},"sameAs":["https:\/\/www.instagram.com\/nimia.shop\/"]}]}},"_links":{"self":[{"href":"https:\/\/nimia.me\/de\/wp-json\/wp\/v2\/product\/3584","targetHints":{"allow":["GET"]}}],"collection":[{"href":"https:\/\/nimia.me\/de\/wp-json\/wp\/v2\/product"}],"about":[{"href":"https:\/\/nimia.me\/de\/wp-json\/wp\/v2\/types\/product"}],"replies":[{"embeddable":true,"href":"https:\/\/nimia.me\/de\/wp-json\/wp\/v2\/comments?post=3584"}],"wp:featuredmedia":[{"embeddable":true,"href":"https:\/\/nimia.me\/de\/wp-json\/wp\/v2\/media\/2668"}],"wp:attachment":[{"href":"https:\/\/nimia.me\/de\/wp-json\/wp\/v2\/media?parent=3584"}],"wp:term":[{"taxonomy":"tipologia","embeddable":true,"href":"https:\/\/nimia.me\/de\/wp-json\/wp\/v2\/tipologia?post=3584"},{"taxonomy":"product_brand","embeddable":true,"href":"https:\/\/nimia.me\/de\/wp-json\/wp\/v2\/product_brand?post=3584"},{"taxonomy":"product_cat","embeddable":true,"href":"https:\/\/nimia.me\/de\/wp-json\/wp\/v2\/product_cat?post=3584"},{"taxonomy":"product_tag","embeddable":true,"href":"https:\/\/nimia.me\/de\/wp-json\/wp\/v2\/product_tag?post=3584"}],"curies":[{"name":"wp","href":"https:\/\/api.w.org\/{rel}","templated":true}]}}