{"id":3540,"date":"2025-11-24T16:28:48","date_gmt":"2025-11-24T15:28:48","guid":{"rendered":"https:\/\/nimia.me\/shop\/unkategorisiert\/goldene-spitze-halskette\/"},"modified":"2025-11-26T06:18:33","modified_gmt":"2025-11-26T05:18:33","slug":"goldene-spitze-halskette","status":"publish","type":"product","link":"https:\/\/nimia.me\/de\/shop\/bijoux\/goldene-spitze-halskette\/","title":{"rendered":"Goldene Spitze Halskette"},"content":{"rendered":"<p>Eine minimalistische und vielseitige Halskette mit einem essentiellen Design, hergestellt aus einem einzelnen Schlangendraht aus rostfreiem Stahl mit einer gl\u00e4nzenden goldenen Oberfl\u00e4che. Die ultraschlanke und flexible Struktur der langen Schnur erm\u00f6glicht unendliche Stylingm\u00f6glichkeiten: Sie kann lang getragen, mehrmals um den Hals gewickelt, geknotet oder frei fallen gelassen werden, wodurch jedes Mal ein anderer Look entsteht. <\/p>\n<p>Perfekt f\u00fcr alle, die raffinierte Schlichtheit und Vielseitigkeit lieben. Ideal, um sie allein f\u00fcr einen minimalistischen Look zu tragen oder \u00fcber andere Ketten f\u00fcr einen modernen Lageneffekt zu legen. <\/p>\n","protected":false},"excerpt":{"rendered":"<p>Halskette &#8216;Lace&#8217; aus vergoldetem Stahl. Eine lange Spitze zum Tragen als Halskette mit zahlreichen Stylingm\u00f6glichkeiten. <\/p>\n","protected":false},"featured_media":2523,"comment_status":"open","ping_status":"closed","template":"","meta":{"_acf_changed":false},"tipologia":[362],"product_brand":[],"product_cat":[326,201],"product_tag":[],"class_list":{"0":"post-3540","1":"product","2":"type-product","3":"status-publish","4":"has-post-thumbnail","6":"tipologia-halskette","7":"product_cat-bijoux","8":"product_cat-mode-accessoires","10":"first","11":"instock","12":"shipping-taxable","13":"purchasable","14":"product-type-simple"},"acf":[],"yoast_head":"<!-- This site is optimized with the Yoast SEO plugin v27.5 - https:\/\/yoast.com\/product\/yoast-seo-wordpress\/ -->\n<title>Goldene Spitze Halskette | Halskette | Nimia<\/title>\n<meta name=\"description\" content=\"Scopri tutti i dettagli del prodotto.\" \/>\n<meta name=\"robots\" content=\"index, follow, max-snippet:-1, max-image-preview:large, max-video-preview:-1\" \/>\n<link rel=\"canonical\" href=\"https:\/\/nimia.me\/de\/shop\/bijoux\/goldene-spitze-halskette\/\" \/>\n<meta property=\"og:locale\" content=\"de_DE\" \/>\n<meta property=\"og:type\" content=\"article\" \/>\n<meta property=\"og:title\" content=\"Goldene Spitze Halskette | Halskette | Nimia\" \/>\n<meta property=\"og:description\" content=\"Scopri tutti i dettagli del prodotto.\" \/>\n<meta property=\"og:url\" content=\"https:\/\/nimia.me\/de\/shop\/bijoux\/goldene-spitze-halskette\/\" \/>\n<meta property=\"og:site_name\" content=\"Nimia\" \/>\n<meta property=\"article:modified_time\" content=\"2025-11-26T05:18:33+00:00\" \/>\n<meta property=\"og:image\" content=\"https:\/\/nimia.me\/wp-content\/uploads\/2025\/10\/collana-laccio-modella.jpeg\" \/>\n\t<meta property=\"og:image:width\" content=\"896\" \/>\n\t<meta property=\"og:image:height\" content=\"1152\" \/>\n\t<meta property=\"og:image:type\" content=\"image\/jpeg\" \/>\n<meta name=\"twitter:card\" content=\"summary_large_image\" \/>\n<!-- \/ Yoast SEO plugin. -->","yoast_head_json":{"title":"Goldene Spitze Halskette | Halskette | Nimia","description":"Scopri tutti i dettagli del prodotto.","robots":{"index":"index","follow":"follow","max-snippet":"max-snippet:-1","max-image-preview":"max-image-preview:large","max-video-preview":"max-video-preview:-1"},"canonical":"https:\/\/nimia.me\/de\/shop\/bijoux\/goldene-spitze-halskette\/","og_locale":"de_DE","og_type":"article","og_title":"Goldene Spitze Halskette | Halskette | Nimia","og_description":"Scopri tutti i dettagli del prodotto.","og_url":"https:\/\/nimia.me\/de\/shop\/bijoux\/goldene-spitze-halskette\/","og_site_name":"Nimia","article_modified_time":"2025-11-26T05:18:33+00:00","og_image":[{"width":896,"height":1152,"url":"https:\/\/nimia.me\/wp-content\/uploads\/2025\/10\/collana-laccio-modella.jpeg","type":"image\/jpeg"}],"twitter_card":"summary_large_image","schema":{"@context":"https:\/\/schema.org","@graph":[{"@type":["WebPage","ItemPage"],"@id":"https:\/\/nimia.me\/de\/shop\/bijoux\/goldene-spitze-halskette\/","url":"https:\/\/nimia.me\/de\/shop\/bijoux\/goldene-spitze-halskette\/","name":"Goldene Spitze Halskette | Halskette | Nimia","isPartOf":{"@id":"https:\/\/nimia.me\/de\/#website"},"primaryImageOfPage":{"@id":"https:\/\/nimia.me\/de\/shop\/bijoux\/goldene-spitze-halskette\/#primaryimage"},"image":{"@id":"https:\/\/nimia.me\/de\/shop\/bijoux\/goldene-spitze-halskette\/#primaryimage"},"thumbnailUrl":"https:\/\/nimia.me\/wp-content\/uploads\/2025\/10\/collana-laccio-modella.jpeg","datePublished":"2025-11-24T15:28:48+00:00","dateModified":"2025-11-26T05:18:33+00:00","description":"Scopri tutti i dettagli del prodotto.","breadcrumb":{"@id":"https:\/\/nimia.me\/de\/shop\/bijoux\/goldene-spitze-halskette\/#breadcrumb"},"inLanguage":"de","potentialAction":[{"@type":"ReadAction","target":["https:\/\/nimia.me\/de\/shop\/bijoux\/goldene-spitze-halskette\/"]}]},{"@type":"ImageObject","inLanguage":"de","@id":"https:\/\/nimia.me\/de\/shop\/bijoux\/goldene-spitze-halskette\/#primaryimage","url":"https:\/\/nimia.me\/wp-content\/uploads\/2025\/10\/collana-laccio-modella.jpeg","contentUrl":"https:\/\/nimia.me\/wp-content\/uploads\/2025\/10\/collana-laccio-modella.jpeg","width":896,"height":1152},{"@type":"BreadcrumbList","@id":"https:\/\/nimia.me\/de\/shop\/bijoux\/goldene-spitze-halskette\/#breadcrumb","itemListElement":[{"@type":"ListItem","position":1,"name":"Startseite","item":"https:\/\/nimia.me\/de\/"},{"@type":"ListItem","position":2,"name":"Shop","item":"https:\/\/nimia.me\/de\/shop\/"},{"@type":"ListItem","position":3,"name":"BIjoux","item":"https:\/\/nimia.me\/de\/prodotti\/bijoux\/"},{"@type":"ListItem","position":4,"name":"Goldene Spitze Halskette"}]},{"@type":"WebSite","@id":"https:\/\/nimia.me\/de\/#website","url":"https:\/\/nimia.me\/de\/","name":"Nimia","description":"","publisher":{"@id":"https:\/\/nimia.me\/de\/#organization"},"alternateName":"Nimia","potentialAction":[{"@type":"SearchAction","target":{"@type":"EntryPoint","urlTemplate":"https:\/\/nimia.me\/de\/?s={search_term_string}"},"query-input":{"@type":"PropertyValueSpecification","valueRequired":true,"valueName":"search_term_string"}}],"inLanguage":"de"},{"@type":"Organization","@id":"https:\/\/nimia.me\/de\/#organization","name":"Nimia","alternateName":"Nimia","url":"https:\/\/nimia.me\/de\/","logo":{"@type":"ImageObject","inLanguage":"de","@id":"https:\/\/nimia.me\/de\/#\/schema\/logo\/image\/","url":"https:\/\/nimia.me\/wp-content\/uploads\/2025\/07\/nimia-logo.webp","contentUrl":"https:\/\/nimia.me\/wp-content\/uploads\/2025\/07\/nimia-logo.webp","width":1297,"height":1297,"caption":"Nimia"},"image":{"@id":"https:\/\/nimia.me\/de\/#\/schema\/logo\/image\/"},"sameAs":["https:\/\/www.instagram.com\/nimia.shop\/"]}]}},"_links":{"self":[{"href":"https:\/\/nimia.me\/de\/wp-json\/wp\/v2\/product\/3540","targetHints":{"allow":["GET"]}}],"collection":[{"href":"https:\/\/nimia.me\/de\/wp-json\/wp\/v2\/product"}],"about":[{"href":"https:\/\/nimia.me\/de\/wp-json\/wp\/v2\/types\/product"}],"replies":[{"embeddable":true,"href":"https:\/\/nimia.me\/de\/wp-json\/wp\/v2\/comments?post=3540"}],"wp:featuredmedia":[{"embeddable":true,"href":"https:\/\/nimia.me\/de\/wp-json\/wp\/v2\/media\/2523"}],"wp:attachment":[{"href":"https:\/\/nimia.me\/de\/wp-json\/wp\/v2\/media?parent=3540"}],"wp:term":[{"taxonomy":"tipologia","embeddable":true,"href":"https:\/\/nimia.me\/de\/wp-json\/wp\/v2\/tipologia?post=3540"},{"taxonomy":"product_brand","embeddable":true,"href":"https:\/\/nimia.me\/de\/wp-json\/wp\/v2\/product_brand?post=3540"},{"taxonomy":"product_cat","embeddable":true,"href":"https:\/\/nimia.me\/de\/wp-json\/wp\/v2\/product_cat?post=3540"},{"taxonomy":"product_tag","embeddable":true,"href":"https:\/\/nimia.me\/de\/wp-json\/wp\/v2\/product_tag?post=3540"}],"curies":[{"name":"wp","href":"https:\/\/api.w.org\/{rel}","templated":true}]}}