{"id":3526,"date":"2025-11-24T16:28:51","date_gmt":"2025-11-24T15:28:51","guid":{"rendered":"https:\/\/nimia.me\/shop\/unkategorisiert\/goldener-afrikanischer-stein-ring\/"},"modified":"2025-12-08T10:11:58","modified_gmt":"2025-12-08T09:11:58","slug":"goldener-afrikanischer-stein-ring","status":"publish","type":"product","link":"https:\/\/nimia.me\/de\/shop\/bijoux\/goldener-afrikanischer-stein-ring\/","title":{"rendered":"Goldener Afrikanischer Stein Ring"},"content":{"rendered":"<p>Ein minimalistischer, schicker Ring mit einem essentiellen Design, hergestellt aus Edelstahl mit goldenem Finish. In der offenen, verstellbaren Struktur befindet sich ein nat\u00fcrlicher afrikanischer T\u00fcrkisstein mit gr\u00fcnen, beigen und terrakottafarbenen Schattierungen, die jedes St\u00fcck einzigartig machen. Der Kontrast zwischen dem polierten Metall und dem organischen Stein schafft ein perfektes Gleichgewicht zwischen moderner Eleganz und Nat\u00fcrlichkeit.  <\/p>\n","protected":false},"excerpt":{"rendered":"<p>African Stone&#8217; Ring aus vergoldetem Edelstahl mit afrikanischem T\u00fcrkis. Einstellbare Gr\u00f6\u00dfe.<\/p>\n","protected":false},"featured_media":2417,"comment_status":"open","ping_status":"closed","template":"","meta":{"_acf_changed":false},"tipologia":[355],"product_brand":[],"product_cat":[326,201],"product_tag":[],"class_list":{"0":"post-3526","1":"product","2":"type-product","3":"status-publish","4":"has-post-thumbnail","6":"tipologia-ring","7":"product_cat-bijoux","8":"product_cat-mode-accessoires","10":"first","11":"instock","12":"shipping-taxable","13":"purchasable","14":"product-type-simple"},"acf":[],"yoast_head":"<!-- This site is optimized with the Yoast SEO plugin v27.5 - https:\/\/yoast.com\/product\/yoast-seo-wordpress\/ -->\n<title>Goldener Afrikanischer Stein Ring | Ring | Nimia<\/title>\n<meta name=\"description\" content=\"Scopri tutti i dettagli del prodotto.\" \/>\n<meta name=\"robots\" content=\"index, follow, max-snippet:-1, max-image-preview:large, max-video-preview:-1\" \/>\n<link rel=\"canonical\" href=\"https:\/\/nimia.me\/de\/shop\/bijoux\/goldener-afrikanischer-stein-ring\/\" \/>\n<meta property=\"og:locale\" content=\"de_DE\" \/>\n<meta property=\"og:type\" content=\"article\" \/>\n<meta property=\"og:title\" content=\"Goldener Afrikanischer Stein Ring | Ring | Nimia\" \/>\n<meta property=\"og:description\" content=\"Scopri tutti i dettagli del prodotto.\" \/>\n<meta property=\"og:url\" content=\"https:\/\/nimia.me\/de\/shop\/bijoux\/goldener-afrikanischer-stein-ring\/\" \/>\n<meta property=\"og:site_name\" content=\"Nimia\" \/>\n<meta property=\"article:modified_time\" content=\"2025-12-08T09:11:58+00:00\" \/>\n<meta property=\"og:image\" content=\"https:\/\/nimia.me\/wp-content\/uploads\/2025\/10\/ANELLO-PIETRA-VERDE-1-scaled.jpg\" \/>\n\t<meta property=\"og:image:width\" content=\"1968\" \/>\n\t<meta property=\"og:image:height\" content=\"2560\" \/>\n\t<meta property=\"og:image:type\" content=\"image\/jpeg\" \/>\n<meta name=\"twitter:card\" content=\"summary_large_image\" \/>\n<!-- \/ Yoast SEO plugin. -->","yoast_head_json":{"title":"Goldener Afrikanischer Stein Ring | Ring | Nimia","description":"Scopri tutti i dettagli del prodotto.","robots":{"index":"index","follow":"follow","max-snippet":"max-snippet:-1","max-image-preview":"max-image-preview:large","max-video-preview":"max-video-preview:-1"},"canonical":"https:\/\/nimia.me\/de\/shop\/bijoux\/goldener-afrikanischer-stein-ring\/","og_locale":"de_DE","og_type":"article","og_title":"Goldener Afrikanischer Stein Ring | Ring | Nimia","og_description":"Scopri tutti i dettagli del prodotto.","og_url":"https:\/\/nimia.me\/de\/shop\/bijoux\/goldener-afrikanischer-stein-ring\/","og_site_name":"Nimia","article_modified_time":"2025-12-08T09:11:58+00:00","og_image":[{"width":1968,"height":2560,"url":"https:\/\/nimia.me\/wp-content\/uploads\/2025\/10\/ANELLO-PIETRA-VERDE-1-scaled.jpg","type":"image\/jpeg"}],"twitter_card":"summary_large_image","schema":{"@context":"https:\/\/schema.org","@graph":[{"@type":["WebPage","ItemPage"],"@id":"https:\/\/nimia.me\/de\/shop\/bijoux\/goldener-afrikanischer-stein-ring\/","url":"https:\/\/nimia.me\/de\/shop\/bijoux\/goldener-afrikanischer-stein-ring\/","name":"Goldener Afrikanischer Stein Ring | Ring | Nimia","isPartOf":{"@id":"https:\/\/nimia.me\/de\/#website"},"primaryImageOfPage":{"@id":"https:\/\/nimia.me\/de\/shop\/bijoux\/goldener-afrikanischer-stein-ring\/#primaryimage"},"image":{"@id":"https:\/\/nimia.me\/de\/shop\/bijoux\/goldener-afrikanischer-stein-ring\/#primaryimage"},"thumbnailUrl":"https:\/\/nimia.me\/wp-content\/uploads\/2025\/10\/ANELLO-PIETRA-VERDE-1-scaled.jpg","datePublished":"2025-11-24T15:28:51+00:00","dateModified":"2025-12-08T09:11:58+00:00","description":"Scopri tutti i dettagli del prodotto.","breadcrumb":{"@id":"https:\/\/nimia.me\/de\/shop\/bijoux\/goldener-afrikanischer-stein-ring\/#breadcrumb"},"inLanguage":"de","potentialAction":[{"@type":"ReadAction","target":["https:\/\/nimia.me\/de\/shop\/bijoux\/goldener-afrikanischer-stein-ring\/"]}]},{"@type":"ImageObject","inLanguage":"de","@id":"https:\/\/nimia.me\/de\/shop\/bijoux\/goldener-afrikanischer-stein-ring\/#primaryimage","url":"https:\/\/nimia.me\/wp-content\/uploads\/2025\/10\/ANELLO-PIETRA-VERDE-1-scaled.jpg","contentUrl":"https:\/\/nimia.me\/wp-content\/uploads\/2025\/10\/ANELLO-PIETRA-VERDE-1-scaled.jpg","width":1968,"height":2560},{"@type":"BreadcrumbList","@id":"https:\/\/nimia.me\/de\/shop\/bijoux\/goldener-afrikanischer-stein-ring\/#breadcrumb","itemListElement":[{"@type":"ListItem","position":1,"name":"Startseite","item":"https:\/\/nimia.me\/de\/"},{"@type":"ListItem","position":2,"name":"Shop","item":"https:\/\/nimia.me\/de\/shop\/"},{"@type":"ListItem","position":3,"name":"BIjoux","item":"https:\/\/nimia.me\/de\/prodotti\/bijoux\/"},{"@type":"ListItem","position":4,"name":"Goldener Afrikanischer Stein Ring"}]},{"@type":"WebSite","@id":"https:\/\/nimia.me\/de\/#website","url":"https:\/\/nimia.me\/de\/","name":"Nimia","description":"","publisher":{"@id":"https:\/\/nimia.me\/de\/#organization"},"alternateName":"Nimia","potentialAction":[{"@type":"SearchAction","target":{"@type":"EntryPoint","urlTemplate":"https:\/\/nimia.me\/de\/?s={search_term_string}"},"query-input":{"@type":"PropertyValueSpecification","valueRequired":true,"valueName":"search_term_string"}}],"inLanguage":"de"},{"@type":"Organization","@id":"https:\/\/nimia.me\/de\/#organization","name":"Nimia","alternateName":"Nimia","url":"https:\/\/nimia.me\/de\/","logo":{"@type":"ImageObject","inLanguage":"de","@id":"https:\/\/nimia.me\/de\/#\/schema\/logo\/image\/","url":"https:\/\/nimia.me\/wp-content\/uploads\/2025\/07\/nimia-logo.webp","contentUrl":"https:\/\/nimia.me\/wp-content\/uploads\/2025\/07\/nimia-logo.webp","width":1297,"height":1297,"caption":"Nimia"},"image":{"@id":"https:\/\/nimia.me\/de\/#\/schema\/logo\/image\/"},"sameAs":["https:\/\/www.instagram.com\/nimia.shop\/"]}]}},"_links":{"self":[{"href":"https:\/\/nimia.me\/de\/wp-json\/wp\/v2\/product\/3526","targetHints":{"allow":["GET"]}}],"collection":[{"href":"https:\/\/nimia.me\/de\/wp-json\/wp\/v2\/product"}],"about":[{"href":"https:\/\/nimia.me\/de\/wp-json\/wp\/v2\/types\/product"}],"replies":[{"embeddable":true,"href":"https:\/\/nimia.me\/de\/wp-json\/wp\/v2\/comments?post=3526"}],"wp:featuredmedia":[{"embeddable":true,"href":"https:\/\/nimia.me\/de\/wp-json\/wp\/v2\/media\/2417"}],"wp:attachment":[{"href":"https:\/\/nimia.me\/de\/wp-json\/wp\/v2\/media?parent=3526"}],"wp:term":[{"taxonomy":"tipologia","embeddable":true,"href":"https:\/\/nimia.me\/de\/wp-json\/wp\/v2\/tipologia?post=3526"},{"taxonomy":"product_brand","embeddable":true,"href":"https:\/\/nimia.me\/de\/wp-json\/wp\/v2\/product_brand?post=3526"},{"taxonomy":"product_cat","embeddable":true,"href":"https:\/\/nimia.me\/de\/wp-json\/wp\/v2\/product_cat?post=3526"},{"taxonomy":"product_tag","embeddable":true,"href":"https:\/\/nimia.me\/de\/wp-json\/wp\/v2\/product_tag?post=3526"}],"curies":[{"name":"wp","href":"https:\/\/api.w.org\/{rel}","templated":true}]}}