{"id":3519,"date":"2025-11-24T16:28:54","date_gmt":"2025-11-24T15:28:54","guid":{"rendered":"https:\/\/nimia.me\/shop\/unkategorisiert\/goldener-donut-strass-ring\/"},"modified":"2025-12-19T09:40:49","modified_gmt":"2025-12-19T08:40:49","slug":"goldener-donut-strass-ring","status":"publish","type":"product","link":"https:\/\/nimia.me\/de\/shop\/bijoux\/goldener-donut-strass-ring\/","title":{"rendered":"Goldener Donut Strass Ring"},"content":{"rendered":"<p>Ein Statement-Ring mit glamour\u00f6sem und raffiniertem Design. Die Donutform ist vollst\u00e4ndig mit funkelnden goldenen Zirkonia besetzt. Das Kristallpav\u00e9 erzeugt einen leuchtenden und kostbaren Effekt, w\u00e4hrend das zentrale Loch der wichtigen Struktur Leichtigkeit verleiht. Aus Edelstahl mit goldenem Finish gefertigt, vereint sie Glanz und Widerstandsf\u00e4higkeit.  <\/p>\n","protected":false},"excerpt":{"rendered":"<p>Ring &#8216;Donut Strass&#8217; aus vergoldetem Edelstahl und Zirkonia: leicht und hypoallergen. Einstellbare Gr\u00f6\u00dfe.<\/p>\n","protected":false},"featured_media":2372,"comment_status":"open","ping_status":"closed","template":"","meta":{"_acf_changed":false},"tipologia":[355],"product_brand":[],"product_cat":[326,201],"product_tag":[],"class_list":{"0":"post-3519","1":"product","2":"type-product","3":"status-publish","4":"has-post-thumbnail","6":"tipologia-ring","7":"product_cat-bijoux","8":"product_cat-mode-accessoires","10":"first","11":"instock","12":"shipping-taxable","13":"purchasable","14":"product-type-simple"},"acf":[],"yoast_head":"<!-- This site is optimized with the Yoast SEO plugin v27.5 - https:\/\/yoast.com\/product\/yoast-seo-wordpress\/ -->\n<title>Goldener Donut Strass Ring | Ring | Nimia<\/title>\n<meta name=\"description\" content=\"Scopri tutti i dettagli del prodotto.\" \/>\n<meta name=\"robots\" content=\"index, follow, max-snippet:-1, max-image-preview:large, max-video-preview:-1\" \/>\n<link rel=\"canonical\" href=\"https:\/\/nimia.me\/de\/shop\/bijoux\/goldener-donut-strass-ring\/\" \/>\n<meta property=\"og:locale\" content=\"de_DE\" \/>\n<meta property=\"og:type\" content=\"article\" \/>\n<meta property=\"og:title\" content=\"Goldener Donut Strass Ring | Ring | Nimia\" \/>\n<meta property=\"og:description\" content=\"Scopri tutti i dettagli del prodotto.\" \/>\n<meta property=\"og:url\" content=\"https:\/\/nimia.me\/de\/shop\/bijoux\/goldener-donut-strass-ring\/\" \/>\n<meta property=\"og:site_name\" content=\"Nimia\" \/>\n<meta property=\"article:modified_time\" content=\"2025-12-19T08:40:49+00:00\" \/>\n<meta property=\"og:image\" content=\"https:\/\/nimia.me\/wp-content\/uploads\/2025\/10\/ANELLO-DONUT-ZIRCONI-2.jpeg\" \/>\n\t<meta property=\"og:image:width\" content=\"1206\" \/>\n\t<meta property=\"og:image:height\" content=\"1539\" \/>\n\t<meta property=\"og:image:type\" content=\"image\/jpeg\" \/>\n<meta name=\"twitter:card\" content=\"summary_large_image\" \/>\n<!-- \/ Yoast SEO plugin. -->","yoast_head_json":{"title":"Goldener Donut Strass Ring | Ring | Nimia","description":"Scopri tutti i dettagli del prodotto.","robots":{"index":"index","follow":"follow","max-snippet":"max-snippet:-1","max-image-preview":"max-image-preview:large","max-video-preview":"max-video-preview:-1"},"canonical":"https:\/\/nimia.me\/de\/shop\/bijoux\/goldener-donut-strass-ring\/","og_locale":"de_DE","og_type":"article","og_title":"Goldener Donut Strass Ring | Ring | Nimia","og_description":"Scopri tutti i dettagli del prodotto.","og_url":"https:\/\/nimia.me\/de\/shop\/bijoux\/goldener-donut-strass-ring\/","og_site_name":"Nimia","article_modified_time":"2025-12-19T08:40:49+00:00","og_image":[{"width":1206,"height":1539,"url":"https:\/\/nimia.me\/wp-content\/uploads\/2025\/10\/ANELLO-DONUT-ZIRCONI-2.jpeg","type":"image\/jpeg"}],"twitter_card":"summary_large_image","schema":{"@context":"https:\/\/schema.org","@graph":[{"@type":["WebPage","ItemPage"],"@id":"https:\/\/nimia.me\/de\/shop\/bijoux\/goldener-donut-strass-ring\/","url":"https:\/\/nimia.me\/de\/shop\/bijoux\/goldener-donut-strass-ring\/","name":"Goldener Donut Strass Ring | Ring | Nimia","isPartOf":{"@id":"https:\/\/nimia.me\/de\/#website"},"primaryImageOfPage":{"@id":"https:\/\/nimia.me\/de\/shop\/bijoux\/goldener-donut-strass-ring\/#primaryimage"},"image":{"@id":"https:\/\/nimia.me\/de\/shop\/bijoux\/goldener-donut-strass-ring\/#primaryimage"},"thumbnailUrl":"https:\/\/nimia.me\/wp-content\/uploads\/2025\/10\/ANELLO-DONUT-ZIRCONI-2.jpeg","datePublished":"2025-11-24T15:28:54+00:00","dateModified":"2025-12-19T08:40:49+00:00","description":"Scopri tutti i dettagli del prodotto.","breadcrumb":{"@id":"https:\/\/nimia.me\/de\/shop\/bijoux\/goldener-donut-strass-ring\/#breadcrumb"},"inLanguage":"de","potentialAction":[{"@type":"ReadAction","target":["https:\/\/nimia.me\/de\/shop\/bijoux\/goldener-donut-strass-ring\/"]}]},{"@type":"ImageObject","inLanguage":"de","@id":"https:\/\/nimia.me\/de\/shop\/bijoux\/goldener-donut-strass-ring\/#primaryimage","url":"https:\/\/nimia.me\/wp-content\/uploads\/2025\/10\/ANELLO-DONUT-ZIRCONI-2.jpeg","contentUrl":"https:\/\/nimia.me\/wp-content\/uploads\/2025\/10\/ANELLO-DONUT-ZIRCONI-2.jpeg","width":1206,"height":1539},{"@type":"BreadcrumbList","@id":"https:\/\/nimia.me\/de\/shop\/bijoux\/goldener-donut-strass-ring\/#breadcrumb","itemListElement":[{"@type":"ListItem","position":1,"name":"Startseite","item":"https:\/\/nimia.me\/de\/"},{"@type":"ListItem","position":2,"name":"Shop","item":"https:\/\/nimia.me\/de\/shop\/"},{"@type":"ListItem","position":3,"name":"Goldener Donut Strass Ring"}]},{"@type":"WebSite","@id":"https:\/\/nimia.me\/de\/#website","url":"https:\/\/nimia.me\/de\/","name":"Nimia","description":"","publisher":{"@id":"https:\/\/nimia.me\/de\/#organization"},"alternateName":"Nimia","potentialAction":[{"@type":"SearchAction","target":{"@type":"EntryPoint","urlTemplate":"https:\/\/nimia.me\/de\/?s={search_term_string}"},"query-input":{"@type":"PropertyValueSpecification","valueRequired":true,"valueName":"search_term_string"}}],"inLanguage":"de"},{"@type":"Organization","@id":"https:\/\/nimia.me\/de\/#organization","name":"Nimia","alternateName":"Nimia","url":"https:\/\/nimia.me\/de\/","logo":{"@type":"ImageObject","inLanguage":"de","@id":"https:\/\/nimia.me\/de\/#\/schema\/logo\/image\/","url":"https:\/\/nimia.me\/wp-content\/uploads\/2025\/07\/nimia-logo.webp","contentUrl":"https:\/\/nimia.me\/wp-content\/uploads\/2025\/07\/nimia-logo.webp","width":1297,"height":1297,"caption":"Nimia"},"image":{"@id":"https:\/\/nimia.me\/de\/#\/schema\/logo\/image\/"},"sameAs":["https:\/\/www.instagram.com\/nimia.shop\/"]}]}},"_links":{"self":[{"href":"https:\/\/nimia.me\/de\/wp-json\/wp\/v2\/product\/3519","targetHints":{"allow":["GET"]}}],"collection":[{"href":"https:\/\/nimia.me\/de\/wp-json\/wp\/v2\/product"}],"about":[{"href":"https:\/\/nimia.me\/de\/wp-json\/wp\/v2\/types\/product"}],"replies":[{"embeddable":true,"href":"https:\/\/nimia.me\/de\/wp-json\/wp\/v2\/comments?post=3519"}],"wp:featuredmedia":[{"embeddable":true,"href":"https:\/\/nimia.me\/de\/wp-json\/wp\/v2\/media\/2372"}],"wp:attachment":[{"href":"https:\/\/nimia.me\/de\/wp-json\/wp\/v2\/media?parent=3519"}],"wp:term":[{"taxonomy":"tipologia","embeddable":true,"href":"https:\/\/nimia.me\/de\/wp-json\/wp\/v2\/tipologia?post=3519"},{"taxonomy":"product_brand","embeddable":true,"href":"https:\/\/nimia.me\/de\/wp-json\/wp\/v2\/product_brand?post=3519"},{"taxonomy":"product_cat","embeddable":true,"href":"https:\/\/nimia.me\/de\/wp-json\/wp\/v2\/product_cat?post=3519"},{"taxonomy":"product_tag","embeddable":true,"href":"https:\/\/nimia.me\/de\/wp-json\/wp\/v2\/product_tag?post=3519"}],"curies":[{"name":"wp","href":"https:\/\/api.w.org\/{rel}","templated":true}]}}