{"id":2731,"date":"2025-11-24T16:28:31","date_gmt":"2025-11-24T15:28:31","guid":{"rendered":"https:\/\/nimia.me\/?post_type=product&#038;p=2731"},"modified":"2026-01-07T11:14:08","modified_gmt":"2026-01-07T10:14:08","slug":"flun-decke-copia-copia-2","status":"publish","type":"product","link":"https:\/\/nimia.me\/de\/shop\/textil-de\/flun-decke-copia-copia-2\/","title":{"rendered":"Mohair Irisch kariert"},"content":{"rendered":"<p><em>Selected by NIMIA<\/em><\/p>\n<p>Entdecken Sie die au\u00dfergew\u00f6hnliche Weichheit dieses raffinierten Plaids, in dem Farbharmonie herrscht.<\/p>\n<p>Kostbare Mischung: Hergestellt aus 70% Mohair und 30% reiner Schurwolle, stellt dieses Plaid die perfekte Balance zwischen Luxus und Funktionalit\u00e4t dar.<\/p>\n<p>Die edle Faser Mohair verleiht au\u00dfergew\u00f6hnliche Weichheit und einen unverwechselbaren seidigen Glanz, w\u00e4hrend die Schurwolle f\u00fcr W\u00e4rme und Haltbarkeit sorgt.<\/p>\n","protected":false},"excerpt":{"rendered":"<p>Warme Decke aus irischer Mohairwolle. Ausgezeichnetes Design und Verarbeitung.<\/p>\n","protected":false},"featured_media":2746,"comment_status":"open","ping_status":"closed","template":"","meta":{"_acf_changed":false},"tipologia":[269],"product_brand":[],"product_cat":[231],"product_tag":[],"class_list":{"0":"post-2731","1":"product","2":"type-product","3":"status-publish","4":"has-post-thumbnail","6":"tipologia-plaid-de","7":"product_cat-textil-de","9":"first","10":"instock","11":"sale","12":"shipping-taxable","13":"purchasable","14":"product-type-variable"},"acf":[],"yoast_head":"<!-- This site is optimized with the Yoast SEO plugin v27.5 - https:\/\/yoast.com\/product\/yoast-seo-wordpress\/ -->\n<title>Mohair Irisch kariert | Plaid | Nimia<\/title>\n<meta name=\"description\" content=\"Scopri tutti i dettagli del prodotto.\" \/>\n<meta name=\"robots\" content=\"index, follow, max-snippet:-1, max-image-preview:large, max-video-preview:-1\" \/>\n<link rel=\"canonical\" href=\"https:\/\/nimia.me\/de\/shop\/textil-de\/flun-decke-copia-copia-2\/\" \/>\n<meta property=\"og:locale\" content=\"de_DE\" \/>\n<meta property=\"og:type\" content=\"article\" \/>\n<meta property=\"og:title\" content=\"Mohair Irisch kariert | Plaid | Nimia\" \/>\n<meta property=\"og:description\" content=\"Scopri tutti i dettagli del prodotto.\" \/>\n<meta property=\"og:url\" content=\"https:\/\/nimia.me\/de\/shop\/textil-de\/flun-decke-copia-copia-2\/\" \/>\n<meta property=\"og:site_name\" content=\"Nimia\" \/>\n<meta property=\"article:modified_time\" content=\"2026-01-07T10:14:08+00:00\" \/>\n<meta property=\"og:image\" content=\"https:\/\/nimia.me\/wp-content\/uploads\/2025\/11\/pastel-stripe-mohair.jpg\" \/>\n\t<meta property=\"og:image:width\" content=\"607\" \/>\n\t<meta property=\"og:image:height\" content=\"780\" \/>\n\t<meta property=\"og:image:type\" content=\"image\/jpeg\" \/>\n<meta name=\"twitter:card\" content=\"summary_large_image\" \/>\n<!-- \/ Yoast SEO plugin. -->","yoast_head_json":{"title":"Mohair Irisch kariert | Plaid | Nimia","description":"Scopri tutti i dettagli del prodotto.","robots":{"index":"index","follow":"follow","max-snippet":"max-snippet:-1","max-image-preview":"max-image-preview:large","max-video-preview":"max-video-preview:-1"},"canonical":"https:\/\/nimia.me\/de\/shop\/textil-de\/flun-decke-copia-copia-2\/","og_locale":"de_DE","og_type":"article","og_title":"Mohair Irisch kariert | Plaid | Nimia","og_description":"Scopri tutti i dettagli del prodotto.","og_url":"https:\/\/nimia.me\/de\/shop\/textil-de\/flun-decke-copia-copia-2\/","og_site_name":"Nimia","article_modified_time":"2026-01-07T10:14:08+00:00","og_image":[{"width":607,"height":780,"url":"https:\/\/nimia.me\/wp-content\/uploads\/2025\/11\/pastel-stripe-mohair.jpg","type":"image\/jpeg"}],"twitter_card":"summary_large_image","schema":{"@context":"https:\/\/schema.org","@graph":[{"@type":["WebPage","ItemPage"],"@id":"https:\/\/nimia.me\/de\/shop\/textil-de\/flun-decke-copia-copia-2\/","url":"https:\/\/nimia.me\/de\/shop\/textil-de\/flun-decke-copia-copia-2\/","name":"Mohair Irisch kariert | Plaid | Nimia","isPartOf":{"@id":"https:\/\/nimia.me\/de\/#website"},"primaryImageOfPage":{"@id":"https:\/\/nimia.me\/de\/shop\/textil-de\/flun-decke-copia-copia-2\/#primaryimage"},"image":{"@id":"https:\/\/nimia.me\/de\/shop\/textil-de\/flun-decke-copia-copia-2\/#primaryimage"},"thumbnailUrl":"https:\/\/nimia.me\/wp-content\/uploads\/2025\/11\/pastel-stripe-mohair.jpg","datePublished":"2025-11-24T15:28:31+00:00","dateModified":"2026-01-07T10:14:08+00:00","description":"Scopri tutti i dettagli del prodotto.","breadcrumb":{"@id":"https:\/\/nimia.me\/de\/shop\/textil-de\/flun-decke-copia-copia-2\/#breadcrumb"},"inLanguage":"de","potentialAction":[{"@type":"ReadAction","target":["https:\/\/nimia.me\/de\/shop\/textil-de\/flun-decke-copia-copia-2\/"]}]},{"@type":"ImageObject","inLanguage":"de","@id":"https:\/\/nimia.me\/de\/shop\/textil-de\/flun-decke-copia-copia-2\/#primaryimage","url":"https:\/\/nimia.me\/wp-content\/uploads\/2025\/11\/pastel-stripe-mohair.jpg","contentUrl":"https:\/\/nimia.me\/wp-content\/uploads\/2025\/11\/pastel-stripe-mohair.jpg","width":607,"height":780},{"@type":"BreadcrumbList","@id":"https:\/\/nimia.me\/de\/shop\/textil-de\/flun-decke-copia-copia-2\/#breadcrumb","itemListElement":[{"@type":"ListItem","position":1,"name":"Startseite","item":"https:\/\/nimia.me\/de\/"},{"@type":"ListItem","position":2,"name":"Shop","item":"https:\/\/nimia.me\/de\/shop\/"},{"@type":"ListItem","position":3,"name":"Textil","item":"https:\/\/nimia.me\/de\/prodotti\/textil-de\/"},{"@type":"ListItem","position":4,"name":"Mohair Irisch kariert"}]},{"@type":"WebSite","@id":"https:\/\/nimia.me\/de\/#website","url":"https:\/\/nimia.me\/de\/","name":"Nimia","description":"","publisher":{"@id":"https:\/\/nimia.me\/de\/#organization"},"alternateName":"Nimia","potentialAction":[{"@type":"SearchAction","target":{"@type":"EntryPoint","urlTemplate":"https:\/\/nimia.me\/de\/?s={search_term_string}"},"query-input":{"@type":"PropertyValueSpecification","valueRequired":true,"valueName":"search_term_string"}}],"inLanguage":"de"},{"@type":"Organization","@id":"https:\/\/nimia.me\/de\/#organization","name":"Nimia","alternateName":"Nimia","url":"https:\/\/nimia.me\/de\/","logo":{"@type":"ImageObject","inLanguage":"de","@id":"https:\/\/nimia.me\/de\/#\/schema\/logo\/image\/","url":"https:\/\/nimia.me\/wp-content\/uploads\/2025\/07\/nimia-logo.webp","contentUrl":"https:\/\/nimia.me\/wp-content\/uploads\/2025\/07\/nimia-logo.webp","width":1297,"height":1297,"caption":"Nimia"},"image":{"@id":"https:\/\/nimia.me\/de\/#\/schema\/logo\/image\/"},"sameAs":["https:\/\/www.instagram.com\/nimia.shop\/"]}]}},"_links":{"self":[{"href":"https:\/\/nimia.me\/de\/wp-json\/wp\/v2\/product\/2731","targetHints":{"allow":["GET"]}}],"collection":[{"href":"https:\/\/nimia.me\/de\/wp-json\/wp\/v2\/product"}],"about":[{"href":"https:\/\/nimia.me\/de\/wp-json\/wp\/v2\/types\/product"}],"replies":[{"embeddable":true,"href":"https:\/\/nimia.me\/de\/wp-json\/wp\/v2\/comments?post=2731"}],"wp:featuredmedia":[{"embeddable":true,"href":"https:\/\/nimia.me\/de\/wp-json\/wp\/v2\/media\/2746"}],"wp:attachment":[{"href":"https:\/\/nimia.me\/de\/wp-json\/wp\/v2\/media?parent=2731"}],"wp:term":[{"taxonomy":"tipologia","embeddable":true,"href":"https:\/\/nimia.me\/de\/wp-json\/wp\/v2\/tipologia?post=2731"},{"taxonomy":"product_brand","embeddable":true,"href":"https:\/\/nimia.me\/de\/wp-json\/wp\/v2\/product_brand?post=2731"},{"taxonomy":"product_cat","embeddable":true,"href":"https:\/\/nimia.me\/de\/wp-json\/wp\/v2\/product_cat?post=2731"},{"taxonomy":"product_tag","embeddable":true,"href":"https:\/\/nimia.me\/de\/wp-json\/wp\/v2\/product_tag?post=2731"}],"curies":[{"name":"wp","href":"https:\/\/api.w.org\/{rel}","templated":true}]}}