{"id":1760,"date":"2025-07-09T17:42:28","date_gmt":"2025-07-09T15:42:28","guid":{"rendered":"https:\/\/nimia.me\/shop\/unkategorisiert\/audry-btowel\/"},"modified":"2026-01-13T17:46:00","modified_gmt":"2026-01-13T16:46:00","slug":"audry-btowel","status":"publish","type":"product","link":"https:\/\/nimia.me\/de\/shop\/textil-de\/audry-btowel\/","title":{"rendered":"Audry BTowel"},"content":{"rendered":"<p>Gro\u00dfes Strandhandtuch aus Baumwolle mit einer hochwertigen doppelten Verarbeitung. Dieses Strandtuch hat eine Innenseite aus Baumwollfrottee f\u00fcr schnelles Trocknen und maximale Saugf\u00e4higkeit, w\u00e4hrend die strapazierf\u00e4hige Au\u00dfenseite aus Baumwoll-Canvas mit Wabenmuster ideal f\u00fcr ein bequemes Sonnenbad ist. Weiches und funktionelles Strandhandtuch, perfekt f\u00fcr Ihren Sommerurlaub  <\/p>\n","protected":false},"excerpt":{"rendered":"<p><span data-sheets-root=\"1\">Gro\u00dfes Strandhandtuch aus weichem Baumwollfrottee mit Fransen. Doppelte Verarbeitung f\u00fcr zus\u00e4tzliche Saugf\u00e4higkeit.   <\/span><\/p>\n","protected":false},"featured_media":1923,"comment_status":"open","ping_status":"closed","template":"","meta":{"_acf_changed":false},"tipologia":[253],"product_brand":[],"product_cat":[231],"product_tag":[],"class_list":{"0":"post-1760","1":"product","2":"type-product","3":"status-publish","4":"has-post-thumbnail","6":"tipologia-strandtuch","7":"product_cat-textil-de","9":"first","10":"instock","11":"shipping-taxable","12":"purchasable","13":"product-type-variable"},"acf":[],"yoast_head":"<!-- This site is optimized with the Yoast SEO plugin v27.5 - https:\/\/yoast.com\/product\/yoast-seo-wordpress\/ -->\n<title>Audry BTowel | Strandtuch | Nimia<\/title>\n<meta name=\"description\" content=\"Scopri tutti i dettagli del prodotto.\" \/>\n<meta name=\"robots\" content=\"index, follow, max-snippet:-1, max-image-preview:large, max-video-preview:-1\" \/>\n<link rel=\"canonical\" href=\"https:\/\/nimia.me\/de\/shop\/textil-de\/audry-btowel\/\" \/>\n<meta property=\"og:locale\" content=\"de_DE\" \/>\n<meta property=\"og:type\" content=\"article\" \/>\n<meta property=\"og:title\" content=\"Audry BTowel | Strandtuch | Nimia\" \/>\n<meta property=\"og:description\" content=\"Scopri tutti i dettagli del prodotto.\" \/>\n<meta property=\"og:url\" content=\"https:\/\/nimia.me\/de\/shop\/textil-de\/audry-btowel\/\" \/>\n<meta property=\"og:site_name\" content=\"Nimia\" \/>\n<meta property=\"article:modified_time\" content=\"2026-01-13T16:46:00+00:00\" \/>\n<meta property=\"og:image\" content=\"https:\/\/nimia.me\/wp-content\/uploads\/2025\/08\/Acquisizione-senza-titolo0120-scaled.jpeg\" \/>\n\t<meta property=\"og:image:width\" content=\"1706\" \/>\n\t<meta property=\"og:image:height\" content=\"2560\" \/>\n\t<meta property=\"og:image:type\" content=\"image\/jpeg\" \/>\n<meta name=\"twitter:card\" content=\"summary_large_image\" \/>\n<!-- \/ Yoast SEO plugin. -->","yoast_head_json":{"title":"Audry BTowel | Strandtuch | Nimia","description":"Scopri tutti i dettagli del prodotto.","robots":{"index":"index","follow":"follow","max-snippet":"max-snippet:-1","max-image-preview":"max-image-preview:large","max-video-preview":"max-video-preview:-1"},"canonical":"https:\/\/nimia.me\/de\/shop\/textil-de\/audry-btowel\/","og_locale":"de_DE","og_type":"article","og_title":"Audry BTowel | Strandtuch | Nimia","og_description":"Scopri tutti i dettagli del prodotto.","og_url":"https:\/\/nimia.me\/de\/shop\/textil-de\/audry-btowel\/","og_site_name":"Nimia","article_modified_time":"2026-01-13T16:46:00+00:00","og_image":[{"width":1706,"height":2560,"url":"https:\/\/nimia.me\/wp-content\/uploads\/2025\/08\/Acquisizione-senza-titolo0120-scaled.jpeg","type":"image\/jpeg"}],"twitter_card":"summary_large_image","schema":{"@context":"https:\/\/schema.org","@graph":[{"@type":["WebPage","ItemPage"],"@id":"https:\/\/nimia.me\/de\/shop\/textil-de\/audry-btowel\/","url":"https:\/\/nimia.me\/de\/shop\/textil-de\/audry-btowel\/","name":"Audry BTowel | Strandtuch | Nimia","isPartOf":{"@id":"https:\/\/nimia.me\/de\/#website"},"primaryImageOfPage":{"@id":"https:\/\/nimia.me\/de\/shop\/textil-de\/audry-btowel\/#primaryimage"},"image":{"@id":"https:\/\/nimia.me\/de\/shop\/textil-de\/audry-btowel\/#primaryimage"},"thumbnailUrl":"https:\/\/nimia.me\/wp-content\/uploads\/2025\/08\/Acquisizione-senza-titolo0120-scaled.jpeg","datePublished":"2025-07-09T15:42:28+00:00","dateModified":"2026-01-13T16:46:00+00:00","description":"Scopri tutti i dettagli del prodotto.","breadcrumb":{"@id":"https:\/\/nimia.me\/de\/shop\/textil-de\/audry-btowel\/#breadcrumb"},"inLanguage":"de","potentialAction":[{"@type":"ReadAction","target":["https:\/\/nimia.me\/de\/shop\/textil-de\/audry-btowel\/"]}]},{"@type":"ImageObject","inLanguage":"de","@id":"https:\/\/nimia.me\/de\/shop\/textil-de\/audry-btowel\/#primaryimage","url":"https:\/\/nimia.me\/wp-content\/uploads\/2025\/08\/Acquisizione-senza-titolo0120-scaled.jpeg","contentUrl":"https:\/\/nimia.me\/wp-content\/uploads\/2025\/08\/Acquisizione-senza-titolo0120-scaled.jpeg","width":1706,"height":2560},{"@type":"BreadcrumbList","@id":"https:\/\/nimia.me\/de\/shop\/textil-de\/audry-btowel\/#breadcrumb","itemListElement":[{"@type":"ListItem","position":1,"name":"Startseite","item":"https:\/\/nimia.me\/de\/"},{"@type":"ListItem","position":2,"name":"Shop","item":"https:\/\/nimia.me\/de\/shop\/"},{"@type":"ListItem","position":3,"name":"Textil","item":"https:\/\/nimia.me\/de\/prodotti\/textil-de\/"},{"@type":"ListItem","position":4,"name":"Audry BTowel"}]},{"@type":"WebSite","@id":"https:\/\/nimia.me\/de\/#website","url":"https:\/\/nimia.me\/de\/","name":"Nimia","description":"","publisher":{"@id":"https:\/\/nimia.me\/de\/#organization"},"alternateName":"Nimia","potentialAction":[{"@type":"SearchAction","target":{"@type":"EntryPoint","urlTemplate":"https:\/\/nimia.me\/de\/?s={search_term_string}"},"query-input":{"@type":"PropertyValueSpecification","valueRequired":true,"valueName":"search_term_string"}}],"inLanguage":"de"},{"@type":"Organization","@id":"https:\/\/nimia.me\/de\/#organization","name":"Nimia","alternateName":"Nimia","url":"https:\/\/nimia.me\/de\/","logo":{"@type":"ImageObject","inLanguage":"de","@id":"https:\/\/nimia.me\/de\/#\/schema\/logo\/image\/","url":"https:\/\/nimia.me\/wp-content\/uploads\/2025\/07\/nimia-logo.webp","contentUrl":"https:\/\/nimia.me\/wp-content\/uploads\/2025\/07\/nimia-logo.webp","width":1297,"height":1297,"caption":"Nimia"},"image":{"@id":"https:\/\/nimia.me\/de\/#\/schema\/logo\/image\/"},"sameAs":["https:\/\/www.instagram.com\/nimia.shop\/"]}]}},"_links":{"self":[{"href":"https:\/\/nimia.me\/de\/wp-json\/wp\/v2\/product\/1760","targetHints":{"allow":["GET"]}}],"collection":[{"href":"https:\/\/nimia.me\/de\/wp-json\/wp\/v2\/product"}],"about":[{"href":"https:\/\/nimia.me\/de\/wp-json\/wp\/v2\/types\/product"}],"replies":[{"embeddable":true,"href":"https:\/\/nimia.me\/de\/wp-json\/wp\/v2\/comments?post=1760"}],"wp:featuredmedia":[{"embeddable":true,"href":"https:\/\/nimia.me\/de\/wp-json\/wp\/v2\/media\/1923"}],"wp:attachment":[{"href":"https:\/\/nimia.me\/de\/wp-json\/wp\/v2\/media?parent=1760"}],"wp:term":[{"taxonomy":"tipologia","embeddable":true,"href":"https:\/\/nimia.me\/de\/wp-json\/wp\/v2\/tipologia?post=1760"},{"taxonomy":"product_brand","embeddable":true,"href":"https:\/\/nimia.me\/de\/wp-json\/wp\/v2\/product_brand?post=1760"},{"taxonomy":"product_cat","embeddable":true,"href":"https:\/\/nimia.me\/de\/wp-json\/wp\/v2\/product_cat?post=1760"},{"taxonomy":"product_tag","embeddable":true,"href":"https:\/\/nimia.me\/de\/wp-json\/wp\/v2\/product_tag?post=1760"}],"curies":[{"name":"wp","href":"https:\/\/api.w.org\/{rel}","templated":true}]}}