{"id":1708,"date":"2025-07-09T18:05:05","date_gmt":"2025-07-09T16:05:05","guid":{"rendered":"https:\/\/nimia.me\/shop\/unkategorisiert\/polo-kupplung\/"},"modified":"2026-01-13T17:41:30","modified_gmt":"2026-01-13T16:41:30","slug":"polo-kupplung","status":"publish","type":"product","link":"https:\/\/nimia.me\/de\/shop\/mode-accessoires\/polo-kupplung\/","title":{"rendered":"Polo-Kupplung"},"content":{"rendered":"<p><span data-sheets-root=\"1\">Eine weiche und vielseitige gesteppte Clutch, die auch als Tablet-Tasche verwendet werden kann. Bequem und strukturiert mit einer seitlichen Schlaufe zur Befestigung einer Handgelenkschnur. Der goldene Metallrei\u00dfverschluss hat eine Lederschnur als Einladung. Das vollst\u00e4ndig mit Baumwolle gef\u00fctterte Innere verf\u00fcgt \u00fcber eine Tasche mit einem Informationsetikett. Die gesamte Clutch ist Ton-in-Ton gehalten.   <\/span><\/p>\n","protected":false},"excerpt":{"rendered":"<p><span data-sheets-root=\"1\">Gesteppte, ganz wei\u00dfe Clutch aus Baumwoll-Canvas. Sartoriale Herstellung. <\/span><\/p>\n","protected":false},"featured_media":1297,"comment_status":"open","ping_status":"closed","template":"","meta":{"_acf_changed":false},"tipologia":[247],"product_brand":[],"product_cat":[201],"product_tag":[],"class_list":{"0":"post-1708","1":"product","2":"type-product","3":"status-publish","4":"has-post-thumbnail","6":"tipologia-clutch-pochette-beauty-case-de","7":"product_cat-mode-accessoires","9":"first","10":"instock","11":"shipping-taxable","12":"purchasable","13":"product-type-simple"},"acf":[],"yoast_head":"<!-- This site is optimized with the Yoast SEO plugin v27.5 - https:\/\/yoast.com\/product\/yoast-seo-wordpress\/ -->\n<title>Polo-Kupplung | Clutch \/ Pochette \/ Beauty Case | Nimia<\/title>\n<meta name=\"description\" content=\"Scopri tutti i dettagli del prodotto.\" \/>\n<meta name=\"robots\" content=\"index, follow, max-snippet:-1, max-image-preview:large, max-video-preview:-1\" \/>\n<link rel=\"canonical\" href=\"https:\/\/nimia.me\/de\/shop\/mode-accessoires\/polo-kupplung\/\" \/>\n<meta property=\"og:locale\" content=\"de_DE\" \/>\n<meta property=\"og:type\" content=\"article\" \/>\n<meta property=\"og:title\" content=\"Polo-Kupplung | Clutch \/ Pochette \/ Beauty Case | Nimia\" \/>\n<meta property=\"og:description\" content=\"Scopri tutti i dettagli del prodotto.\" \/>\n<meta property=\"og:url\" content=\"https:\/\/nimia.me\/de\/shop\/mode-accessoires\/polo-kupplung\/\" \/>\n<meta property=\"og:site_name\" content=\"Nimia\" \/>\n<meta property=\"article:modified_time\" content=\"2026-01-13T16:41:30+00:00\" \/>\n<meta property=\"og:image\" content=\"https:\/\/nimia.me\/wp-content\/uploads\/2025\/07\/pochette-bianca.jpg\" \/>\n\t<meta property=\"og:image:width\" content=\"1000\" \/>\n\t<meta property=\"og:image:height\" content=\"1000\" \/>\n\t<meta property=\"og:image:type\" content=\"image\/jpeg\" \/>\n<meta name=\"twitter:card\" content=\"summary_large_image\" \/>\n<!-- \/ Yoast SEO plugin. -->","yoast_head_json":{"title":"Polo-Kupplung | Clutch \/ Pochette \/ Beauty Case | Nimia","description":"Scopri tutti i dettagli del prodotto.","robots":{"index":"index","follow":"follow","max-snippet":"max-snippet:-1","max-image-preview":"max-image-preview:large","max-video-preview":"max-video-preview:-1"},"canonical":"https:\/\/nimia.me\/de\/shop\/mode-accessoires\/polo-kupplung\/","og_locale":"de_DE","og_type":"article","og_title":"Polo-Kupplung | Clutch \/ Pochette \/ Beauty Case | Nimia","og_description":"Scopri tutti i dettagli del prodotto.","og_url":"https:\/\/nimia.me\/de\/shop\/mode-accessoires\/polo-kupplung\/","og_site_name":"Nimia","article_modified_time":"2026-01-13T16:41:30+00:00","og_image":[{"width":1000,"height":1000,"url":"https:\/\/nimia.me\/wp-content\/uploads\/2025\/07\/pochette-bianca.jpg","type":"image\/jpeg"}],"twitter_card":"summary_large_image","schema":{"@context":"https:\/\/schema.org","@graph":[{"@type":["WebPage","ItemPage"],"@id":"https:\/\/nimia.me\/de\/shop\/mode-accessoires\/polo-kupplung\/","url":"https:\/\/nimia.me\/de\/shop\/mode-accessoires\/polo-kupplung\/","name":"Polo-Kupplung | Clutch \/ Pochette \/ Beauty Case | Nimia","isPartOf":{"@id":"https:\/\/nimia.me\/de\/#website"},"primaryImageOfPage":{"@id":"https:\/\/nimia.me\/de\/shop\/mode-accessoires\/polo-kupplung\/#primaryimage"},"image":{"@id":"https:\/\/nimia.me\/de\/shop\/mode-accessoires\/polo-kupplung\/#primaryimage"},"thumbnailUrl":"https:\/\/nimia.me\/wp-content\/uploads\/2025\/07\/pochette-bianca.jpg","datePublished":"2025-07-09T16:05:05+00:00","dateModified":"2026-01-13T16:41:30+00:00","description":"Scopri tutti i dettagli del prodotto.","breadcrumb":{"@id":"https:\/\/nimia.me\/de\/shop\/mode-accessoires\/polo-kupplung\/#breadcrumb"},"inLanguage":"de","potentialAction":[{"@type":"ReadAction","target":["https:\/\/nimia.me\/de\/shop\/mode-accessoires\/polo-kupplung\/"]}]},{"@type":"ImageObject","inLanguage":"de","@id":"https:\/\/nimia.me\/de\/shop\/mode-accessoires\/polo-kupplung\/#primaryimage","url":"https:\/\/nimia.me\/wp-content\/uploads\/2025\/07\/pochette-bianca.jpg","contentUrl":"https:\/\/nimia.me\/wp-content\/uploads\/2025\/07\/pochette-bianca.jpg","width":1000,"height":1000,"caption":"Gesteppte Clutch in Wei\u00df aus Baumwoll-Canvas"},{"@type":"BreadcrumbList","@id":"https:\/\/nimia.me\/de\/shop\/mode-accessoires\/polo-kupplung\/#breadcrumb","itemListElement":[{"@type":"ListItem","position":1,"name":"Startseite","item":"https:\/\/nimia.me\/de\/"},{"@type":"ListItem","position":2,"name":"Shop","item":"https:\/\/nimia.me\/de\/shop\/"},{"@type":"ListItem","position":3,"name":"Mode-Accessoires","item":"https:\/\/nimia.me\/de\/prodotti\/mode-accessoires\/"},{"@type":"ListItem","position":4,"name":"Polo-Kupplung"}]},{"@type":"WebSite","@id":"https:\/\/nimia.me\/de\/#website","url":"https:\/\/nimia.me\/de\/","name":"Nimia","description":"","publisher":{"@id":"https:\/\/nimia.me\/de\/#organization"},"alternateName":"Nimia","potentialAction":[{"@type":"SearchAction","target":{"@type":"EntryPoint","urlTemplate":"https:\/\/nimia.me\/de\/?s={search_term_string}"},"query-input":{"@type":"PropertyValueSpecification","valueRequired":true,"valueName":"search_term_string"}}],"inLanguage":"de"},{"@type":"Organization","@id":"https:\/\/nimia.me\/de\/#organization","name":"Nimia","alternateName":"Nimia","url":"https:\/\/nimia.me\/de\/","logo":{"@type":"ImageObject","inLanguage":"de","@id":"https:\/\/nimia.me\/de\/#\/schema\/logo\/image\/","url":"https:\/\/nimia.me\/wp-content\/uploads\/2025\/07\/nimia-logo.webp","contentUrl":"https:\/\/nimia.me\/wp-content\/uploads\/2025\/07\/nimia-logo.webp","width":1297,"height":1297,"caption":"Nimia"},"image":{"@id":"https:\/\/nimia.me\/de\/#\/schema\/logo\/image\/"},"sameAs":["https:\/\/www.instagram.com\/nimia.shop\/"]}]}},"_links":{"self":[{"href":"https:\/\/nimia.me\/de\/wp-json\/wp\/v2\/product\/1708","targetHints":{"allow":["GET"]}}],"collection":[{"href":"https:\/\/nimia.me\/de\/wp-json\/wp\/v2\/product"}],"about":[{"href":"https:\/\/nimia.me\/de\/wp-json\/wp\/v2\/types\/product"}],"replies":[{"embeddable":true,"href":"https:\/\/nimia.me\/de\/wp-json\/wp\/v2\/comments?post=1708"}],"wp:featuredmedia":[{"embeddable":true,"href":"https:\/\/nimia.me\/de\/wp-json\/wp\/v2\/media\/1297"}],"wp:attachment":[{"href":"https:\/\/nimia.me\/de\/wp-json\/wp\/v2\/media?parent=1708"}],"wp:term":[{"taxonomy":"tipologia","embeddable":true,"href":"https:\/\/nimia.me\/de\/wp-json\/wp\/v2\/tipologia?post=1708"},{"taxonomy":"product_brand","embeddable":true,"href":"https:\/\/nimia.me\/de\/wp-json\/wp\/v2\/product_brand?post=1708"},{"taxonomy":"product_cat","embeddable":true,"href":"https:\/\/nimia.me\/de\/wp-json\/wp\/v2\/product_cat?post=1708"},{"taxonomy":"product_tag","embeddable":true,"href":"https:\/\/nimia.me\/de\/wp-json\/wp\/v2\/product_tag?post=1708"}],"curies":[{"name":"wp","href":"https:\/\/api.w.org\/{rel}","templated":true}]}}